{"id":974,"date":"2017-09-10T18:27:03","date_gmt":"2017-09-10T17:27:03","guid":{"rendered":"http:\/\/fofftein.fimotic.com\/?page_id=974"},"modified":"2017-09-10T18:27:03","modified_gmt":"2017-09-10T17:27:03","slug":"loch-pieksen","status":"publish","type":"page","link":"https:\/\/fofftein.fimotic.com\/?page_id=974","title":{"rendered":"Loch pieksen"},"content":{"rendered":"<p>BeimLoch in die Systemperle pieksen gibt es zwei Wege. Entweder hat man ein Tool, welches spitz anf\u00e4ngt und sich bis zum Durchmesser einer Systemperle verbreitert oder man ben\u00f6tigt Nadeln (oder \u00e4hnliches) in verschiedenen Gr\u00f6\u00dfen.<\/p>\n<p>Alles beginnt wie immer mit einer anst\u00e4ndig gerollten runden Perle.<img loading=\"lazy\" decoding=\"async\" class=\"alignnone size-full wp-image-988\" src=\"https:\/\/fofftein.fimotic.com\/wp-content\/uploads\/2017\/09\/Pieksen01.jpg\" alt=\"\" width=\"500\" height=\"475\" srcset=\"https:\/\/fofftein.fimotic.com\/wp-content\/uploads\/2017\/09\/Pieksen01.jpg 500w, https:\/\/fofftein.fimotic.com\/wp-content\/uploads\/2017\/09\/Pieksen01-300x285.jpg 300w\" sizes=\"auto, (max-width: 500px) 100vw, 500px\" \/><b><\/b><i><\/i><u><\/u><\/p>\n<p>Dazu noch ein Set von unterschiedlich dicken Nadeln, Zahnstochern, Schaschlikspie\u00dfen, Stricknadeln. Je geringer der Unterschied zwischen den einzelnen Nadeln, desto besser.<img loading=\"lazy\" decoding=\"async\" class=\"alignnone size-full wp-image-977\" src=\"https:\/\/fofftein.fimotic.com\/wp-content\/uploads\/2017\/09\/Pieksen03.jpg\" alt=\"\" width=\"500\" height=\"605\" srcset=\"https:\/\/fofftein.fimotic.com\/wp-content\/uploads\/2017\/09\/Pieksen03.jpg 500w, https:\/\/fofftein.fimotic.com\/wp-content\/uploads\/2017\/09\/Pieksen03-248x300.jpg 248w\" sizes=\"auto, (max-width: 500px) 100vw, 500px\" \/><b><\/b><i><\/i><u><\/u><\/p>\n<p>Ich beginne mit zwei d\u00fcnnen Nadeln aus Fimo-Nadelset.\u00a0<img loading=\"lazy\" decoding=\"async\" class=\"alignnone size-full wp-image-976\" src=\"https:\/\/fofftein.fimotic.com\/wp-content\/uploads\/2017\/09\/Pieksen02.jpg\" alt=\"\" width=\"500\" height=\"270\" srcset=\"https:\/\/fofftein.fimotic.com\/wp-content\/uploads\/2017\/09\/Pieksen02.jpg 500w, https:\/\/fofftein.fimotic.com\/wp-content\/uploads\/2017\/09\/Pieksen02-300x162.jpg 300w\" sizes=\"auto, (max-width: 500px) 100vw, 500px\" \/><\/p>\n<p>Erst eine Nadel in die eine Seite pieksen.<img loading=\"lazy\" decoding=\"async\" class=\"alignnone size-full wp-image-978\" src=\"https:\/\/fofftein.fimotic.com\/wp-content\/uploads\/2017\/09\/Pieksen04.jpg\" alt=\"\" width=\"500\" height=\"426\" srcset=\"https:\/\/fofftein.fimotic.com\/wp-content\/uploads\/2017\/09\/Pieksen04.jpg 500w, https:\/\/fofftein.fimotic.com\/wp-content\/uploads\/2017\/09\/Pieksen04-300x256.jpg 300w\" sizes=\"auto, (max-width: 500px) 100vw, 500px\" \/><\/p>\n<p>Und eine zweite Nadel genau gegen\u00fcber. <img loading=\"lazy\" decoding=\"async\" class=\"alignnone size-full wp-image-979\" src=\"https:\/\/fofftein.fimotic.com\/wp-content\/uploads\/2017\/09\/Pieksen05.jpg\" alt=\"\" width=\"500\" height=\"200\" srcset=\"https:\/\/fofftein.fimotic.com\/wp-content\/uploads\/2017\/09\/Pieksen05.jpg 500w, https:\/\/fofftein.fimotic.com\/wp-content\/uploads\/2017\/09\/Pieksen05-300x120.jpg 300w\" sizes=\"auto, (max-width: 500px) 100vw, 500px\" \/><\/p>\n<p>Einmal drehen, ob sie immer noch gegen\u00fcber stehen. Dann langsam mal die eine, mal die andere Nadel schiebend und drehend durch die Perle durch. Irgendwann nehme ich eine Nadel raus und mache nur mit einer Nadel weiter, bis ich auf der anderen Seite wieder heraus komme. Dadurch, da\u00df ich vorher immer die zweite Nadel zum zielen hatte, klappt es meistens, da\u00df sich die beiden Stichkan\u00e4le in der Mitte treffen.<img loading=\"lazy\" decoding=\"async\" class=\"alignnone size-full wp-image-980\" src=\"https:\/\/fofftein.fimotic.com\/wp-content\/uploads\/2017\/09\/Pieksen06.jpg\" alt=\"\" width=\"500\" height=\"250\" srcset=\"https:\/\/fofftein.fimotic.com\/wp-content\/uploads\/2017\/09\/Pieksen06.jpg 500w, https:\/\/fofftein.fimotic.com\/wp-content\/uploads\/2017\/09\/Pieksen06-300x150.jpg 300w\" sizes=\"auto, (max-width: 500px) 100vw, 500px\" \/><\/p>\n<p>Wenn ich durch bin, geht es mit der n\u00e4chst gr\u00f6\u00dferen Nadel weiter. Von einer Seite drehen und schieben, dann wieder von der anderen Seite. Und immer wieder die Seite wechseln, bis die Nadel durch ist. Ich bleibe im Stichkanal der ersten Nadel, er wird nur erweitert. Wenn ich auf der anderen Seite heraus gekommen bin, dann stehe ich die Nadel von dieser Seite nochmal hinein, das Loch sieht dann ordentlicher aus.<img loading=\"lazy\" decoding=\"async\" class=\"alignnone size-full wp-image-981\" src=\"https:\/\/fofftein.fimotic.com\/wp-content\/uploads\/2017\/09\/Pieksen07.jpg\" alt=\"\" width=\"500\" height=\"207\" srcset=\"https:\/\/fofftein.fimotic.com\/wp-content\/uploads\/2017\/09\/Pieksen07.jpg 500w, https:\/\/fofftein.fimotic.com\/wp-content\/uploads\/2017\/09\/Pieksen07-300x124.jpg 300w\" sizes=\"auto, (max-width: 500px) 100vw, 500px\" \/><\/p>\n<p>Als n\u00e4chstes nehme ich den Zahnstocher.<img loading=\"lazy\" decoding=\"async\" class=\"alignnone size-full wp-image-982\" src=\"https:\/\/fofftein.fimotic.com\/wp-content\/uploads\/2017\/09\/Pieksen08.jpg\" alt=\"\" width=\"500\" height=\"242\" srcset=\"https:\/\/fofftein.fimotic.com\/wp-content\/uploads\/2017\/09\/Pieksen08.jpg 500w, https:\/\/fofftein.fimotic.com\/wp-content\/uploads\/2017\/09\/Pieksen08-300x145.jpg 300w\" sizes=\"auto, (max-width: 500px) 100vw, 500px\" \/><\/p>\n<p>Dann einen Schaschlikspie\u00df. Der Unterschied ist hierbei recht gro\u00df, also ganz langsam und vorsichtig voran arbeiten.<img loading=\"lazy\" decoding=\"async\" class=\"alignnone size-full wp-image-983\" src=\"https:\/\/fofftein.fimotic.com\/wp-content\/uploads\/2017\/09\/Pieksen09.jpg\" alt=\"\" width=\"500\" height=\"236\" srcset=\"https:\/\/fofftein.fimotic.com\/wp-content\/uploads\/2017\/09\/Pieksen09.jpg 500w, https:\/\/fofftein.fimotic.com\/wp-content\/uploads\/2017\/09\/Pieksen09-300x142.jpg 300w\" sizes=\"auto, (max-width: 500px) 100vw, 500px\" \/><\/p>\n<p>Dann die kleinere meiner Stricknadeln.<img loading=\"lazy\" decoding=\"async\" class=\"alignnone size-full wp-image-984\" src=\"https:\/\/fofftein.fimotic.com\/wp-content\/uploads\/2017\/09\/Pieksen10.jpg\" alt=\"\" width=\"500\" height=\"177\" srcset=\"https:\/\/fofftein.fimotic.com\/wp-content\/uploads\/2017\/09\/Pieksen10.jpg 500w, https:\/\/fofftein.fimotic.com\/wp-content\/uploads\/2017\/09\/Pieksen10-300x106.jpg 300w\" sizes=\"auto, (max-width: 500px) 100vw, 500px\" \/><\/p>\n<p>Dann die 5mm Stricknadel.<img loading=\"lazy\" decoding=\"async\" class=\"alignnone size-full wp-image-985\" src=\"https:\/\/fofftein.fimotic.com\/wp-content\/uploads\/2017\/09\/Pieksen11.jpg\" alt=\"\" width=\"500\" height=\"264\" srcset=\"https:\/\/fofftein.fimotic.com\/wp-content\/uploads\/2017\/09\/Pieksen11.jpg 500w, https:\/\/fofftein.fimotic.com\/wp-content\/uploads\/2017\/09\/Pieksen11-300x158.jpg 300w\" sizes=\"auto, (max-width: 500px) 100vw, 500px\" \/><\/p>\n<p>Wenn ich durch bin, Perle wieder von der Nadel nehmen und von der anderen Seite die Nadel durch schieben bis die Perle auf der Nadel sitzt. dann von beiden Seiten \u00d6sen auf die Nadel schieben.\u00a0<img loading=\"lazy\" decoding=\"async\" class=\"alignnone size-full wp-image-986\" src=\"https:\/\/fofftein.fimotic.com\/wp-content\/uploads\/2017\/09\/Pieksen12.jpg\" alt=\"\" width=\"500\" height=\"262\" srcset=\"https:\/\/fofftein.fimotic.com\/wp-content\/uploads\/2017\/09\/Pieksen12.jpg 500w, https:\/\/fofftein.fimotic.com\/wp-content\/uploads\/2017\/09\/Pieksen12-300x157.jpg 300w\" sizes=\"auto, (max-width: 500px) 100vw, 500px\" \/><\/p>\n<p>Und die \u00d6sen von beiden Seiten gleichm\u00e4\u00dfig in die Perle schieben. Wenn die \u00d6sen etwas st\u00e4rker zusammen geschoben werden, dann werden die Enden flacher und die Perle bekommt etwas mehr Bauch.<img loading=\"lazy\" decoding=\"async\" class=\"alignnone size-full wp-image-987\" src=\"https:\/\/fofftein.fimotic.com\/wp-content\/uploads\/2017\/09\/Pieksen13.jpg\" alt=\"\" width=\"500\" height=\"385\" srcset=\"https:\/\/fofftein.fimotic.com\/wp-content\/uploads\/2017\/09\/Pieksen13.jpg 500w, https:\/\/fofftein.fimotic.com\/wp-content\/uploads\/2017\/09\/Pieksen13-300x231.jpg 300w\" sizes=\"auto, (max-width: 500px) 100vw, 500px\" \/><\/p>\n<p>Es gibt aber auch Tools, die langsam immer dicker werden. Hier fange ich von einer Seite an und dr\u00fccke, drehe mich in die Perle hinein. Aber nicht in einem St\u00fcck, sondern immer wieder das Tool heraus ziehen, Perle herum drehen und von der anderen Seite pieksen. Bis sich beide Stichkan\u00e4le (hoffentlich) treffen.\u00a0<img loading=\"lazy\" decoding=\"async\" class=\"alignnone size-full wp-image-990\" src=\"https:\/\/fofftein.fimotic.com\/wp-content\/uploads\/2017\/09\/Pieksen20.jpg\" alt=\"\" width=\"500\" height=\"248\" srcset=\"https:\/\/fofftein.fimotic.com\/wp-content\/uploads\/2017\/09\/Pieksen20.jpg 500w, https:\/\/fofftein.fimotic.com\/wp-content\/uploads\/2017\/09\/Pieksen20-300x149.jpg 300w\" sizes=\"auto, (max-width: 500px) 100vw, 500px\" \/><\/p>\n<p>Wenn ich durch bin, wird die Perle weiter auf den dickeren Teil des Tools geschoben. Auch dabei die Perle immer wieder ab nehmen und anders herum draufschieben. Man sieht es auf diesem Bild ganz gut, da\u00df die Perle links etwas spitzer wird und rechts eingedellt ist.<img loading=\"lazy\" decoding=\"async\" class=\"alignnone size-full wp-image-991\" src=\"https:\/\/fofftein.fimotic.com\/wp-content\/uploads\/2017\/09\/Pieksen21.jpg\" alt=\"\" width=\"500\" height=\"329\" srcset=\"https:\/\/fofftein.fimotic.com\/wp-content\/uploads\/2017\/09\/Pieksen21.jpg 500w, https:\/\/fofftein.fimotic.com\/wp-content\/uploads\/2017\/09\/Pieksen21-300x197.jpg 300w\" sizes=\"auto, (max-width: 500px) 100vw, 500px\" \/><\/p>\n<p>Wenn ich mich bis etwa zur Mitte vor gearbeitet habe, dann die Perle abnehmen und eine \u00d6se bis ans Ende schieben.<\/p>\n<p><img loading=\"lazy\" decoding=\"async\" class=\"alignnone size-full wp-image-992\" src=\"https:\/\/fofftein.fimotic.com\/wp-content\/uploads\/2017\/09\/Pieksen22.jpg\" alt=\"\" width=\"500\" height=\"277\" srcset=\"https:\/\/fofftein.fimotic.com\/wp-content\/uploads\/2017\/09\/Pieksen22.jpg 500w, https:\/\/fofftein.fimotic.com\/wp-content\/uploads\/2017\/09\/Pieksen22-300x166.jpg 300w\" sizes=\"auto, (max-width: 500px) 100vw, 500px\" \/><\/p>\n<p>Perle drehen und bis kurz vor die \u00d6se schieben.<img loading=\"lazy\" decoding=\"async\" class=\"alignnone size-full wp-image-993\" src=\"https:\/\/fofftein.fimotic.com\/wp-content\/uploads\/2017\/09\/Pieksen23.jpg\" alt=\"\" width=\"500\" height=\"183\" srcset=\"https:\/\/fofftein.fimotic.com\/wp-content\/uploads\/2017\/09\/Pieksen23.jpg 500w, https:\/\/fofftein.fimotic.com\/wp-content\/uploads\/2017\/09\/Pieksen23-300x110.jpg 300w\" sizes=\"auto, (max-width: 500px) 100vw, 500px\" \/><\/p>\n<p>Eine zweite \u00d6se auf das Tool schieben.<img loading=\"lazy\" decoding=\"async\" class=\"alignnone size-full wp-image-994\" src=\"https:\/\/fofftein.fimotic.com\/wp-content\/uploads\/2017\/09\/Pieksen24.jpg\" alt=\"\" width=\"500\" height=\"262\" srcset=\"https:\/\/fofftein.fimotic.com\/wp-content\/uploads\/2017\/09\/Pieksen24.jpg 500w, https:\/\/fofftein.fimotic.com\/wp-content\/uploads\/2017\/09\/Pieksen24-300x157.jpg 300w\" sizes=\"auto, (max-width: 500px) 100vw, 500px\" \/><\/p>\n<p>Und beide \u00d6sen gleichm\u00e4\u00dfig in die Perle schieben.<img loading=\"lazy\" decoding=\"async\" class=\"alignnone size-full wp-image-995\" src=\"https:\/\/fofftein.fimotic.com\/wp-content\/uploads\/2017\/09\/Pieksen25.jpg\" alt=\"\" width=\"500\" height=\"194\" srcset=\"https:\/\/fofftein.fimotic.com\/wp-content\/uploads\/2017\/09\/Pieksen25.jpg 500w, https:\/\/fofftein.fimotic.com\/wp-content\/uploads\/2017\/09\/Pieksen25-300x116.jpg 300w\" sizes=\"auto, (max-width: 500px) 100vw, 500px\" \/><\/p>\n<p>Fertige Perle vom Tool nehmen und backen.<img loading=\"lazy\" decoding=\"async\" class=\"alignnone size-full wp-image-996\" src=\"https:\/\/fofftein.fimotic.com\/wp-content\/uploads\/2017\/09\/Pieksen26.jpg\" alt=\"\" width=\"500\" height=\"264\" srcset=\"https:\/\/fofftein.fimotic.com\/wp-content\/uploads\/2017\/09\/Pieksen26.jpg 500w, https:\/\/fofftein.fimotic.com\/wp-content\/uploads\/2017\/09\/Pieksen26-300x158.jpg 300w\" sizes=\"auto, (max-width: 500px) 100vw, 500px\" \/><\/p>\n","protected":false},"excerpt":{"rendered":"<p>BeimLoch in die Systemperle pieksen gibt es zwei Wege. Entweder hat man ein Tool, welches spitz anf\u00e4ngt und sich bis zum Durchmesser einer Systemperle verbreitert oder man ben\u00f6tigt Nadeln (oder \u00e4hnliches) in verschiedenen Gr\u00f6\u00dfen. Alles beginnt wie immer mit einer &hellip; <a href=\"https:\/\/fofftein.fimotic.com\/?page_id=974\">Weiterlesen <span class=\"meta-nav\">&rarr;<\/span><\/a><\/p>\n","protected":false},"author":3,"featured_media":0,"parent":887,"menu_order":0,"comment_status":"closed","ping_status":"closed","template":"","meta":{"footnotes":""},"class_list":["post-974","page","type-page","status-publish","hentry"],"_links":{"self":[{"href":"https:\/\/fofftein.fimotic.com\/index.php?rest_route=\/wp\/v2\/pages\/974","targetHints":{"allow":["GET"]}}],"collection":[{"href":"https:\/\/fofftein.fimotic.com\/index.php?rest_route=\/wp\/v2\/pages"}],"about":[{"href":"https:\/\/fofftein.fimotic.com\/index.php?rest_route=\/wp\/v2\/types\/page"}],"author":[{"embeddable":true,"href":"https:\/\/fofftein.fimotic.com\/index.php?rest_route=\/wp\/v2\/users\/3"}],"replies":[{"embeddable":true,"href":"https:\/\/fofftein.fimotic.com\/index.php?rest_route=%2Fwp%2Fv2%2Fcomments&post=974"}],"version-history":[{"count":3,"href":"https:\/\/fofftein.fimotic.com\/index.php?rest_route=\/wp\/v2\/pages\/974\/revisions"}],"predecessor-version":[{"id":998,"href":"https:\/\/fofftein.fimotic.com\/index.php?rest_route=\/wp\/v2\/pages\/974\/revisions\/998"}],"up":[{"embeddable":true,"href":"https:\/\/fofftein.fimotic.com\/index.php?rest_route=\/wp\/v2\/pages\/887"}],"wp:attachment":[{"href":"https:\/\/fofftein.fimotic.com\/index.php?rest_route=%2Fwp%2Fv2%2Fmedia&parent=974"}],"curies":[{"name":"wp","href":"https:\/\/api.w.org\/{rel}","templated":true}]}}