{"id":954,"date":"2017-09-10T13:16:08","date_gmt":"2017-09-10T12:16:08","guid":{"rendered":"http:\/\/fofftein.fimotic.com\/?page_id=954"},"modified":"2017-09-10T13:16:08","modified_gmt":"2017-09-10T12:16:08","slug":"loch-ausstanzen","status":"publish","type":"page","link":"https:\/\/fofftein.fimotic.com\/?page_id=954","title":{"rendered":"Loch ausstanzen"},"content":{"rendered":"<p>Mein hoch entwickeltes, technologisch aufw\u00e4ndiges Werkzeug zum L\u00f6cher in Systemperlen stanzen ist ein simpler Strohhalm. Diesen schneide ich in etwa 4 cm lange St\u00fccke. Dabei eine m\u00f6glichst scharfe Schere nehmen, damit der Strohhalm nicht zu sehr gequetscht wird. Und gerade schneiden. Hin und wieder bekommt der benutzte Strohhalm Knicke, dann nehme ich einfach einen neuen.<\/p>\n<p>Es beginnt mit einer ordentlich runden, noch nicht gebackenen, Perle.<img loading=\"lazy\" decoding=\"async\" class=\"alignnone size-full wp-image-956\" src=\"https:\/\/fofftein.fimotic.com\/wp-content\/uploads\/2017\/09\/Stanz01.jpg\" alt=\"\" width=\"500\" height=\"475\" srcset=\"https:\/\/fofftein.fimotic.com\/wp-content\/uploads\/2017\/09\/Stanz01.jpg 500w, https:\/\/fofftein.fimotic.com\/wp-content\/uploads\/2017\/09\/Stanz01-300x285.jpg 300w\" sizes=\"auto, (max-width: 500px) 100vw, 500px\" \/><\/p>\n<p>Einen Strohhalm auf die Stelle setzen, an die eine Seite des Loches kommen soll. Leicht in das Fimo hineindr\u00fccken, so da\u00df der Strohhalm stecken bleibt.<img loading=\"lazy\" decoding=\"async\" class=\"alignnone size-full wp-image-957\" src=\"https:\/\/fofftein.fimotic.com\/wp-content\/uploads\/2017\/09\/Stanz02.jpg\" alt=\"\" width=\"500\" height=\"792\" srcset=\"https:\/\/fofftein.fimotic.com\/wp-content\/uploads\/2017\/09\/Stanz02.jpg 500w, https:\/\/fofftein.fimotic.com\/wp-content\/uploads\/2017\/09\/Stanz02-189x300.jpg 189w\" sizes=\"auto, (max-width: 500px) 100vw, 500px\" \/><\/p>\n<p>Und nun den zweiten Strohhalm genau gegen\u00fcber aufsetzen, aber nur ganz leicht.\u00a0<img loading=\"lazy\" decoding=\"async\" class=\"alignnone size-full wp-image-958\" src=\"https:\/\/fofftein.fimotic.com\/wp-content\/uploads\/2017\/09\/Stanz03.jpg\" alt=\"\" width=\"500\" height=\"351\" srcset=\"https:\/\/fofftein.fimotic.com\/wp-content\/uploads\/2017\/09\/Stanz03.jpg 500w, https:\/\/fofftein.fimotic.com\/wp-content\/uploads\/2017\/09\/Stanz03-300x211.jpg 300w\" sizes=\"auto, (max-width: 500px) 100vw, 500px\" \/><\/p>\n<p>Und dann drehe ich das ganze um die Strohhalmachse und schaue, ob aus allen Richtungen die Strohhalme genau gegen\u00fcber sind. Auf diesem Bild sieht man z.B. da\u00df der rechte Strohhalm etwas h\u00f6her ist als der linke. Das wird dann ausgeglichen.<img loading=\"lazy\" decoding=\"async\" class=\"alignnone size-full wp-image-959\" src=\"https:\/\/fofftein.fimotic.com\/wp-content\/uploads\/2017\/09\/Stanz04.jpg\" alt=\"\" width=\"500\" height=\"292\" srcset=\"https:\/\/fofftein.fimotic.com\/wp-content\/uploads\/2017\/09\/Stanz04.jpg 500w, https:\/\/fofftein.fimotic.com\/wp-content\/uploads\/2017\/09\/Stanz04-300x175.jpg 300w\" sizes=\"auto, (max-width: 500px) 100vw, 500px\" \/><\/p>\n<p>Hier sieht man, da\u00df der linke Strohhalm etwas nach unten abkippt, also nicht ganz gerade auf den rechten zugeht. Auch das muss korrigiert werden.<img loading=\"lazy\" decoding=\"async\" class=\"alignnone size-full wp-image-960\" src=\"https:\/\/fofftein.fimotic.com\/wp-content\/uploads\/2017\/09\/Stanz05.jpg\" alt=\"\" width=\"500\" height=\"232\" srcset=\"https:\/\/fofftein.fimotic.com\/wp-content\/uploads\/2017\/09\/Stanz05.jpg 500w, https:\/\/fofftein.fimotic.com\/wp-content\/uploads\/2017\/09\/Stanz05-300x139.jpg 300w\" sizes=\"auto, (max-width: 500px) 100vw, 500px\" \/><\/p>\n<p>Irgendwann sieht es dann von allen Seiten gut aus. Dann fange ich mit dem etwas loseren Halm an und schiebe ihn drehend ein St\u00fcck weiter in die Perle hinein. Die andere Hand fast die Perle um den anderen Halm herum eher etwas von hinten.<img loading=\"lazy\" decoding=\"async\" class=\"alignnone size-full wp-image-961\" src=\"https:\/\/fofftein.fimotic.com\/wp-content\/uploads\/2017\/09\/Stanz06.jpg\" alt=\"\" width=\"500\" height=\"263\" srcset=\"https:\/\/fofftein.fimotic.com\/wp-content\/uploads\/2017\/09\/Stanz06.jpg 500w, https:\/\/fofftein.fimotic.com\/wp-content\/uploads\/2017\/09\/Stanz06-300x158.jpg 300w\" sizes=\"auto, (max-width: 500px) 100vw, 500px\" \/><\/p>\n<p>Ich wechsle mehrfach die Seiten und schiebe\/drehe die Halme aufeinander zu. Irgendwann treffen sich die Halme, ich sp\u00fcre das inzwischen, anfangs merkt man es daran, da\u00df der gegen\u00fcberliegende Halm leicht heraus geschoben wird, bzw. es irgendwie nicht mehr voran geht. Dann ziehe ich einen Halm heraus. Ich schiebe ihn nicht mit dem anderen heraus, denn dann w\u00fcrden die haltenden Finger zu viel Kraft auf die Perle aus\u00fcben und sie evtl. zerdr\u00fccken. Der verbleibende Halm wird komplett durch die Perle geschoben. Das Perleninnere steckt jetzt im Strohhalm.<img loading=\"lazy\" decoding=\"async\" class=\"alignnone size-full wp-image-962\" src=\"https:\/\/fofftein.fimotic.com\/wp-content\/uploads\/2017\/09\/Stanz07.jpg\" alt=\"\" width=\"500\" height=\"240\" srcset=\"https:\/\/fofftein.fimotic.com\/wp-content\/uploads\/2017\/09\/Stanz07.jpg 500w, https:\/\/fofftein.fimotic.com\/wp-content\/uploads\/2017\/09\/Stanz07-300x144.jpg 300w\" sizes=\"auto, (max-width: 500px) 100vw, 500px\" \/><\/p>\n<p>Ich kann den Strohhalm heraus ziehen und die Perlenh\u00fclsen einsetzen. \u00a0 <img loading=\"lazy\" decoding=\"async\" class=\"alignnone size-full wp-image-963\" src=\"https:\/\/fofftein.fimotic.com\/wp-content\/uploads\/2017\/09\/Stanz08.jpg\" alt=\"\" width=\"500\" height=\"361\" srcset=\"https:\/\/fofftein.fimotic.com\/wp-content\/uploads\/2017\/09\/Stanz08.jpg 500w, https:\/\/fofftein.fimotic.com\/wp-content\/uploads\/2017\/09\/Stanz08-300x217.jpg 300w\" sizes=\"auto, (max-width: 500px) 100vw, 500px\" \/><\/p>\n<p>Die Perlen k\u00f6nnen dann auf einer Stricknadel h\u00e4ngend gebacken werden. Die Perle bleibt dabei relativ breit und rund, also eher kugelf\u00f6rmig.<img loading=\"lazy\" decoding=\"async\" class=\"alignnone size-full wp-image-964\" src=\"https:\/\/fofftein.fimotic.com\/wp-content\/uploads\/2017\/09\/Stanz09.jpg\" alt=\"\" width=\"500\" height=\"221\" srcset=\"https:\/\/fofftein.fimotic.com\/wp-content\/uploads\/2017\/09\/Stanz09.jpg 500w, https:\/\/fofftein.fimotic.com\/wp-content\/uploads\/2017\/09\/Stanz09-300x133.jpg 300w\" sizes=\"auto, (max-width: 500px) 100vw, 500px\" \/><\/p>\n<p>Wenn ich die Perlen eher schmaler, mit einem dickeren Bauch haben m\u00f6chte, dann schiebe ich die gelochte Perle komplett auf den Strohhalm.<img loading=\"lazy\" decoding=\"async\" class=\"alignnone size-full wp-image-965\" src=\"https:\/\/fofftein.fimotic.com\/wp-content\/uploads\/2017\/09\/Stanz10.jpg\" alt=\"\" width=\"500\" height=\"268\" srcset=\"https:\/\/fofftein.fimotic.com\/wp-content\/uploads\/2017\/09\/Stanz10.jpg 500w, https:\/\/fofftein.fimotic.com\/wp-content\/uploads\/2017\/09\/Stanz10-300x161.jpg 300w\" sizes=\"auto, (max-width: 500px) 100vw, 500px\" \/><\/p>\n<p>Von jeder Seite wird eine H\u00fclse \u00fcber den Strohhalm geschoben. <img loading=\"lazy\" decoding=\"async\" class=\"alignnone size-full wp-image-966\" src=\"https:\/\/fofftein.fimotic.com\/wp-content\/uploads\/2017\/09\/Stanz11.jpg\" alt=\"\" width=\"500\" height=\"259\" srcset=\"https:\/\/fofftein.fimotic.com\/wp-content\/uploads\/2017\/09\/Stanz11.jpg 500w, https:\/\/fofftein.fimotic.com\/wp-content\/uploads\/2017\/09\/Stanz11-300x155.jpg 300w\" sizes=\"auto, (max-width: 500px) 100vw, 500px\" \/><\/p>\n<p>Und von beiden Seiten die H\u00fclsen zusammen geschoben. Ich schiebe dabei nur mit der Oberseite der Fingernagelspitze und nur an der H\u00fclse. Die Perle wird deutlich schmaler.<img loading=\"lazy\" decoding=\"async\" class=\"alignnone size-full wp-image-967\" src=\"https:\/\/fofftein.fimotic.com\/wp-content\/uploads\/2017\/09\/Stanz12.jpg\" alt=\"\" width=\"500\" height=\"241\" srcset=\"https:\/\/fofftein.fimotic.com\/wp-content\/uploads\/2017\/09\/Stanz12.jpg 500w, https:\/\/fofftein.fimotic.com\/wp-content\/uploads\/2017\/09\/Stanz12-300x145.jpg 300w\" sizes=\"auto, (max-width: 500px) 100vw, 500px\" \/><\/p>\n<p>Das Perleninnere muss unbedingt aus dem Strohhalm heraus.<img loading=\"lazy\" decoding=\"async\" class=\"alignnone size-full wp-image-968\" src=\"https:\/\/fofftein.fimotic.com\/wp-content\/uploads\/2017\/09\/Stanz13.jpg\" alt=\"\" width=\"500\" height=\"354\" srcset=\"https:\/\/fofftein.fimotic.com\/wp-content\/uploads\/2017\/09\/Stanz13.jpg 500w, https:\/\/fofftein.fimotic.com\/wp-content\/uploads\/2017\/09\/Stanz13-300x212.jpg 300w\" sizes=\"auto, (max-width: 500px) 100vw, 500px\" \/><\/p>\n<p>Ich nehme einen kleinen Mini Pinsel oder irgendein Holzst\u00e4bchen und schiebe von hinten alles aus dem Strohhalm heraus.<img loading=\"lazy\" decoding=\"async\" class=\"alignnone size-full wp-image-969\" src=\"https:\/\/fofftein.fimotic.com\/wp-content\/uploads\/2017\/09\/Stanz14.jpg\" alt=\"\" width=\"500\" height=\"305\" srcset=\"https:\/\/fofftein.fimotic.com\/wp-content\/uploads\/2017\/09\/Stanz14.jpg 500w, https:\/\/fofftein.fimotic.com\/wp-content\/uploads\/2017\/09\/Stanz14-300x183.jpg 300w\" sizes=\"auto, (max-width: 500px) 100vw, 500px\" \/><\/p>\n<p>Hier zeige ich mal was passiert, wenn man nur mit einem Strohhalm arbeitet und nicht von beiden Seiten. Die Perle wird an einer Seite eingedr\u00fcckt und auf der anderen in die L\u00e4nge gezogen. Das kann man tats\u00e4chlich wieder ausgleichen, indem man dann eine H\u00fclse \u00fcber das ausgefranste Ende schiebt, eine gewisse Asymmetrie bleibt aber.\u00a0\u00a0<img loading=\"lazy\" decoding=\"async\" class=\"alignnone size-full wp-image-970\" src=\"https:\/\/fofftein.fimotic.com\/wp-content\/uploads\/2017\/09\/Stanz15.jpg\" alt=\"\" width=\"500\" height=\"210\" srcset=\"https:\/\/fofftein.fimotic.com\/wp-content\/uploads\/2017\/09\/Stanz15.jpg 500w, https:\/\/fofftein.fimotic.com\/wp-content\/uploads\/2017\/09\/Stanz15-300x126.jpg 300w\" sizes=\"auto, (max-width: 500px) 100vw, 500px\" \/><\/p>\n<p>Und auf der Stricknadel h\u00e4ngend in den Backofen.<img loading=\"lazy\" decoding=\"async\" class=\"alignnone size-full wp-image-971\" src=\"https:\/\/fofftein.fimotic.com\/wp-content\/uploads\/2017\/09\/Stanz16.jpg\" alt=\"\" width=\"500\" height=\"184\" srcset=\"https:\/\/fofftein.fimotic.com\/wp-content\/uploads\/2017\/09\/Stanz16.jpg 500w, https:\/\/fofftein.fimotic.com\/wp-content\/uploads\/2017\/09\/Stanz16-300x110.jpg 300w\" sizes=\"auto, (max-width: 500px) 100vw, 500px\" \/><\/p>\n","protected":false},"excerpt":{"rendered":"<p>Mein hoch entwickeltes, technologisch aufw\u00e4ndiges Werkzeug zum L\u00f6cher in Systemperlen stanzen ist ein simpler Strohhalm. Diesen schneide ich in etwa 4 cm lange St\u00fccke. Dabei eine m\u00f6glichst scharfe Schere nehmen, damit der Strohhalm nicht zu sehr gequetscht wird. Und gerade &hellip; <a href=\"https:\/\/fofftein.fimotic.com\/?page_id=954\">Weiterlesen <span class=\"meta-nav\">&rarr;<\/span><\/a><\/p>\n","protected":false},"author":3,"featured_media":0,"parent":887,"menu_order":0,"comment_status":"closed","ping_status":"closed","template":"","meta":{"footnotes":""},"class_list":["post-954","page","type-page","status-publish","hentry"],"_links":{"self":[{"href":"https:\/\/fofftein.fimotic.com\/index.php?rest_route=\/wp\/v2\/pages\/954","targetHints":{"allow":["GET"]}}],"collection":[{"href":"https:\/\/fofftein.fimotic.com\/index.php?rest_route=\/wp\/v2\/pages"}],"about":[{"href":"https:\/\/fofftein.fimotic.com\/index.php?rest_route=\/wp\/v2\/types\/page"}],"author":[{"embeddable":true,"href":"https:\/\/fofftein.fimotic.com\/index.php?rest_route=\/wp\/v2\/users\/3"}],"replies":[{"embeddable":true,"href":"https:\/\/fofftein.fimotic.com\/index.php?rest_route=%2Fwp%2Fv2%2Fcomments&post=954"}],"version-history":[{"count":2,"href":"https:\/\/fofftein.fimotic.com\/index.php?rest_route=\/wp\/v2\/pages\/954\/revisions"}],"predecessor-version":[{"id":972,"href":"https:\/\/fofftein.fimotic.com\/index.php?rest_route=\/wp\/v2\/pages\/954\/revisions\/972"}],"up":[{"embeddable":true,"href":"https:\/\/fofftein.fimotic.com\/index.php?rest_route=\/wp\/v2\/pages\/887"}],"wp:attachment":[{"href":"https:\/\/fofftein.fimotic.com\/index.php?rest_route=%2Fwp%2Fv2%2Fmedia&parent=954"}],"curies":[{"name":"wp","href":"https:\/\/api.w.org\/{rel}","templated":true}]}}