{"id":921,"date":"2017-09-08T20:01:29","date_gmt":"2017-09-08T19:01:29","guid":{"rendered":"http:\/\/fofftein.fimotic.com\/?page_id=921"},"modified":"2017-09-09T17:30:20","modified_gmt":"2017-09-09T16:30:20","slug":"krakelieren","status":"publish","type":"page","link":"https:\/\/fofftein.fimotic.com\/?page_id=921","title":{"rendered":"Krakelieren"},"content":{"rendered":"<p>F\u00fcr den Krakeliereffekt nehme ich gebackenes, mit Kreide dekoriertes Fimo. Das Dekor auf dem Fimo sollte keinen geschlossenen Film bilden, wie Lack oder auch Acrylfarben. Zumindest bei\u00a0 mir funktionierte es damit nicht. <img loading=\"lazy\" decoding=\"async\" class=\"alignnone size-full wp-image-923\" src=\"https:\/\/fofftein.fimotic.com\/wp-content\/uploads\/2017\/09\/Krakel00.jpg\" alt=\"\" width=\"500\" height=\"425\" srcset=\"https:\/\/fofftein.fimotic.com\/wp-content\/uploads\/2017\/09\/Krakel00.jpg 500w, https:\/\/fofftein.fimotic.com\/wp-content\/uploads\/2017\/09\/Krakel00-300x255.jpg 300w\" sizes=\"auto, (max-width: 500px) 100vw, 500px\" \/><\/p>\n<p>Ich nehme den Viva Decor Mikro Facetten Lack. Es ist wichtig den Lack mindestens 12 Stunden, gern noch l\u00e4nger trocknen zu lassen. <img loading=\"lazy\" decoding=\"async\" class=\"alignnone size-full wp-image-924\" src=\"https:\/\/fofftein.fimotic.com\/wp-content\/uploads\/2017\/09\/Krakel01.jpg\" alt=\"\" width=\"500\" height=\"889\" srcset=\"https:\/\/fofftein.fimotic.com\/wp-content\/uploads\/2017\/09\/Krakel01.jpg 500w, https:\/\/fofftein.fimotic.com\/wp-content\/uploads\/2017\/09\/Krakel01-169x300.jpg 169w\" sizes=\"auto, (max-width: 500px) 100vw, 500px\" \/><\/p>\n<p>Der Lack ist eher gelartig. Es wird eine ordentliche Schicht aufgetragen, je dicker desto gr\u00f6\u00dfer werden die Risse.<img loading=\"lazy\" decoding=\"async\" class=\"alignnone size-full wp-image-925\" src=\"https:\/\/fofftein.fimotic.com\/wp-content\/uploads\/2017\/09\/Krakel02.jpg\" alt=\"\" width=\"500\" height=\"484\" srcset=\"https:\/\/fofftein.fimotic.com\/wp-content\/uploads\/2017\/09\/Krakel02.jpg 500w, https:\/\/fofftein.fimotic.com\/wp-content\/uploads\/2017\/09\/Krakel02-300x290.jpg 300w\" sizes=\"auto, (max-width: 500px) 100vw, 500px\" \/><\/p>\n<p>Und so sieht es nach den 12 Stunden aus. Also am besten sp\u00e4t Abends den Krakelierlack auftragen, dann kommt man nicht in Versuchung vorher mal dran rum zu probieren. Der Lack mag sich schon fr\u00fcher trocken anf\u00fchlen, die Facetten k\u00f6nnen dann aber ganz leicht abgeknibbelt werden. Nach 12 Stunden ist alles richtig fest.<br \/>\n<img loading=\"lazy\" decoding=\"async\" class=\"alignnone size-full wp-image-926\" src=\"https:\/\/fofftein.fimotic.com\/wp-content\/uploads\/2017\/09\/Krakel03.jpg\" alt=\"\" width=\"500\" height=\"615\" srcset=\"https:\/\/fofftein.fimotic.com\/wp-content\/uploads\/2017\/09\/Krakel03.jpg 500w, https:\/\/fofftein.fimotic.com\/wp-content\/uploads\/2017\/09\/Krakel03-244x300.jpg 244w\" sizes=\"auto, (max-width: 500px) 100vw, 500px\" \/> <img loading=\"lazy\" decoding=\"async\" class=\"alignnone size-full wp-image-927\" src=\"https:\/\/fofftein.fimotic.com\/wp-content\/uploads\/2017\/09\/Krakel04.jpg\" alt=\"\" width=\"500\" height=\"543\" srcset=\"https:\/\/fofftein.fimotic.com\/wp-content\/uploads\/2017\/09\/Krakel04.jpg 500w, https:\/\/fofftein.fimotic.com\/wp-content\/uploads\/2017\/09\/Krakel04-276x300.jpg 276w\" sizes=\"auto, (max-width: 500px) 100vw, 500px\" \/><\/p>\n<p>Der Facettenlack wird am besten mit dem Finger aufgetragen, mit dem Pinsel bekomme ich nur Streifen und es rei\u00dft nicht auf.<img loading=\"lazy\" decoding=\"async\" class=\"alignnone size-full wp-image-928\" src=\"https:\/\/fofftein.fimotic.com\/wp-content\/uploads\/2017\/09\/Krakel05.jpg\" alt=\"\" width=\"500\" height=\"669\" srcset=\"https:\/\/fofftein.fimotic.com\/wp-content\/uploads\/2017\/09\/Krakel05.jpg 500w, https:\/\/fofftein.fimotic.com\/wp-content\/uploads\/2017\/09\/Krakel05-224x300.jpg 224w\" sizes=\"auto, (max-width: 500px) 100vw, 500px\" \/> <img loading=\"lazy\" decoding=\"async\" class=\"alignnone size-full wp-image-929\" src=\"https:\/\/fofftein.fimotic.com\/wp-content\/uploads\/2017\/09\/Krakel06.jpg\" alt=\"\" width=\"500\" height=\"449\" srcset=\"https:\/\/fofftein.fimotic.com\/wp-content\/uploads\/2017\/09\/Krakel06.jpg 500w, https:\/\/fofftein.fimotic.com\/wp-content\/uploads\/2017\/09\/Krakel06-300x269.jpg 300w\" sizes=\"auto, (max-width: 500px) 100vw, 500px\" \/><\/p>\n<p>Wenn das passiert, dann einfach noch eine Schicht Facettenlack drauf und abwarten. Die Risse zwischen den Facetten sind kaum sichtbar. Damit sie sichtbar werden, m\u00fcssen sie farbig aufgef\u00fcllt werden. Mit Acrylfarbe funktioniert es bei mir nicht so gut, da scheinbar durch das Wasser in der Acrylfarbe der Lack angel\u00f6st wird. Deshalb nehme ich Pastellkreide, Pearl Ex, Lidschatten oder Pan Pastel.\u00a0<img loading=\"lazy\" decoding=\"async\" class=\"alignnone size-full wp-image-930\" src=\"https:\/\/fofftein.fimotic.com\/wp-content\/uploads\/2017\/09\/Krakel07.jpg\" alt=\"\" width=\"500\" height=\"446\" srcset=\"https:\/\/fofftein.fimotic.com\/wp-content\/uploads\/2017\/09\/Krakel07.jpg 500w, https:\/\/fofftein.fimotic.com\/wp-content\/uploads\/2017\/09\/Krakel07-300x268.jpg 300w\" sizes=\"auto, (max-width: 500px) 100vw, 500px\" \/><\/p>\n<p>Mit einem Pinsel reibe ich das Pulver in die Vertiefungen hinein. Zuerst etwas schwarz.<\/p>\n<p><img loading=\"lazy\" decoding=\"async\" class=\"alignnone size-full wp-image-931\" src=\"https:\/\/fofftein.fimotic.com\/wp-content\/uploads\/2017\/09\/Krakel08.jpg\" alt=\"\" width=\"500\" height=\"501\" srcset=\"https:\/\/fofftein.fimotic.com\/wp-content\/uploads\/2017\/09\/Krakel08.jpg 500w, https:\/\/fofftein.fimotic.com\/wp-content\/uploads\/2017\/09\/Krakel08-150x150.jpg 150w, https:\/\/fofftein.fimotic.com\/wp-content\/uploads\/2017\/09\/Krakel08-300x300.jpg 300w\" sizes=\"auto, (max-width: 500px) 100vw, 500px\" \/><\/p>\n<p>Dann an einigen Stellen etwas wei\u00df.<img loading=\"lazy\" decoding=\"async\" class=\"alignnone size-full wp-image-932\" src=\"https:\/\/fofftein.fimotic.com\/wp-content\/uploads\/2017\/09\/Krakel09.jpg\" alt=\"\" width=\"500\" height=\"446\" srcset=\"https:\/\/fofftein.fimotic.com\/wp-content\/uploads\/2017\/09\/Krakel09.jpg 500w, https:\/\/fofftein.fimotic.com\/wp-content\/uploads\/2017\/09\/Krakel09-300x268.jpg 300w\" sizes=\"auto, (max-width: 500px) 100vw, 500px\" \/><\/p>\n<p>Und so sieht es aus, wenn alle Risse gef\u00fcllt sind.<img loading=\"lazy\" decoding=\"async\" class=\"alignnone size-full wp-image-933\" src=\"https:\/\/fofftein.fimotic.com\/wp-content\/uploads\/2017\/09\/Krakel10.jpg\" alt=\"\" width=\"500\" height=\"465\" srcset=\"https:\/\/fofftein.fimotic.com\/wp-content\/uploads\/2017\/09\/Krakel10.jpg 500w, https:\/\/fofftein.fimotic.com\/wp-content\/uploads\/2017\/09\/Krakel10-300x279.jpg 300w\" sizes=\"auto, (max-width: 500px) 100vw, 500px\" \/><\/p>\n<p>Die Oberfl\u00e4che kr\u00e4ftig mit einem Tuch abrubbeln.<img loading=\"lazy\" decoding=\"async\" class=\"alignnone size-full wp-image-934\" src=\"https:\/\/fofftein.fimotic.com\/wp-content\/uploads\/2017\/09\/Krakel11.jpg\" alt=\"\" width=\"500\" height=\"554\" srcset=\"https:\/\/fofftein.fimotic.com\/wp-content\/uploads\/2017\/09\/Krakel11.jpg 500w, https:\/\/fofftein.fimotic.com\/wp-content\/uploads\/2017\/09\/Krakel11-271x300.jpg 271w\" sizes=\"auto, (max-width: 500px) 100vw, 500px\" \/><\/p>\n<p>Auf Blau ist es etwas besser zu erkennen.<img loading=\"lazy\" decoding=\"async\" class=\"alignnone size-full wp-image-935\" src=\"https:\/\/fofftein.fimotic.com\/wp-content\/uploads\/2017\/09\/Krakel12.jpg\" alt=\"\" width=\"500\" height=\"469\" srcset=\"https:\/\/fofftein.fimotic.com\/wp-content\/uploads\/2017\/09\/Krakel12.jpg 500w, https:\/\/fofftein.fimotic.com\/wp-content\/uploads\/2017\/09\/Krakel12-300x281.jpg 300w\" sizes=\"auto, (max-width: 500px) 100vw, 500px\" \/><\/p>\n<p>Viva Decor Inka Gold l\u00e4sst sich auch prima in die Risse reiben.<img loading=\"lazy\" decoding=\"async\" class=\"alignnone size-full wp-image-936\" src=\"https:\/\/fofftein.fimotic.com\/wp-content\/uploads\/2017\/09\/Krakel13.jpg\" alt=\"\" width=\"500\" height=\"481\" srcset=\"https:\/\/fofftein.fimotic.com\/wp-content\/uploads\/2017\/09\/Krakel13.jpg 500w, https:\/\/fofftein.fimotic.com\/wp-content\/uploads\/2017\/09\/Krakel13-300x289.jpg 300w\" sizes=\"auto, (max-width: 500px) 100vw, 500px\" \/><\/p>\n<p>Das Herz hat schon schwarzes Pulver in den Rissen.<img loading=\"lazy\" decoding=\"async\" class=\"alignnone size-full wp-image-937\" src=\"https:\/\/fofftein.fimotic.com\/wp-content\/uploads\/2017\/09\/Krakel14.jpg\" alt=\"\" width=\"500\" height=\"252\" srcset=\"https:\/\/fofftein.fimotic.com\/wp-content\/uploads\/2017\/09\/Krakel14.jpg 500w, https:\/\/fofftein.fimotic.com\/wp-content\/uploads\/2017\/09\/Krakel14-300x151.jpg 300w\" sizes=\"auto, (max-width: 500px) 100vw, 500px\" \/><\/p>\n<p>Einfach etwas Inka Gold drauf und verteilen.<img loading=\"lazy\" decoding=\"async\" class=\"alignnone size-full wp-image-938\" src=\"https:\/\/fofftein.fimotic.com\/wp-content\/uploads\/2017\/09\/Krakel15.jpg\" alt=\"\" width=\"500\" height=\"246\" srcset=\"https:\/\/fofftein.fimotic.com\/wp-content\/uploads\/2017\/09\/Krakel15.jpg 500w, https:\/\/fofftein.fimotic.com\/wp-content\/uploads\/2017\/09\/Krakel15-300x148.jpg 300w\" sizes=\"auto, (max-width: 500px) 100vw, 500px\" \/><\/p>\n<p>Mit einem Feuchttuch verreiben und das Inka Gold von der Oberfl\u00e4che abwischen.<img loading=\"lazy\" decoding=\"async\" class=\"alignnone size-full wp-image-939\" src=\"https:\/\/fofftein.fimotic.com\/wp-content\/uploads\/2017\/09\/Krakel16.jpg\" alt=\"\" width=\"500\" height=\"294\" srcset=\"https:\/\/fofftein.fimotic.com\/wp-content\/uploads\/2017\/09\/Krakel16.jpg 500w, https:\/\/fofftein.fimotic.com\/wp-content\/uploads\/2017\/09\/Krakel16-300x176.jpg 300w\" sizes=\"auto, (max-width: 500px) 100vw, 500px\" \/><\/p>\n<p>Das sieht dann so aus.<img loading=\"lazy\" decoding=\"async\" class=\"alignnone size-full wp-image-940\" src=\"https:\/\/fofftein.fimotic.com\/wp-content\/uploads\/2017\/09\/Krakel17.jpg\" alt=\"\" width=\"500\" height=\"321\" srcset=\"https:\/\/fofftein.fimotic.com\/wp-content\/uploads\/2017\/09\/Krakel17.jpg 500w, https:\/\/fofftein.fimotic.com\/wp-content\/uploads\/2017\/09\/Krakel17-300x193.jpg 300w\" sizes=\"auto, (max-width: 500px) 100vw, 500px\" \/><\/p>\n<p>Damit das Pulver nicht wieder heraus f\u00e4llt muss die Oberfl\u00e4che mit Lack versiegelt werden. Der Lack f\u00fcllt die Risse auf und fixiert damit das Pulver. Es werden mehrere Schichten Lack ben\u00f6tigt, damit die Oberfl\u00e4che wieder sch\u00f6n glatt wird. Zwischen den einzelnen Auft\u00e4gen gut trocknen lassen.\u00a0<img loading=\"lazy\" decoding=\"async\" class=\"alignnone size-full wp-image-941\" src=\"https:\/\/fofftein.fimotic.com\/wp-content\/uploads\/2017\/09\/Krakel18.jpg\" alt=\"\" width=\"500\" height=\"439\" srcset=\"https:\/\/fofftein.fimotic.com\/wp-content\/uploads\/2017\/09\/Krakel18.jpg 500w, https:\/\/fofftein.fimotic.com\/wp-content\/uploads\/2017\/09\/Krakel18-300x263.jpg 300w\" sizes=\"auto, (max-width: 500px) 100vw, 500px\" \/><\/p>\n<p>Und am Ende sieht es dann so aus.<img loading=\"lazy\" decoding=\"async\" class=\"alignnone size-full wp-image-942\" src=\"https:\/\/fofftein.fimotic.com\/wp-content\/uploads\/2017\/09\/Krakel19.jpg\" alt=\"\" width=\"500\" height=\"432\" srcset=\"https:\/\/fofftein.fimotic.com\/wp-content\/uploads\/2017\/09\/Krakel19.jpg 500w, https:\/\/fofftein.fimotic.com\/wp-content\/uploads\/2017\/09\/Krakel19-300x259.jpg 300w\" sizes=\"auto, (max-width: 500px) 100vw, 500px\" \/><\/p>\n<p>&nbsp;<\/p>\n","protected":false},"excerpt":{"rendered":"<p>F\u00fcr den Krakeliereffekt nehme ich gebackenes, mit Kreide dekoriertes Fimo. Das Dekor auf dem Fimo sollte keinen geschlossenen Film bilden, wie Lack oder auch Acrylfarben. Zumindest bei\u00a0 mir funktionierte es damit nicht. Ich nehme den Viva Decor Mikro Facetten Lack. &hellip; <a href=\"https:\/\/fofftein.fimotic.com\/?page_id=921\">Weiterlesen <span class=\"meta-nav\">&rarr;<\/span><\/a><\/p>\n","protected":false},"author":3,"featured_media":0,"parent":299,"menu_order":0,"comment_status":"closed","ping_status":"closed","template":"","meta":{"footnotes":""},"class_list":["post-921","page","type-page","status-publish","hentry"],"_links":{"self":[{"href":"https:\/\/fofftein.fimotic.com\/index.php?rest_route=\/wp\/v2\/pages\/921","targetHints":{"allow":["GET"]}}],"collection":[{"href":"https:\/\/fofftein.fimotic.com\/index.php?rest_route=\/wp\/v2\/pages"}],"about":[{"href":"https:\/\/fofftein.fimotic.com\/index.php?rest_route=\/wp\/v2\/types\/page"}],"author":[{"embeddable":true,"href":"https:\/\/fofftein.fimotic.com\/index.php?rest_route=\/wp\/v2\/users\/3"}],"replies":[{"embeddable":true,"href":"https:\/\/fofftein.fimotic.com\/index.php?rest_route=%2Fwp%2Fv2%2Fcomments&post=921"}],"version-history":[{"count":3,"href":"https:\/\/fofftein.fimotic.com\/index.php?rest_route=\/wp\/v2\/pages\/921\/revisions"}],"predecessor-version":[{"id":944,"href":"https:\/\/fofftein.fimotic.com\/index.php?rest_route=\/wp\/v2\/pages\/921\/revisions\/944"}],"up":[{"embeddable":true,"href":"https:\/\/fofftein.fimotic.com\/index.php?rest_route=\/wp\/v2\/pages\/299"}],"wp:attachment":[{"href":"https:\/\/fofftein.fimotic.com\/index.php?rest_route=%2Fwp%2Fv2%2Fmedia&parent=921"}],"curies":[{"name":"wp","href":"https:\/\/api.w.org\/{rel}","templated":true}]}}