{"id":896,"date":"2017-09-07T15:56:42","date_gmt":"2017-09-07T14:56:42","guid":{"rendered":"http:\/\/fofftein.fimotic.com\/?page_id=896"},"modified":"2017-09-09T17:30:36","modified_gmt":"2017-09-09T16:30:36","slug":"musterperlen","status":"publish","type":"page","link":"https:\/\/fofftein.fimotic.com\/?page_id=896","title":{"rendered":"Musterperlen"},"content":{"rendered":"<p>Meine Musterperlen sind Perlen um Muster aufs Fimo zu bringen, nicht Perlen mit Mustern.<\/p>\n<p>Es f\u00e4ngt mit etwas Reste-Fimo an.<\/p>\n<p><img loading=\"lazy\" decoding=\"async\" class=\"alignnone size-full wp-image-897\" src=\"https:\/\/fofftein.fimotic.com\/wp-content\/uploads\/2017\/09\/Musterperle01.jpg\" alt=\"\" width=\"500\" height=\"456\" srcset=\"https:\/\/fofftein.fimotic.com\/wp-content\/uploads\/2017\/09\/Musterperle01.jpg 500w, https:\/\/fofftein.fimotic.com\/wp-content\/uploads\/2017\/09\/Musterperle01-300x274.jpg 300w\" sizes=\"auto, (max-width: 500px) 100vw, 500px\" \/><\/p>\n<p>Wenn ich Fimo Platten zu einer Kugel formen will, dann kn\u00fclle ich sie nicht einfach zusammen, sondern ich falte.<img loading=\"lazy\" decoding=\"async\" class=\"alignnone size-full wp-image-898\" src=\"https:\/\/fofftein.fimotic.com\/wp-content\/uploads\/2017\/09\/Musterperle02.jpg\" alt=\"\" width=\"500\" height=\"427\" srcset=\"https:\/\/fofftein.fimotic.com\/wp-content\/uploads\/2017\/09\/Musterperle02.jpg 500w, https:\/\/fofftein.fimotic.com\/wp-content\/uploads\/2017\/09\/Musterperle02-300x256.jpg 300w\" sizes=\"auto, (max-width: 500px) 100vw, 500px\" \/><\/p>\n<p>Und falte, mehrmals, bis ich einen dicken Block Fimo habe.<img loading=\"lazy\" decoding=\"async\" class=\"alignnone size-full wp-image-899\" src=\"https:\/\/fofftein.fimotic.com\/wp-content\/uploads\/2017\/09\/Musterperle03.jpg\" alt=\"\" width=\"500\" height=\"321\" srcset=\"https:\/\/fofftein.fimotic.com\/wp-content\/uploads\/2017\/09\/Musterperle03.jpg 500w, https:\/\/fofftein.fimotic.com\/wp-content\/uploads\/2017\/09\/Musterperle03-300x193.jpg 300w\" sizes=\"auto, (max-width: 500px) 100vw, 500px\" \/><\/p>\n<p>Den Block in zwei oder mehr Teile schneiden.<img loading=\"lazy\" decoding=\"async\" class=\"alignnone size-full wp-image-913\" src=\"https:\/\/fofftein.fimotic.com\/wp-content\/uploads\/2017\/09\/Musterperle04.jpg\" alt=\"\" width=\"500\" height=\"686\" srcset=\"https:\/\/fofftein.fimotic.com\/wp-content\/uploads\/2017\/09\/Musterperle04.jpg 500w, https:\/\/fofftein.fimotic.com\/wp-content\/uploads\/2017\/09\/Musterperle04-219x300.jpg 219w\" sizes=\"auto, (max-width: 500px) 100vw, 500px\" \/><\/p>\n<p>Und hier ist gut zu sehen, warum ich das mache. Zwischen den einzelnen Schichten sind Luftblasen. Die Luft kann ich jetzt einfach seitlich rausdr\u00fccken. Wenn eine Fimo-Platte einfach nur zusammen gekn\u00fcllt wird, dann schlie\u00dft man ziemlich sicher Luft mit ein, die\u00a0 als h\u00e4ssliche Blase nach dem Backen sichtbar wird.<img loading=\"lazy\" decoding=\"async\" class=\"alignnone size-full wp-image-901\" src=\"https:\/\/fofftein.fimotic.com\/wp-content\/uploads\/2017\/09\/Musterperle05.jpg\" alt=\"\" width=\"500\" height=\"567\" srcset=\"https:\/\/fofftein.fimotic.com\/wp-content\/uploads\/2017\/09\/Musterperle05.jpg 500w, https:\/\/fofftein.fimotic.com\/wp-content\/uploads\/2017\/09\/Musterperle05-265x300.jpg 265w\" sizes=\"auto, (max-width: 500px) 100vw, 500px\" \/><\/p>\n<p>Den Klotz zur Kugel formen.\u00a0<img loading=\"lazy\" decoding=\"async\" class=\"alignnone size-full wp-image-902\" src=\"https:\/\/fofftein.fimotic.com\/wp-content\/uploads\/2017\/09\/Musterperle06.jpg\" alt=\"\" width=\"500\" height=\"416\" srcset=\"https:\/\/fofftein.fimotic.com\/wp-content\/uploads\/2017\/09\/Musterperle06.jpg 500w, https:\/\/fofftein.fimotic.com\/wp-content\/uploads\/2017\/09\/Musterperle06-300x250.jpg 300w\" sizes=\"auto, (max-width: 500px) 100vw, 500px\" \/><\/p>\n<p>Werkzeug bereitlegen, mit dem Muster in die Kugel gedr\u00fcckt werden.<img loading=\"lazy\" decoding=\"async\" class=\"alignnone size-full wp-image-903\" src=\"https:\/\/fofftein.fimotic.com\/wp-content\/uploads\/2017\/09\/Musterperle07.jpg\" alt=\"\" width=\"500\" height=\"353\" srcset=\"https:\/\/fofftein.fimotic.com\/wp-content\/uploads\/2017\/09\/Musterperle07.jpg 500w, https:\/\/fofftein.fimotic.com\/wp-content\/uploads\/2017\/09\/Musterperle07-300x212.jpg 300w\" sizes=\"auto, (max-width: 500px) 100vw, 500px\" \/><\/p>\n<p>Die Kugel wird mit Frischhaltefolie eingewickelt. Die Folie nehme ich hinten zusammen, so kann ich sie auch nutzen, um das Fimo ein Bischen zu polstern, w\u00e4hrend ich von der anderen Seite Muster reindr\u00fccke. Die Folie macht die R\u00e4nder des Musters etwas dicker und strukturiert selber auch noch die Oberfl\u00e4che.<img loading=\"lazy\" decoding=\"async\" class=\"alignnone size-full wp-image-904\" src=\"https:\/\/fofftein.fimotic.com\/wp-content\/uploads\/2017\/09\/Musterperle08.jpg\" alt=\"\" width=\"500\" height=\"427\" srcset=\"https:\/\/fofftein.fimotic.com\/wp-content\/uploads\/2017\/09\/Musterperle08.jpg 500w, https:\/\/fofftein.fimotic.com\/wp-content\/uploads\/2017\/09\/Musterperle08-300x256.jpg 300w\" sizes=\"auto, (max-width: 500px) 100vw, 500px\" \/><\/p>\n<p>Etwas unscharf, aber etwas Muster ist erkennbar.<img loading=\"lazy\" decoding=\"async\" class=\"alignnone size-full wp-image-905\" src=\"https:\/\/fofftein.fimotic.com\/wp-content\/uploads\/2017\/09\/Musterperle09.jpg\" alt=\"\" width=\"500\" height=\"498\" srcset=\"https:\/\/fofftein.fimotic.com\/wp-content\/uploads\/2017\/09\/Musterperle09.jpg 500w, https:\/\/fofftein.fimotic.com\/wp-content\/uploads\/2017\/09\/Musterperle09-150x150.jpg 150w, https:\/\/fofftein.fimotic.com\/wp-content\/uploads\/2017\/09\/Musterperle09-300x300.jpg 300w\" sizes=\"auto, (max-width: 500px) 100vw, 500px\" \/><\/p>\n<p>Die Kugel ist etwas gepl\u00e4ttet. Deshalb wird jetzt von allen Seiten gemustert. Die Kugel wird etwas unrund, das macht aber nichts. So einigerma\u00dfen kugelig sollte sie aber bleiben.<img loading=\"lazy\" decoding=\"async\" class=\"alignnone size-full wp-image-906\" src=\"https:\/\/fofftein.fimotic.com\/wp-content\/uploads\/2017\/09\/Musterperle10.jpg\" alt=\"\" width=\"500\" height=\"351\" srcset=\"https:\/\/fofftein.fimotic.com\/wp-content\/uploads\/2017\/09\/Musterperle10.jpg 500w, https:\/\/fofftein.fimotic.com\/wp-content\/uploads\/2017\/09\/Musterperle10-300x211.jpg 300w\" sizes=\"auto, (max-width: 500px) 100vw, 500px\" \/><\/p>\n<p>Und ab in den Ofen damit. \u00dcbliche Temperatur, eher etwas l\u00e4nger, damit sie auch innen gar wird.<br \/>\n<img loading=\"lazy\" decoding=\"async\" class=\"alignnone size-full wp-image-907\" src=\"https:\/\/fofftein.fimotic.com\/wp-content\/uploads\/2017\/09\/Musterperle11.jpg\" alt=\"\" width=\"500\" height=\"381\" srcset=\"https:\/\/fofftein.fimotic.com\/wp-content\/uploads\/2017\/09\/Musterperle11.jpg 500w, https:\/\/fofftein.fimotic.com\/wp-content\/uploads\/2017\/09\/Musterperle11-300x229.jpg 300w\" sizes=\"auto, (max-width: 500px) 100vw, 500px\" \/><\/p>\n<p>Dann die Kugel mit Druck \u00fcbers Fimo rollen.<img loading=\"lazy\" decoding=\"async\" class=\"alignnone size-full wp-image-908\" src=\"https:\/\/fofftein.fimotic.com\/wp-content\/uploads\/2017\/09\/Musterperle12.jpg\" alt=\"\" width=\"500\" height=\"291\" srcset=\"https:\/\/fofftein.fimotic.com\/wp-content\/uploads\/2017\/09\/Musterperle12.jpg 500w, https:\/\/fofftein.fimotic.com\/wp-content\/uploads\/2017\/09\/Musterperle12-300x175.jpg 300w\" sizes=\"auto, (max-width: 500px) 100vw, 500px\" \/><\/p>\n<p>Das Fimo bekommt eine matte Oberfl\u00e4che, und das Muster eingepr\u00e4gt.<img loading=\"lazy\" decoding=\"async\" class=\"alignnone size-full wp-image-909\" src=\"https:\/\/fofftein.fimotic.com\/wp-content\/uploads\/2017\/09\/Musterperle13.jpg\" alt=\"\" width=\"500\" height=\"375\" srcset=\"https:\/\/fofftein.fimotic.com\/wp-content\/uploads\/2017\/09\/Musterperle13.jpg 500w, https:\/\/fofftein.fimotic.com\/wp-content\/uploads\/2017\/09\/Musterperle13-300x225.jpg 300w\" sizes=\"auto, (max-width: 500px) 100vw, 500px\" \/><\/p>\n<p>Nun mit irgend etwas pulverigem (Metallic Pulver, Lidschatten, Pastelkreiden, etc.) mit leichtem Finger \u00fcber die Oberfl\u00e4che wischen.<img loading=\"lazy\" decoding=\"async\" class=\"alignnone size-full wp-image-910\" src=\"https:\/\/fofftein.fimotic.com\/wp-content\/uploads\/2017\/09\/Musterperle14.jpg\" alt=\"\" width=\"500\" height=\"429\" srcset=\"https:\/\/fofftein.fimotic.com\/wp-content\/uploads\/2017\/09\/Musterperle14.jpg 500w, https:\/\/fofftein.fimotic.com\/wp-content\/uploads\/2017\/09\/Musterperle14-300x257.jpg 300w\" sizes=\"auto, (max-width: 500px) 100vw, 500px\" \/><\/p>\n<p>Einmal durch die Nudelmaschine.<img loading=\"lazy\" decoding=\"async\" class=\"alignnone size-full wp-image-911\" src=\"https:\/\/fofftein.fimotic.com\/wp-content\/uploads\/2017\/09\/Musterperle15.jpg\" alt=\"\" width=\"500\" height=\"262\" srcset=\"https:\/\/fofftein.fimotic.com\/wp-content\/uploads\/2017\/09\/Musterperle15.jpg 500w, https:\/\/fofftein.fimotic.com\/wp-content\/uploads\/2017\/09\/Musterperle15-300x157.jpg 300w\" sizes=\"auto, (max-width: 500px) 100vw, 500px\" \/><\/p>\n<p>Und in der anderen Richtung nochmal durch die Nudelmaschine.<img loading=\"lazy\" decoding=\"async\" class=\"alignnone size-full wp-image-912\" src=\"https:\/\/fofftein.fimotic.com\/wp-content\/uploads\/2017\/09\/Musterperle16.jpg\" alt=\"\" width=\"500\" height=\"324\" srcset=\"https:\/\/fofftein.fimotic.com\/wp-content\/uploads\/2017\/09\/Musterperle16.jpg 500w, https:\/\/fofftein.fimotic.com\/wp-content\/uploads\/2017\/09\/Musterperle16-300x194.jpg 300w\" sizes=\"auto, (max-width: 500px) 100vw, 500px\" \/><\/p>\n<p>Und nun kann die Fimo-Platte <del>irgendwie verwurschtelt<\/del> weiter verarbeitet werden.<\/p>\n","protected":false},"excerpt":{"rendered":"<p>Meine Musterperlen sind Perlen um Muster aufs Fimo zu bringen, nicht Perlen mit Mustern. Es f\u00e4ngt mit etwas Reste-Fimo an. Wenn ich Fimo Platten zu einer Kugel formen will, dann kn\u00fclle ich sie nicht einfach zusammen, sondern ich falte. Und &hellip; <a href=\"https:\/\/fofftein.fimotic.com\/?page_id=896\">Weiterlesen <span class=\"meta-nav\">&rarr;<\/span><\/a><\/p>\n","protected":false},"author":3,"featured_media":0,"parent":299,"menu_order":0,"comment_status":"closed","ping_status":"closed","template":"","meta":{"footnotes":""},"class_list":["post-896","page","type-page","status-publish","hentry"],"_links":{"self":[{"href":"https:\/\/fofftein.fimotic.com\/index.php?rest_route=\/wp\/v2\/pages\/896","targetHints":{"allow":["GET"]}}],"collection":[{"href":"https:\/\/fofftein.fimotic.com\/index.php?rest_route=\/wp\/v2\/pages"}],"about":[{"href":"https:\/\/fofftein.fimotic.com\/index.php?rest_route=\/wp\/v2\/types\/page"}],"author":[{"embeddable":true,"href":"https:\/\/fofftein.fimotic.com\/index.php?rest_route=\/wp\/v2\/users\/3"}],"replies":[{"embeddable":true,"href":"https:\/\/fofftein.fimotic.com\/index.php?rest_route=%2Fwp%2Fv2%2Fcomments&post=896"}],"version-history":[{"count":3,"href":"https:\/\/fofftein.fimotic.com\/index.php?rest_route=\/wp\/v2\/pages\/896\/revisions"}],"predecessor-version":[{"id":920,"href":"https:\/\/fofftein.fimotic.com\/index.php?rest_route=\/wp\/v2\/pages\/896\/revisions\/920"}],"up":[{"embeddable":true,"href":"https:\/\/fofftein.fimotic.com\/index.php?rest_route=\/wp\/v2\/pages\/299"}],"wp:attachment":[{"href":"https:\/\/fofftein.fimotic.com\/index.php?rest_route=%2Fwp%2Fv2%2Fmedia&parent=896"}],"curies":[{"name":"wp","href":"https:\/\/api.w.org\/{rel}","templated":true}]}}