{"id":797,"date":"2017-03-08T22:52:15","date_gmt":"2017-03-08T21:52:15","guid":{"rendered":"http:\/\/fofftein.fimotic.com\/?page_id=797"},"modified":"2017-03-09T10:30:05","modified_gmt":"2017-03-09T09:30:05","slug":"seelenzentren","status":"publish","type":"page","link":"https:\/\/fofftein.fimotic.com\/?page_id=797","title":{"rendered":"Seelenzentren"},"content":{"rendered":"<p>Vielen wird vielleicht der Begriff Chakren aus der hinduistischen Kosmoligie gel\u00e4ufiger sein, ich mag den Begriff Seelenzentren lieber. Es sind Holzst\u00fccke mit Fimo verziert und Alkohol inks in Regenbogenfarben bemalt. Kristalle sind auch noch mit dabei.\ufffc<\/p>\n<p><img loading=\"lazy\" decoding=\"async\" class=\"alignnone size-full wp-image-798\" src=\"https:\/\/fofftein.fimotic.com\/wp-content\/uploads\/2017\/03\/20170215_222747_1_crop_500x300.jpg\" alt=\"\" width=\"500\" height=\"300\" srcset=\"https:\/\/fofftein.fimotic.com\/wp-content\/uploads\/2017\/03\/20170215_222747_1_crop_500x300.jpg 500w, https:\/\/fofftein.fimotic.com\/wp-content\/uploads\/2017\/03\/20170215_222747_1_crop_500x300-300x180.jpg 300w\" sizes=\"auto, (max-width: 500px) 100vw, 500px\" \/><\/p>\n<p>Es soll glitzern, deshalb habe ich Fimo Effekt Glitter wei\u00df genommen.<\/p>\n<p><img loading=\"lazy\" decoding=\"async\" class=\"alignnone size-full wp-image-814\" src=\"https:\/\/fofftein.fimotic.com\/wp-content\/uploads\/2017\/03\/20170214_171700_crop_500x300.jpg\" alt=\"\" width=\"500\" height=\"300\" srcset=\"https:\/\/fofftein.fimotic.com\/wp-content\/uploads\/2017\/03\/20170214_171700_crop_500x300.jpg 500w, https:\/\/fofftein.fimotic.com\/wp-content\/uploads\/2017\/03\/20170214_171700_crop_500x300-300x180.jpg 300w\" sizes=\"auto, (max-width: 500px) 100vw, 500px\" \/><\/p>\n<p>Schaut wie es glitzert.<\/p>\n<p><img loading=\"lazy\" decoding=\"async\" class=\"alignnone size-full wp-image-813\" src=\"https:\/\/fofftein.fimotic.com\/wp-content\/uploads\/2017\/03\/20170214_171717_crop_500x300.jpg\" alt=\"\" width=\"500\" height=\"300\" srcset=\"https:\/\/fofftein.fimotic.com\/wp-content\/uploads\/2017\/03\/20170214_171717_crop_500x300.jpg 500w, https:\/\/fofftein.fimotic.com\/wp-content\/uploads\/2017\/03\/20170214_171717_crop_500x300-300x180.jpg 300w\" sizes=\"auto, (max-width: 500px) 100vw, 500px\" \/><\/p>\n<p>Dazu kommt noch ein St\u00fcck Holz, Kristallperlen in den Farben des Regenbogens und Draht.<\/p>\n<p><img loading=\"lazy\" decoding=\"async\" class=\"alignnone size-full wp-image-812\" src=\"https:\/\/fofftein.fimotic.com\/wp-content\/uploads\/2017\/03\/20170215_175731_crop_500x400.jpg\" alt=\"\" width=\"500\" height=\"400\" srcset=\"https:\/\/fofftein.fimotic.com\/wp-content\/uploads\/2017\/03\/20170215_175731_crop_500x400.jpg 500w, https:\/\/fofftein.fimotic.com\/wp-content\/uploads\/2017\/03\/20170215_175731_crop_500x400-300x240.jpg 300w\" sizes=\"auto, (max-width: 500px) 100vw, 500px\" \/><\/p>\n<p>Die Perlen werden auf den Draht gef\u00e4delt und dann der Draht durch alle Perlen wieder zur\u00fcck gef\u00fchrt, so da\u00df eine Schlaufe im Draht entsteht.<\/p>\n<p><img loading=\"lazy\" decoding=\"async\" class=\"alignnone size-full wp-image-811\" src=\"https:\/\/fofftein.fimotic.com\/wp-content\/uploads\/2017\/03\/20170215_175817_crop_500x400.jpg\" alt=\"\" width=\"500\" height=\"400\" srcset=\"https:\/\/fofftein.fimotic.com\/wp-content\/uploads\/2017\/03\/20170215_175817_crop_500x400.jpg 500w, https:\/\/fofftein.fimotic.com\/wp-content\/uploads\/2017\/03\/20170215_175817_crop_500x400-300x240.jpg 300w\" sizes=\"auto, (max-width: 500px) 100vw, 500px\" \/><\/p>\n<p>Die Schlaufe wird \u00fcber das Holz gezogen und die Perlen eng an das Holz geschoben.<\/p>\n<p><img loading=\"lazy\" decoding=\"async\" class=\"alignnone size-full wp-image-810\" src=\"https:\/\/fofftein.fimotic.com\/wp-content\/uploads\/2017\/03\/20170215_175847_crop_500x400.jpg\" alt=\"\" width=\"500\" height=\"400\" srcset=\"https:\/\/fofftein.fimotic.com\/wp-content\/uploads\/2017\/03\/20170215_175847_crop_500x400.jpg 500w, https:\/\/fofftein.fimotic.com\/wp-content\/uploads\/2017\/03\/20170215_175847_crop_500x400-300x240.jpg 300w\" sizes=\"auto, (max-width: 500px) 100vw, 500px\" \/><\/p>\n<p>Am anderen Ende der Perlenreihe den Draht auseinander biegen und um das Holz herum f\u00fchren. Die Drahtenden mit einander verdrehen.<\/p>\n<p><img loading=\"lazy\" decoding=\"async\" class=\"alignnone size-full wp-image-809\" src=\"https:\/\/fofftein.fimotic.com\/wp-content\/uploads\/2017\/03\/20170215_175911_crop_500x400.jpg\" alt=\"\" width=\"500\" height=\"400\" srcset=\"https:\/\/fofftein.fimotic.com\/wp-content\/uploads\/2017\/03\/20170215_175911_crop_500x400.jpg 500w, https:\/\/fofftein.fimotic.com\/wp-content\/uploads\/2017\/03\/20170215_175911_crop_500x400-300x240.jpg 300w\" sizes=\"auto, (max-width: 500px) 100vw, 500px\" \/><\/p>\n<p>Draht abschneiden.<\/p>\n<p><img loading=\"lazy\" decoding=\"async\" class=\"alignnone size-full wp-image-808\" src=\"https:\/\/fofftein.fimotic.com\/wp-content\/uploads\/2017\/03\/20170215_175923_crop_500x400.jpg\" alt=\"\" width=\"500\" height=\"400\" srcset=\"https:\/\/fofftein.fimotic.com\/wp-content\/uploads\/2017\/03\/20170215_175923_crop_500x400.jpg 500w, https:\/\/fofftein.fimotic.com\/wp-content\/uploads\/2017\/03\/20170215_175923_crop_500x400-300x240.jpg 300w\" sizes=\"auto, (max-width: 500px) 100vw, 500px\" \/><\/p>\n<p>Das Fimo hatte ich von einem anderen Projekt noch \u00fcbrig, deshalb kann ich\u00a0die Zwischenschritte nicht zeigen. Weisses Glitterfimo in der dicksten Stufe der Nudelmaschine ausrollen. Etwas silbernes muss drauf. Z.B. Inka Gold, Acrylfarbe, Blattsilber oder Transferfolie, auch Craft foil genannt. Diese Folie wird auch im Scrapbooking benutzt. Dann mit dem Embossingf\u00f6n etwas 20 Sekunden von oben erhitzen, dadurch wird die oberste Schicht mit der Folie geh\u00e4rtet. Dann durch die n\u00e4chste Stufe der Pastamaschine drehen. \u00a0Ich mag gern verschieden gebrochene Oberfl\u00e4chen, deshalb unterschiedlich lange erhitzen und mehr oder weniger d\u00fcnn ausrollen. Und auch etwas Fimo ohne Silberauflage.<\/p>\n<p><img loading=\"lazy\" decoding=\"async\" class=\"alignnone size-full wp-image-807\" src=\"https:\/\/fofftein.fimotic.com\/wp-content\/uploads\/2017\/03\/20170215_180241_crop_500x400.jpg\" alt=\"\" width=\"500\" height=\"400\" srcset=\"https:\/\/fofftein.fimotic.com\/wp-content\/uploads\/2017\/03\/20170215_180241_crop_500x400.jpg 500w, https:\/\/fofftein.fimotic.com\/wp-content\/uploads\/2017\/03\/20170215_180241_crop_500x400-300x240.jpg 300w\" sizes=\"auto, (max-width: 500px) 100vw, 500px\" \/><\/p>\n<p>Das vorbereitete Fimo wird dann in Streifen gerissen und der Draht damit versteckt.<\/p>\n<p><img loading=\"lazy\" decoding=\"async\" class=\"alignnone size-full wp-image-806\" src=\"https:\/\/fofftein.fimotic.com\/wp-content\/uploads\/2017\/03\/20170215_180528_crop_500x400.jpg\" alt=\"\" width=\"500\" height=\"400\" srcset=\"https:\/\/fofftein.fimotic.com\/wp-content\/uploads\/2017\/03\/20170215_180528_crop_500x400.jpg 500w, https:\/\/fofftein.fimotic.com\/wp-content\/uploads\/2017\/03\/20170215_180528_crop_500x400-300x240.jpg 300w\" sizes=\"auto, (max-width: 500px) 100vw, 500px\" \/><\/p>\n<p>Ziemlich ungeordnet auf dem Holzst\u00fcck verteilen, teilweise die \u00dcberg\u00e4nge mit einer Stricknadel oder \u00e4hnlichem verfeinern.<\/p>\n<p><img loading=\"lazy\" decoding=\"async\" class=\"alignnone size-full wp-image-805\" src=\"https:\/\/fofftein.fimotic.com\/wp-content\/uploads\/2017\/03\/20170215_180554_crop_500x400.jpg\" alt=\"\" width=\"500\" height=\"400\" srcset=\"https:\/\/fofftein.fimotic.com\/wp-content\/uploads\/2017\/03\/20170215_180554_crop_500x400.jpg 500w, https:\/\/fofftein.fimotic.com\/wp-content\/uploads\/2017\/03\/20170215_180554_crop_500x400-300x240.jpg 300w\" sizes=\"auto, (max-width: 500px) 100vw, 500px\" \/><\/p>\n<p>Nach Herstellerangaben im Backofen backen.<\/p>\n<p><img loading=\"lazy\" decoding=\"async\" class=\"alignnone size-full wp-image-804\" src=\"https:\/\/fofftein.fimotic.com\/wp-content\/uploads\/2017\/03\/20170215_202759_crop_500x400.jpg\" alt=\"\" width=\"500\" height=\"400\" srcset=\"https:\/\/fofftein.fimotic.com\/wp-content\/uploads\/2017\/03\/20170215_202759_crop_500x400.jpg 500w, https:\/\/fofftein.fimotic.com\/wp-content\/uploads\/2017\/03\/20170215_202759_crop_500x400-300x240.jpg 300w\" sizes=\"auto, (max-width: 500px) 100vw, 500px\" \/><\/p>\n<p>Zum bemalen nehme ich gerne diese Minipinsel aus dem Kosmetikbereich. Den Pinsel tunke ich kurz in Alkohol und gebe dann direkt einen Tropfen Alkohol ink darauf.<\/p>\n<p><img loading=\"lazy\" decoding=\"async\" class=\"alignnone size-full wp-image-802\" src=\"https:\/\/fofftein.fimotic.com\/wp-content\/uploads\/2017\/03\/20170215_203705_crop_500x400.jpg\" alt=\"\" width=\"500\" height=\"400\" srcset=\"https:\/\/fofftein.fimotic.com\/wp-content\/uploads\/2017\/03\/20170215_203705_crop_500x400.jpg 500w, https:\/\/fofftein.fimotic.com\/wp-content\/uploads\/2017\/03\/20170215_203705_crop_500x400-300x240.jpg 300w\" sizes=\"auto, (max-width: 500px) 100vw, 500px\" \/><\/p>\n<p>Manchmal kommt die Farbe auch direkt aus der Flasche. Vorsicht, wenn ein Tropfen zu nah an den Kristallen landet zieht er sich sofort in die Kristalle hinein. Das bekommt man durch grossz\u00fcgiges sp\u00fclen mit Alkohol einigerma\u00dfen wieder hin, allerdings wird auch ein guter Teil der Bemalung mit weg gesp\u00fclt.<\/p>\n<p><img loading=\"lazy\" decoding=\"async\" class=\"alignnone size-full wp-image-803\" src=\"https:\/\/fofftein.fimotic.com\/wp-content\/uploads\/2017\/03\/20170215_203829_crop_500x400.jpg\" alt=\"\" width=\"500\" height=\"400\" srcset=\"https:\/\/fofftein.fimotic.com\/wp-content\/uploads\/2017\/03\/20170215_203829_crop_500x400.jpg 500w, https:\/\/fofftein.fimotic.com\/wp-content\/uploads\/2017\/03\/20170215_203829_crop_500x400-300x240.jpg 300w\" sizes=\"auto, (max-width: 500px) 100vw, 500px\" \/><\/p>\n<p>Das ganze Fimo wird \u00a0angemalt und auch das Holz.<\/p>\n<p><img loading=\"lazy\" decoding=\"async\" class=\"alignnone size-full wp-image-801\" src=\"https:\/\/fofftein.fimotic.com\/wp-content\/uploads\/2017\/03\/20170215_204140_crop_500x400.jpg\" alt=\"\" width=\"500\" height=\"400\" srcset=\"https:\/\/fofftein.fimotic.com\/wp-content\/uploads\/2017\/03\/20170215_204140_crop_500x400.jpg 500w, https:\/\/fofftein.fimotic.com\/wp-content\/uploads\/2017\/03\/20170215_204140_crop_500x400-300x240.jpg 300w\" sizes=\"auto, (max-width: 500px) 100vw, 500px\" \/><\/p>\n<p>Beim anmalen nehme ich immer noch etwas von den Farben rechts und links daneben hinzu, das kann man beim gelben Holz gut sehen. Kleine gr\u00fcne und orangene Farbkleckse im gelb.<\/p>\n<p>Wenn alles getrocknet ist, dann wird noch lackiert.<\/p>\n<p><img loading=\"lazy\" decoding=\"async\" class=\"alignnone size-full wp-image-800\" src=\"https:\/\/fofftein.fimotic.com\/wp-content\/uploads\/2017\/03\/20170215_211819_crop_500x300.jpg\" alt=\"\" width=\"500\" height=\"300\" srcset=\"https:\/\/fofftein.fimotic.com\/wp-content\/uploads\/2017\/03\/20170215_211819_crop_500x300.jpg 500w, https:\/\/fofftein.fimotic.com\/wp-content\/uploads\/2017\/03\/20170215_211819_crop_500x300-300x180.jpg 300w\" sizes=\"auto, (max-width: 500px) 100vw, 500px\" \/><\/p>\n","protected":false},"excerpt":{"rendered":"<p>Vielen wird vielleicht der Begriff Chakren aus der hinduistischen Kosmoligie gel\u00e4ufiger sein, ich mag den Begriff Seelenzentren lieber. Es sind Holzst\u00fccke mit Fimo verziert und Alkohol inks in Regenbogenfarben bemalt. Kristalle sind auch noch mit dabei.\ufffc Es soll glitzern, deshalb &hellip; <a href=\"https:\/\/fofftein.fimotic.com\/?page_id=797\">Weiterlesen <span class=\"meta-nav\">&rarr;<\/span><\/a><\/p>\n","protected":false},"author":3,"featured_media":0,"parent":46,"menu_order":0,"comment_status":"closed","ping_status":"closed","template":"","meta":{"footnotes":""},"class_list":["post-797","page","type-page","status-publish","hentry"],"_links":{"self":[{"href":"https:\/\/fofftein.fimotic.com\/index.php?rest_route=\/wp\/v2\/pages\/797","targetHints":{"allow":["GET"]}}],"collection":[{"href":"https:\/\/fofftein.fimotic.com\/index.php?rest_route=\/wp\/v2\/pages"}],"about":[{"href":"https:\/\/fofftein.fimotic.com\/index.php?rest_route=\/wp\/v2\/types\/page"}],"author":[{"embeddable":true,"href":"https:\/\/fofftein.fimotic.com\/index.php?rest_route=\/wp\/v2\/users\/3"}],"replies":[{"embeddable":true,"href":"https:\/\/fofftein.fimotic.com\/index.php?rest_route=%2Fwp%2Fv2%2Fcomments&post=797"}],"version-history":[{"count":5,"href":"https:\/\/fofftein.fimotic.com\/index.php?rest_route=\/wp\/v2\/pages\/797\/revisions"}],"predecessor-version":[{"id":825,"href":"https:\/\/fofftein.fimotic.com\/index.php?rest_route=\/wp\/v2\/pages\/797\/revisions\/825"}],"up":[{"embeddable":true,"href":"https:\/\/fofftein.fimotic.com\/index.php?rest_route=\/wp\/v2\/pages\/46"}],"wp:attachment":[{"href":"https:\/\/fofftein.fimotic.com\/index.php?rest_route=%2Fwp%2Fv2%2Fmedia&parent=797"}],"curies":[{"name":"wp","href":"https:\/\/api.w.org\/{rel}","templated":true}]}}