{"id":79,"date":"2016-11-14T18:26:01","date_gmt":"2016-11-14T17:26:01","guid":{"rendered":"http:\/\/fofftein.fimotic.com\/?page_id=79"},"modified":"2017-01-07T21:33:55","modified_gmt":"2017-01-07T20:33:55","slug":"der-zweite-hirsch","status":"publish","type":"page","link":"https:\/\/fofftein.fimotic.com\/?page_id=79","title":{"rendered":"Der zweite Hirsch"},"content":{"rendered":"<p>Ein Hirsch kommt selten allein, aber diesmal kann ich zeigen, wie er entstanden ist.<\/p>\n<p>Die Grundzutaten sind ein Geweihende, weisses Fimo professional und ein St\u00fcck Jade. Das Weiss sieht auf den Fotos furchtbar Gelb aus.<\/p>\n<p><img loading=\"lazy\" decoding=\"async\" class=\"alignnone size-full wp-image-161\" src=\"https:\/\/fofftein.fimotic.com\/wp-content\/uploads\/2016\/11\/20161105_171058_crop_512x718-500x701.jpg\" alt=\"20161105_171058_crop_512x718-500x701\" width=\"500\" height=\"701\" srcset=\"https:\/\/fofftein.fimotic.com\/wp-content\/uploads\/2016\/11\/20161105_171058_crop_512x718-500x701.jpg 500w, https:\/\/fofftein.fimotic.com\/wp-content\/uploads\/2016\/11\/20161105_171058_crop_512x718-500x701-214x300.jpg 214w\" sizes=\"auto, (max-width: 500px) 100vw, 500px\" \/><\/p>\n<p>Das Fimo wie immer sch\u00f6n weich kneten, dann grob zu einer Schlange rollen und um die Jade und das Geweihende wickeln.<\/p>\n<p><img loading=\"lazy\" decoding=\"async\" class=\"alignnone size-full wp-image-162\" src=\"https:\/\/fofftein.fimotic.com\/wp-content\/uploads\/2016\/11\/20161105_171311_crop_512x512-500x500.jpg\" alt=\"20161105_171311_crop_512x512-500x500\" width=\"500\" height=\"500\" srcset=\"https:\/\/fofftein.fimotic.com\/wp-content\/uploads\/2016\/11\/20161105_171311_crop_512x512-500x500.jpg 500w, https:\/\/fofftein.fimotic.com\/wp-content\/uploads\/2016\/11\/20161105_171311_crop_512x512-500x500-150x150.jpg 150w, https:\/\/fofftein.fimotic.com\/wp-content\/uploads\/2016\/11\/20161105_171311_crop_512x512-500x500-300x300.jpg 300w\" sizes=\"auto, (max-width: 500px) 100vw, 500px\" \/><\/p>\n<p>Das h\u00e4lt tats\u00e4chlich schon. Ich m\u00f6chte einen m\u00f6glichst weichen \u00dcbergang von Jade zu Fimo zu Geweih haben. Daf\u00fcr lege ich noch weitere Fimo Str\u00e4nge am Geweih herunter und verstreiche alles mit einer Stricknadel. Muss gar nicht super glatt werden, wird ja noch verziert. Ich versuche das Fimo harmonisch mit den vorhandenen Strukturen zu verbinden.<\/p>\n<p><img loading=\"lazy\" decoding=\"async\" class=\"alignnone size-full wp-image-163\" src=\"https:\/\/fofftein.fimotic.com\/wp-content\/uploads\/2016\/11\/20161105_172622_crop_435x888-500x1020.jpg\" alt=\"20161105_172622_crop_435x888-500x1020\" width=\"500\" height=\"1020\" srcset=\"https:\/\/fofftein.fimotic.com\/wp-content\/uploads\/2016\/11\/20161105_172622_crop_435x888-500x1020.jpg 500w, https:\/\/fofftein.fimotic.com\/wp-content\/uploads\/2016\/11\/20161105_172622_crop_435x888-500x1020-147x300.jpg 147w\" sizes=\"auto, (max-width: 500px) 100vw, 500px\" \/><\/p>\n<p>Und schon geht es ans Verzieren. Dazu rolle ich mir wieder eine d\u00fcnne Fimowurst und schneide davon ganz viele Scheibchen ab.<\/p>\n<p><img loading=\"lazy\" decoding=\"async\" class=\"alignnone size-full wp-image-164\" src=\"https:\/\/fofftein.fimotic.com\/wp-content\/uploads\/2016\/11\/20161105_173233_crop_530x512-500x483.jpg\" alt=\"20161105_173233_crop_530x512-500x483\" width=\"500\" height=\"483\" srcset=\"https:\/\/fofftein.fimotic.com\/wp-content\/uploads\/2016\/11\/20161105_173233_crop_530x512-500x483.jpg 500w, https:\/\/fofftein.fimotic.com\/wp-content\/uploads\/2016\/11\/20161105_173233_crop_530x512-500x483-300x290.jpg 300w\" sizes=\"auto, (max-width: 500px) 100vw, 500px\" \/><\/p>\n<p>Aus Scheibchen werden K\u00fcgelchen.<\/p>\n<p><img loading=\"lazy\" decoding=\"async\" class=\"alignnone size-full wp-image-165\" src=\"https:\/\/fofftein.fimotic.com\/wp-content\/uploads\/2016\/11\/20161105_173319_crop_512x512-500x500.jpg\" alt=\"20161105_173319_crop_512x512-500x500\" width=\"500\" height=\"500\" srcset=\"https:\/\/fofftein.fimotic.com\/wp-content\/uploads\/2016\/11\/20161105_173319_crop_512x512-500x500.jpg 500w, https:\/\/fofftein.fimotic.com\/wp-content\/uploads\/2016\/11\/20161105_173319_crop_512x512-500x500-150x150.jpg 150w, https:\/\/fofftein.fimotic.com\/wp-content\/uploads\/2016\/11\/20161105_173319_crop_512x512-500x500-300x300.jpg 300w\" sizes=\"auto, (max-width: 500px) 100vw, 500px\" \/><\/p>\n<p>Die K\u00fcgelchen pappe ich aufs Fimo und dr\u00fccke mit einem Kugeltool (den richtigen Namen weiss ich grad nicht) bei jedem K\u00fcgelchen die Mitte, so dass sich eine kleine Schale bildet.<\/p>\n<p><img loading=\"lazy\" decoding=\"async\" class=\"alignnone size-full wp-image-166\" src=\"https:\/\/fofftein.fimotic.com\/wp-content\/uploads\/2016\/11\/20161105_173557_crop_581x512-500x440.jpg\" alt=\"20161105_173557_crop_581x512-500x440\" width=\"500\" height=\"440\" srcset=\"https:\/\/fofftein.fimotic.com\/wp-content\/uploads\/2016\/11\/20161105_173557_crop_581x512-500x440.jpg 500w, https:\/\/fofftein.fimotic.com\/wp-content\/uploads\/2016\/11\/20161105_173557_crop_581x512-500x440-300x264.jpg 300w\" sizes=\"auto, (max-width: 500px) 100vw, 500px\" \/><\/p>\n<p>Aber nicht \u00fcberall kommen diese Kelche hin. Ich rolle wieder ein d\u00fcnnes W\u00fcrstchen, aber diesmal gebe ich mir mehr M\u00fche, weil ich ein glattes W\u00fcrstchen will, mit einem spitz zulaufenden Ende. Dabei hilft mir ein kleines Acrylbrettchen, mit dem ich mein W\u00fcrstchen rolle. Einfach ein Fimow\u00fcrstchen unter dem Brettchen mit wenig Druck vor und zur\u00fcck rollen. F\u00fcr die Spitze etwas Druck an einer Seite aus\u00fcben.<\/p>\n<p><img loading=\"lazy\" decoding=\"async\" class=\"alignnone size-full wp-image-167\" src=\"https:\/\/fofftein.fimotic.com\/wp-content\/uploads\/2016\/11\/20161105_175927_crop_512x512-500x500.jpg\" alt=\"20161105_175927_crop_512x512-500x500\" width=\"500\" height=\"500\" srcset=\"https:\/\/fofftein.fimotic.com\/wp-content\/uploads\/2016\/11\/20161105_175927_crop_512x512-500x500.jpg 500w, https:\/\/fofftein.fimotic.com\/wp-content\/uploads\/2016\/11\/20161105_175927_crop_512x512-500x500-150x150.jpg 150w, https:\/\/fofftein.fimotic.com\/wp-content\/uploads\/2016\/11\/20161105_175927_crop_512x512-500x500-300x300.jpg 300w\" sizes=\"auto, (max-width: 500px) 100vw, 500px\" \/><\/p>\n<p>Die Spitze spiralig einrollen und auflegen. Den Schwanz nach unten auslaufen lassen.<\/p>\n<p><img loading=\"lazy\" decoding=\"async\" class=\"alignnone size-full wp-image-168\" src=\"https:\/\/fofftein.fimotic.com\/wp-content\/uploads\/2016\/11\/20161105_175400_crop_512x813-500x793.jpg\" alt=\"20161105_175400_crop_512x813-500x793\" width=\"500\" height=\"793\" srcset=\"https:\/\/fofftein.fimotic.com\/wp-content\/uploads\/2016\/11\/20161105_175400_crop_512x813-500x793.jpg 500w, https:\/\/fofftein.fimotic.com\/wp-content\/uploads\/2016\/11\/20161105_175400_crop_512x813-500x793-189x300.jpg 189w\" sizes=\"auto, (max-width: 500px) 100vw, 500px\" \/><\/p>\n<p>Und noch ein Paar mehr spiralige W\u00fcrstchen.<\/p>\n<p><img loading=\"lazy\" decoding=\"async\" class=\"alignnone size-full wp-image-200\" src=\"https:\/\/fofftein.fimotic.com\/wp-content\/uploads\/2016\/11\/20161105_180856_crop_513x697-500x679.jpg\" alt=\"20161105_180856_crop_513x697-500x679\" width=\"500\" height=\"679\" srcset=\"https:\/\/fofftein.fimotic.com\/wp-content\/uploads\/2016\/11\/20161105_180856_crop_513x697-500x679.jpg 500w, https:\/\/fofftein.fimotic.com\/wp-content\/uploads\/2016\/11\/20161105_180856_crop_513x697-500x679-221x300.jpg 221w\" sizes=\"auto, (max-width: 500px) 100vw, 500px\" \/><\/p>\n<p>In die L\u00fccken zwischen den Spiralen kommen K\u00fcgelchen.<\/p>\n<p><img loading=\"lazy\" decoding=\"async\" class=\"alignnone size-full wp-image-201\" src=\"https:\/\/fofftein.fimotic.com\/wp-content\/uploads\/2016\/11\/20161105_182737_crop_512x754-500x736.jpg\" alt=\"20161105_182737_crop_512x754-500x736\" width=\"500\" height=\"736\" srcset=\"https:\/\/fofftein.fimotic.com\/wp-content\/uploads\/2016\/11\/20161105_182737_crop_512x754-500x736.jpg 500w, https:\/\/fofftein.fimotic.com\/wp-content\/uploads\/2016\/11\/20161105_182737_crop_512x754-500x736-204x300.jpg 204w\" sizes=\"auto, (max-width: 500px) 100vw, 500px\" \/><\/p>\n<p>Als alles voll mit W\u00fcrstchen und K\u00fcgelchen war, habe ich das Fimo mit PanPastels angemalt. PanPastel ist superweiche Pastelkreide die in kleinen N\u00e4pfchen daherkommt. Man kann auch normale Pastellkreide benutzen. Die\u00a0Pastelkreiden dazu mit einem Messer durch abschaben pulverisieren. Mit diesem Pulver dann das Fimo mit einem weichen Pinsel bemalen. PanPastels kann ich direkt aus dem N\u00e4pfchen benutzen. Ich habe Gelb, Braun, T\u00fcrkis und Gr\u00fcn genommen. Die Kreiden haften prima auf dem ungebackenen Fimo. Auf diesem Bild sieht man auch noch, dass ich in die Kelche noch kleine K\u00fcgelchen gesetzt habe, die dann wiederum zu Kelchen geworden sind.<\/p>\n<p><img loading=\"lazy\" decoding=\"async\" class=\"alignnone size-full wp-image-203\" src=\"https:\/\/fofftein.fimotic.com\/wp-content\/uploads\/2016\/11\/20161105_220008_crop_512x512-500x500.jpg\" alt=\"20161105_220008_crop_512x512-500x500\" width=\"500\" height=\"500\" srcset=\"https:\/\/fofftein.fimotic.com\/wp-content\/uploads\/2016\/11\/20161105_220008_crop_512x512-500x500.jpg 500w, https:\/\/fofftein.fimotic.com\/wp-content\/uploads\/2016\/11\/20161105_220008_crop_512x512-500x500-150x150.jpg 150w, https:\/\/fofftein.fimotic.com\/wp-content\/uploads\/2016\/11\/20161105_220008_crop_512x512-500x500-300x300.jpg 300w\" sizes=\"auto, (max-width: 500px) 100vw, 500px\" \/><\/p>\n<p>Und ab in den Backofen. Und so ist es dann wieder heraus gekommen. Ist mir viel zu blass in den Farben, da ist kein Leben drin. Die Farben haben sich beim Backen nicht derartig ver\u00e4ndert, das ist nur das Licht.<\/p>\n<p><img loading=\"lazy\" decoding=\"async\" class=\"alignnone size-full wp-image-205\" src=\"https:\/\/fofftein.fimotic.com\/wp-content\/uploads\/2016\/11\/20161105_220227_crop_580x373-500x321.jpg\" alt=\"20161105_220227_crop_580x373-500x321\" width=\"500\" height=\"321\" srcset=\"https:\/\/fofftein.fimotic.com\/wp-content\/uploads\/2016\/11\/20161105_220227_crop_580x373-500x321.jpg 500w, https:\/\/fofftein.fimotic.com\/wp-content\/uploads\/2016\/11\/20161105_220227_crop_580x373-500x321-300x193.jpg 300w\" sizes=\"auto, (max-width: 500px) 100vw, 500px\" \/><\/p>\n<p>Ich wollte mehr Tiefe. Also mussten dunklere Farben in die Vertiefungen hinein. Da h\u00e4tte ich schwarze Akrylfarbe \u00fcber alles dr\u00fcbermalen und wieder abwischen k\u00f6nnen, das h\u00e4tte mir aber die Farben zu stark ver\u00e4ndert. Deshalb habe ich die Dervent inktense genommen. Dervent inktense haben etwas von Aqurellfarben an sich. Sie werden mit Wasser vermalt und sind feucht ineinander vermalbar. Wenn sie erst einmal getrocknet sind, dann sind sie wasserfest.<\/p>\n<p><img loading=\"lazy\" decoding=\"async\" class=\"alignnone size-full wp-image-206\" src=\"https:\/\/fofftein.fimotic.com\/wp-content\/uploads\/2016\/11\/20161106_163215_crop_639x512-500x400.jpg\" alt=\"20161106_163215_crop_639x512-500x400\" width=\"500\" height=\"400\" srcset=\"https:\/\/fofftein.fimotic.com\/wp-content\/uploads\/2016\/11\/20161106_163215_crop_639x512-500x400.jpg 500w, https:\/\/fofftein.fimotic.com\/wp-content\/uploads\/2016\/11\/20161106_163215_crop_639x512-500x400-300x240.jpg 300w\" sizes=\"auto, (max-width: 500px) 100vw, 500px\" \/><\/p>\n<p>Ich nehme die Bl\u00f6cke immer aus dem Kasten heraus, da sich sonst das Wasser unter dem Block sammelt und die Farbe anl\u00f6st. Mit einem Pinsel mache ich den Block nass und r\u00fchre etwas drauf herum, so dass ich die Farbe aufnehme. Damit es auf Fimo funktioniert, darf die Farbe nicht w\u00e4ssrig sein, sondern eher etwas cremig.<\/p>\n<p><img loading=\"lazy\" decoding=\"async\" class=\"alignnone size-full wp-image-208\" src=\"https:\/\/fofftein.fimotic.com\/wp-content\/uploads\/2016\/11\/20161106_163632_crop_298x319-500x535.jpg\" alt=\"20161106_163632_crop_298x319-500x535\" width=\"500\" height=\"535\" srcset=\"https:\/\/fofftein.fimotic.com\/wp-content\/uploads\/2016\/11\/20161106_163632_crop_298x319-500x535.jpg 500w, https:\/\/fofftein.fimotic.com\/wp-content\/uploads\/2016\/11\/20161106_163632_crop_298x319-500x535-280x300.jpg 280w\" sizes=\"auto, (max-width: 500px) 100vw, 500px\" \/><\/p>\n<p>Ausnahmsweise hatte ich die Farbe hier etwas fl\u00fcssiger, damit sie in die Vertiefungen l\u00e4uft. Den Unterschied kann man gut bei den Spiralen sehen und unten am \u00dcbergang von Fimo zu Geweih, da sieht man, dass auch das Geweih jetzt ergr\u00fcnt ist.<\/p>\n<p><img loading=\"lazy\" decoding=\"async\" class=\"alignnone size-full wp-image-210\" src=\"https:\/\/fofftein.fimotic.com\/wp-content\/uploads\/2016\/11\/20161106_164238_crop_500x402.jpg\" alt=\"20161106_164238_crop_500x402\" width=\"500\" height=\"402\" srcset=\"https:\/\/fofftein.fimotic.com\/wp-content\/uploads\/2016\/11\/20161106_164238_crop_500x402.jpg 500w, https:\/\/fofftein.fimotic.com\/wp-content\/uploads\/2016\/11\/20161106_164238_crop_500x402-300x241.jpg 300w\" sizes=\"auto, (max-width: 500px) 100vw, 500px\" \/><\/p>\n<p>Da die Kelche jetzt alle wieder gr\u00fcn geworden sind, habe ich mein Inka Gold genommen. Da nehme ich immer etwas Farbe aus dem Topf und schmiere es auf meine Arbeitsfl\u00e4che. Mit der Fingerbeere das Inka Gold d\u00fcnn aufnehmen und \u00fcber die erh\u00f6hten Stellen streichen.<\/p>\n<p><img loading=\"lazy\" decoding=\"async\" class=\"alignnone size-full wp-image-212\" src=\"https:\/\/fofftein.fimotic.com\/wp-content\/uploads\/2016\/11\/20161106_164617_crop_512x383-500x374.jpg\" alt=\"20161106_164617_crop_512x383-500x374\" width=\"500\" height=\"374\" srcset=\"https:\/\/fofftein.fimotic.com\/wp-content\/uploads\/2016\/11\/20161106_164617_crop_512x383-500x374.jpg 500w, https:\/\/fofftein.fimotic.com\/wp-content\/uploads\/2016\/11\/20161106_164617_crop_512x383-500x374-300x224.jpg 300w\" sizes=\"auto, (max-width: 500px) 100vw, 500px\" \/><\/p>\n<p>\u00dcberall ein wenig Inka Gold, sowohl auf dem Fimo als auch auf dem, was noch vom Geweih rausschaut.<\/p>\n<p><img loading=\"lazy\" decoding=\"async\" class=\"alignnone size-full wp-image-214\" src=\"https:\/\/fofftein.fimotic.com\/wp-content\/uploads\/2016\/11\/20161106_174044_crop_847x512-500x302.jpg\" alt=\"20161106_174044_crop_847x512-500x302\" width=\"500\" height=\"302\" srcset=\"https:\/\/fofftein.fimotic.com\/wp-content\/uploads\/2016\/11\/20161106_174044_crop_847x512-500x302.jpg 500w, https:\/\/fofftein.fimotic.com\/wp-content\/uploads\/2016\/11\/20161106_174044_crop_847x512-500x302-300x181.jpg 300w\" sizes=\"auto, (max-width: 500px) 100vw, 500px\" \/><\/p>\n<p>Dann habe ich noch Alkohol inks dazu genommen und die K\u00fcgelchen und das Kelchinnere ist err\u00f6tet. Und mit gelber Alkohol ink lassen sich ganz prima Akzente setzen.<\/p>\n<p><img loading=\"lazy\" decoding=\"async\" class=\"alignnone size-full wp-image-215\" src=\"https:\/\/fofftein.fimotic.com\/wp-content\/uploads\/2016\/11\/20161106_231825_crop_428x512-500x598.jpg\" alt=\"20161106_231825_crop_428x512-500x598\" width=\"500\" height=\"598\" srcset=\"https:\/\/fofftein.fimotic.com\/wp-content\/uploads\/2016\/11\/20161106_231825_crop_428x512-500x598.jpg 500w, https:\/\/fofftein.fimotic.com\/wp-content\/uploads\/2016\/11\/20161106_231825_crop_428x512-500x598-251x300.jpg 251w\" sizes=\"auto, (max-width: 500px) 100vw, 500px\" \/><\/p>\n<p>In die Mitte der Spiralen ist auch noch etwas Magenta gekommen.<\/p>\n<p><img loading=\"lazy\" decoding=\"async\" class=\"alignnone size-full wp-image-217\" src=\"https:\/\/fofftein.fimotic.com\/wp-content\/uploads\/2016\/11\/20161106_231816_crop_512x512-500x500.jpg\" alt=\"20161106_231816_crop_512x512-500x500\" width=\"500\" height=\"500\" srcset=\"https:\/\/fofftein.fimotic.com\/wp-content\/uploads\/2016\/11\/20161106_231816_crop_512x512-500x500.jpg 500w, https:\/\/fofftein.fimotic.com\/wp-content\/uploads\/2016\/11\/20161106_231816_crop_512x512-500x500-150x150.jpg 150w, https:\/\/fofftein.fimotic.com\/wp-content\/uploads\/2016\/11\/20161106_231816_crop_512x512-500x500-300x300.jpg 300w\" sizes=\"auto, (max-width: 500px) 100vw, 500px\" \/><\/p>\n<p>Und hier nochmal von allen Seiten.<\/p>\n<p><img loading=\"lazy\" decoding=\"async\" class=\"alignnone size-full wp-image-219\" src=\"https:\/\/fofftein.fimotic.com\/wp-content\/uploads\/2016\/11\/20161106_231804_crop_799x368-500x230.jpg\" alt=\"20161106_231804_crop_799x368-500x230\" width=\"500\" height=\"230\" srcset=\"https:\/\/fofftein.fimotic.com\/wp-content\/uploads\/2016\/11\/20161106_231804_crop_799x368-500x230.jpg 500w, https:\/\/fofftein.fimotic.com\/wp-content\/uploads\/2016\/11\/20161106_231804_crop_799x368-500x230-300x138.jpg 300w\" sizes=\"auto, (max-width: 500px) 100vw, 500px\" \/> <img loading=\"lazy\" decoding=\"async\" class=\"alignnone size-full wp-image-220\" src=\"https:\/\/fofftein.fimotic.com\/wp-content\/uploads\/2016\/11\/20161106_231757_crop_888x376-500x211.jpg\" alt=\"20161106_231757_crop_888x376-500x211\" width=\"500\" height=\"211\" srcset=\"https:\/\/fofftein.fimotic.com\/wp-content\/uploads\/2016\/11\/20161106_231757_crop_888x376-500x211.jpg 500w, https:\/\/fofftein.fimotic.com\/wp-content\/uploads\/2016\/11\/20161106_231757_crop_888x376-500x211-300x127.jpg 300w\" sizes=\"auto, (max-width: 500px) 100vw, 500px\" \/> <img loading=\"lazy\" decoding=\"async\" class=\"alignnone size-full wp-image-221\" src=\"https:\/\/fofftein.fimotic.com\/wp-content\/uploads\/2016\/11\/20161106_231749_crop_891x345-500x193.jpg\" alt=\"20161106_231749_crop_891x345-500x193\" width=\"500\" height=\"193\" srcset=\"https:\/\/fofftein.fimotic.com\/wp-content\/uploads\/2016\/11\/20161106_231749_crop_891x345-500x193.jpg 500w, https:\/\/fofftein.fimotic.com\/wp-content\/uploads\/2016\/11\/20161106_231749_crop_891x345-500x193-300x116.jpg 300w\" sizes=\"auto, (max-width: 500px) 100vw, 500px\" \/><\/p>\n","protected":false},"excerpt":{"rendered":"<p>Ein Hirsch kommt selten allein, aber diesmal kann ich zeigen, wie er entstanden ist. Die Grundzutaten sind ein Geweihende, weisses Fimo professional und ein St\u00fcck Jade. Das Weiss sieht auf den Fotos furchtbar Gelb aus. Das Fimo wie immer sch\u00f6n &hellip; <a href=\"https:\/\/fofftein.fimotic.com\/?page_id=79\">Weiterlesen <span class=\"meta-nav\">&rarr;<\/span><\/a><\/p>\n","protected":false},"author":3,"featured_media":0,"parent":46,"menu_order":0,"comment_status":"open","ping_status":"closed","template":"","meta":{"footnotes":""},"class_list":["post-79","page","type-page","status-publish","hentry"],"_links":{"self":[{"href":"https:\/\/fofftein.fimotic.com\/index.php?rest_route=\/wp\/v2\/pages\/79","targetHints":{"allow":["GET"]}}],"collection":[{"href":"https:\/\/fofftein.fimotic.com\/index.php?rest_route=\/wp\/v2\/pages"}],"about":[{"href":"https:\/\/fofftein.fimotic.com\/index.php?rest_route=\/wp\/v2\/types\/page"}],"author":[{"embeddable":true,"href":"https:\/\/fofftein.fimotic.com\/index.php?rest_route=\/wp\/v2\/users\/3"}],"replies":[{"embeddable":true,"href":"https:\/\/fofftein.fimotic.com\/index.php?rest_route=%2Fwp%2Fv2%2Fcomments&post=79"}],"version-history":[{"count":13,"href":"https:\/\/fofftein.fimotic.com\/index.php?rest_route=\/wp\/v2\/pages\/79\/revisions"}],"predecessor-version":[{"id":230,"href":"https:\/\/fofftein.fimotic.com\/index.php?rest_route=\/wp\/v2\/pages\/79\/revisions\/230"}],"up":[{"embeddable":true,"href":"https:\/\/fofftein.fimotic.com\/index.php?rest_route=\/wp\/v2\/pages\/46"}],"wp:attachment":[{"href":"https:\/\/fofftein.fimotic.com\/index.php?rest_route=%2Fwp%2Fv2%2Fmedia&parent=79"}],"curies":[{"name":"wp","href":"https:\/\/api.w.org\/{rel}","templated":true}]}}