{"id":759,"date":"2017-02-05T21:32:10","date_gmt":"2017-02-05T20:32:10","guid":{"rendered":"http:\/\/fofftein.fimotic.com\/?page_id=759"},"modified":"2017-02-05T21:54:09","modified_gmt":"2017-02-05T20:54:09","slug":"playmaisersatzspielerei","status":"publish","type":"page","link":"https:\/\/fofftein.fimotic.com\/?page_id=759","title":{"rendered":"Playmaisersatzspielerei"},"content":{"rendered":"<p>Tumana hat k\u00fcrzlich erst mit Playmais rumgespielt. Hier geht es zu ihren Experimenten:\u00a0<a href=\"http:\/\/kreativ.fimotic.com\/?p=6014\" target=\"_blank\">Tumanas Playmaisbl\u00fcten<\/a><\/p>\n<p>Da ich keinen Playmais gefunden habe, musste ein Ersatz her. Die kompostierbaren Verpackungschips habe ich schon lange rumliegen und auch schon als Perleninnereien genutzt. Und irgendwie sind die dem Playmais sehr \u00e4hnlich. Die richtigen Verpackungschips erkennt man daran, dass sie sich in Wasser aufl\u00f6sen, bzw. \u00a0wenn sie nur leicht angefeuchtet werden, dann kann man sie aneinander kleben.<\/p>\n<p>Tumanas Bl\u00fcten sind \u00a0viel sch\u00f6ner als meine, aber ich wollte einfach mal ausprobieren, ob meine Idee grunds\u00e4tzlich funktioniert.<\/p>\n<p>So sieht mein Ersatzplaymais aus.<\/p>\n<p><img loading=\"lazy\" decoding=\"async\" class=\"alignnone size-full wp-image-782\" src=\"https:\/\/fofftein.fimotic.com\/wp-content\/uploads\/2017\/02\/20170205_134724_crop_500x300.jpg\" alt=\"\" width=\"500\" height=\"300\" srcset=\"https:\/\/fofftein.fimotic.com\/wp-content\/uploads\/2017\/02\/20170205_134724_crop_500x300.jpg 500w, https:\/\/fofftein.fimotic.com\/wp-content\/uploads\/2017\/02\/20170205_134724_crop_500x300-300x180.jpg 300w\" sizes=\"auto, (max-width: 500px) 100vw, 500px\" \/><\/p>\n<p>Zweimal, mit dem Skalpel, nicht ganz bis zum Ende einschneiden.<\/p>\n<p><img loading=\"lazy\" decoding=\"async\" class=\"alignnone size-full wp-image-780\" src=\"https:\/\/fofftein.fimotic.com\/wp-content\/uploads\/2017\/02\/20170205_135153_crop_500x300.jpg\" alt=\"\" width=\"500\" height=\"300\" srcset=\"https:\/\/fofftein.fimotic.com\/wp-content\/uploads\/2017\/02\/20170205_135153_crop_500x300.jpg 500w, https:\/\/fofftein.fimotic.com\/wp-content\/uploads\/2017\/02\/20170205_135153_crop_500x300-300x180.jpg 300w\" sizes=\"auto, (max-width: 500px) 100vw, 500px\" \/><\/p>\n<p>Sieht dann so aus.<\/p>\n<p><img loading=\"lazy\" decoding=\"async\" class=\"alignnone size-full wp-image-779\" src=\"https:\/\/fofftein.fimotic.com\/wp-content\/uploads\/2017\/02\/20170205_135202_crop_500x300.jpg\" alt=\"\" width=\"500\" height=\"300\" srcset=\"https:\/\/fofftein.fimotic.com\/wp-content\/uploads\/2017\/02\/20170205_135202_crop_500x300.jpg 500w, https:\/\/fofftein.fimotic.com\/wp-content\/uploads\/2017\/02\/20170205_135202_crop_500x300-300x180.jpg 300w\" sizes=\"auto, (max-width: 500px) 100vw, 500px\" \/><\/p>\n<p>Und einmal quer dazu schneiden. Macht 6 kleine \u00c4rmchen.<\/p>\n<p><img loading=\"lazy\" decoding=\"async\" class=\"alignnone size-full wp-image-778\" src=\"https:\/\/fofftein.fimotic.com\/wp-content\/uploads\/2017\/02\/20170205_135214_crop_500x300.jpg\" alt=\"\" width=\"500\" height=\"300\" srcset=\"https:\/\/fofftein.fimotic.com\/wp-content\/uploads\/2017\/02\/20170205_135214_crop_500x300.jpg 500w, https:\/\/fofftein.fimotic.com\/wp-content\/uploads\/2017\/02\/20170205_135214_crop_500x300-300x180.jpg 300w\" sizes=\"auto, (max-width: 500px) 100vw, 500px\" \/><\/p>\n<p>Zwei d\u00fcnne Fimow\u00fcrstchen rollen und die Enden jeweils zwischen ein \u00e4usseres und ein inneres \u00c4rmchen legen. Das sollen die Bl\u00fctenstempel werden.<\/p>\n<p><img loading=\"lazy\" decoding=\"async\" class=\"alignnone size-full wp-image-777\" src=\"https:\/\/fofftein.fimotic.com\/wp-content\/uploads\/2017\/02\/20170205_135306_crop_500x300.jpg\" alt=\"\" width=\"500\" height=\"300\" srcset=\"https:\/\/fofftein.fimotic.com\/wp-content\/uploads\/2017\/02\/20170205_135306_crop_500x300.jpg 500w, https:\/\/fofftein.fimotic.com\/wp-content\/uploads\/2017\/02\/20170205_135306_crop_500x300-300x180.jpg 300w\" sizes=\"auto, (max-width: 500px) 100vw, 500px\" \/><\/p>\n<p>Und ein drittes W\u00fcrstchen kommt in die Mitte, weil Bl\u00fcten immer eine ungerade Anzahl an Stempeln haben. Stopf.<\/p>\n<p><img loading=\"lazy\" decoding=\"async\" class=\"alignnone size-full wp-image-776\" src=\"https:\/\/fofftein.fimotic.com\/wp-content\/uploads\/2017\/02\/20170205_135321_crop_500x300.jpg\" alt=\"\" width=\"500\" height=\"300\" srcset=\"https:\/\/fofftein.fimotic.com\/wp-content\/uploads\/2017\/02\/20170205_135321_crop_500x300.jpg 500w, https:\/\/fofftein.fimotic.com\/wp-content\/uploads\/2017\/02\/20170205_135321_crop_500x300-300x180.jpg 300w\" sizes=\"auto, (max-width: 500px) 100vw, 500px\" \/><\/p>\n<p>Die herausschauenden Enden der Stempel zusammen dr\u00fccken. Hieran werden dann die inneren Bl\u00fctenbl\u00e4tter fest gemacht.<\/p>\n<p><img loading=\"lazy\" decoding=\"async\" class=\"alignnone size-full wp-image-775\" src=\"https:\/\/fofftein.fimotic.com\/wp-content\/uploads\/2017\/02\/20170205_135331_crop_500x300.jpg\" alt=\"\" width=\"500\" height=\"300\" srcset=\"https:\/\/fofftein.fimotic.com\/wp-content\/uploads\/2017\/02\/20170205_135331_crop_500x300.jpg 500w, https:\/\/fofftein.fimotic.com\/wp-content\/uploads\/2017\/02\/20170205_135331_crop_500x300-300x180.jpg 300w\" sizes=\"auto, (max-width: 500px) 100vw, 500px\" \/><\/p>\n<p>F\u00fcr die Bl\u00fctenbl\u00e4tter ein \u00fcbriggebliebenes St\u00fcck eines Farbverlaufs nehmen und ziemlich d\u00fcnn durch die Nudelmaschine rollen. Daraus dann viele Bl\u00e4tter ausstechen.<\/p>\n<p><img loading=\"lazy\" decoding=\"async\" class=\"alignnone size-full wp-image-774\" src=\"https:\/\/fofftein.fimotic.com\/wp-content\/uploads\/2017\/02\/20170205_135630_crop_500x300.jpg\" alt=\"\" width=\"500\" height=\"300\" srcset=\"https:\/\/fofftein.fimotic.com\/wp-content\/uploads\/2017\/02\/20170205_135630_crop_500x300.jpg 500w, https:\/\/fofftein.fimotic.com\/wp-content\/uploads\/2017\/02\/20170205_135630_crop_500x300-300x180.jpg 300w\" sizes=\"auto, (max-width: 500px) 100vw, 500px\" \/><\/p>\n<p>Viele Bl\u00e4tter.<\/p>\n<p><img loading=\"lazy\" decoding=\"async\" class=\"alignnone size-full wp-image-773\" src=\"https:\/\/fofftein.fimotic.com\/wp-content\/uploads\/2017\/02\/20170205_135812_crop_500x300.jpg\" alt=\"\" width=\"500\" height=\"300\" srcset=\"https:\/\/fofftein.fimotic.com\/wp-content\/uploads\/2017\/02\/20170205_135812_crop_500x300.jpg 500w, https:\/\/fofftein.fimotic.com\/wp-content\/uploads\/2017\/02\/20170205_135812_crop_500x300-300x180.jpg 300w\" sizes=\"auto, (max-width: 500px) 100vw, 500px\" \/><\/p>\n<p>Die helleren Bl\u00e4tter f\u00fcr die Bl\u00fctenmitte nehmen.<\/p>\n<p><img loading=\"lazy\" decoding=\"async\" class=\"alignnone size-full wp-image-772\" src=\"https:\/\/fofftein.fimotic.com\/wp-content\/uploads\/2017\/02\/20170205_140128_crop_500x300.jpg\" alt=\"\" width=\"500\" height=\"300\" srcset=\"https:\/\/fofftein.fimotic.com\/wp-content\/uploads\/2017\/02\/20170205_140128_crop_500x300.jpg 500w, https:\/\/fofftein.fimotic.com\/wp-content\/uploads\/2017\/02\/20170205_140128_crop_500x300-300x180.jpg 300w\" sizes=\"auto, (max-width: 500px) 100vw, 500px\" \/><\/p>\n<p>Und unten rundherum am Bl\u00fctenstempel fest pappen.<\/p>\n<p><img loading=\"lazy\" decoding=\"async\" class=\"alignnone size-full wp-image-771\" src=\"https:\/\/fofftein.fimotic.com\/wp-content\/uploads\/2017\/02\/20170205_140252_crop_500x300.jpg\" alt=\"\" width=\"500\" height=\"300\" srcset=\"https:\/\/fofftein.fimotic.com\/wp-content\/uploads\/2017\/02\/20170205_140252_crop_500x300.jpg 500w, https:\/\/fofftein.fimotic.com\/wp-content\/uploads\/2017\/02\/20170205_140252_crop_500x300-300x180.jpg 300w\" sizes=\"auto, (max-width: 500px) 100vw, 500px\" \/><\/p>\n<p>Dann nochmal eine Schicht Playmaisersatz drumherum. Leider habe ich die Teile einfach nur halbiert. Dadurch ist der Abstand zur n\u00e4chsten Bl\u00fctenreihe etwas zu gross.<\/p>\n<p><img loading=\"lazy\" decoding=\"async\" class=\"alignnone size-full wp-image-769\" src=\"https:\/\/fofftein.fimotic.com\/wp-content\/uploads\/2017\/02\/20170205_140429_crop_500x300.jpg\" alt=\"\" width=\"500\" height=\"300\" srcset=\"https:\/\/fofftein.fimotic.com\/wp-content\/uploads\/2017\/02\/20170205_140429_crop_500x300.jpg 500w, https:\/\/fofftein.fimotic.com\/wp-content\/uploads\/2017\/02\/20170205_140429_crop_500x300-300x180.jpg 300w\" sizes=\"auto, (max-width: 500px) 100vw, 500px\" \/><\/p>\n<p>Wichtig ist, dass das untere Ende wieder heraus guckt, damit die n\u00e4chste Schicht Bl\u00e4tter daran fest gemacht werden kann.<\/p>\n<p><img loading=\"lazy\" decoding=\"async\" class=\"alignnone size-full wp-image-768\" src=\"https:\/\/fofftein.fimotic.com\/wp-content\/uploads\/2017\/02\/20170205_140458_crop_500x300.jpg\" alt=\"\" width=\"500\" height=\"300\" srcset=\"https:\/\/fofftein.fimotic.com\/wp-content\/uploads\/2017\/02\/20170205_140458_crop_500x300.jpg 500w, https:\/\/fofftein.fimotic.com\/wp-content\/uploads\/2017\/02\/20170205_140458_crop_500x300-300x180.jpg 300w\" sizes=\"auto, (max-width: 500px) 100vw, 500px\" \/><\/p>\n<p>Rundherum Bl\u00e4tter anpappen. Und dann in den Backofen schieben und nach Packungsanweisung backen.<\/p>\n<p><img loading=\"lazy\" decoding=\"async\" class=\"alignnone size-full wp-image-767\" src=\"https:\/\/fofftein.fimotic.com\/wp-content\/uploads\/2017\/02\/20170205_140554_crop_500x300.jpg\" alt=\"\" width=\"500\" height=\"300\" srcset=\"https:\/\/fofftein.fimotic.com\/wp-content\/uploads\/2017\/02\/20170205_140554_crop_500x300.jpg 500w, https:\/\/fofftein.fimotic.com\/wp-content\/uploads\/2017\/02\/20170205_140554_crop_500x300-300x180.jpg 300w\" sizes=\"auto, (max-width: 500px) 100vw, 500px\" \/><\/p>\n<p>Wenn es aus dem Ofen kommt, dann sieht es noch genauso aus, ist aber fest.<\/p>\n<p><img loading=\"lazy\" decoding=\"async\" class=\"alignnone size-full wp-image-766\" src=\"https:\/\/fofftein.fimotic.com\/wp-content\/uploads\/2017\/02\/20170205_171329_crop_500x300.jpg\" alt=\"\" width=\"500\" height=\"300\" srcset=\"https:\/\/fofftein.fimotic.com\/wp-content\/uploads\/2017\/02\/20170205_171329_crop_500x300.jpg 500w, https:\/\/fofftein.fimotic.com\/wp-content\/uploads\/2017\/02\/20170205_171329_crop_500x300-300x180.jpg 300w\" sizes=\"auto, (max-width: 500px) 100vw, 500px\" \/><\/p>\n<p>Und nun darf es baden gehen.<\/p>\n<p><img loading=\"lazy\" decoding=\"async\" class=\"alignnone size-full wp-image-765\" src=\"https:\/\/fofftein.fimotic.com\/wp-content\/uploads\/2017\/02\/20170205_171415_crop_500x300-1.jpg\" alt=\"\" width=\"500\" height=\"300\" srcset=\"https:\/\/fofftein.fimotic.com\/wp-content\/uploads\/2017\/02\/20170205_171415_crop_500x300-1.jpg 500w, https:\/\/fofftein.fimotic.com\/wp-content\/uploads\/2017\/02\/20170205_171415_crop_500x300-1-300x180.jpg 300w\" sizes=\"auto, (max-width: 500px) 100vw, 500px\" \/><\/p>\n<p>Iiih, schleimig. Ein Pinsel hilft den Schleim zwischen den Bl\u00e4ttern heraus zu bekommen.<\/p>\n<p><img loading=\"lazy\" decoding=\"async\" class=\"alignnone size-full wp-image-764\" src=\"https:\/\/fofftein.fimotic.com\/wp-content\/uploads\/2017\/02\/20170205_171454_crop_500x300.jpg\" alt=\"\" width=\"500\" height=\"300\" srcset=\"https:\/\/fofftein.fimotic.com\/wp-content\/uploads\/2017\/02\/20170205_171454_crop_500x300.jpg 500w, https:\/\/fofftein.fimotic.com\/wp-content\/uploads\/2017\/02\/20170205_171454_crop_500x300-300x180.jpg 300w\" sizes=\"auto, (max-width: 500px) 100vw, 500px\" \/><\/p>\n<p>Und fertig ist die 3D Bl\u00fcte. Nicht sch\u00f6n, aber funktioniert.<\/p>\n<p><img loading=\"lazy\" decoding=\"async\" class=\"alignnone size-full wp-image-763\" src=\"https:\/\/fofftein.fimotic.com\/wp-content\/uploads\/2017\/02\/20170205_171647_crop_500x300.jpg\" alt=\"\" width=\"500\" height=\"300\" srcset=\"https:\/\/fofftein.fimotic.com\/wp-content\/uploads\/2017\/02\/20170205_171647_crop_500x300.jpg 500w, https:\/\/fofftein.fimotic.com\/wp-content\/uploads\/2017\/02\/20170205_171647_crop_500x300-300x180.jpg 300w\" sizes=\"auto, (max-width: 500px) 100vw, 500px\" \/><\/p>\n<p>&nbsp;<\/p>\n","protected":false},"excerpt":{"rendered":"<p>Tumana hat k\u00fcrzlich erst mit Playmais rumgespielt. Hier geht es zu ihren Experimenten:\u00a0Tumanas Playmaisbl\u00fcten Da ich keinen Playmais gefunden habe, musste ein Ersatz her. Die kompostierbaren Verpackungschips habe ich schon lange rumliegen und auch schon als Perleninnereien genutzt. Und irgendwie &hellip; <a href=\"https:\/\/fofftein.fimotic.com\/?page_id=759\">Weiterlesen <span class=\"meta-nav\">&rarr;<\/span><\/a><\/p>\n","protected":false},"author":3,"featured_media":0,"parent":46,"menu_order":0,"comment_status":"closed","ping_status":"closed","template":"","meta":{"footnotes":""},"class_list":["post-759","page","type-page","status-publish","hentry"],"_links":{"self":[{"href":"https:\/\/fofftein.fimotic.com\/index.php?rest_route=\/wp\/v2\/pages\/759","targetHints":{"allow":["GET"]}}],"collection":[{"href":"https:\/\/fofftein.fimotic.com\/index.php?rest_route=\/wp\/v2\/pages"}],"about":[{"href":"https:\/\/fofftein.fimotic.com\/index.php?rest_route=\/wp\/v2\/types\/page"}],"author":[{"embeddable":true,"href":"https:\/\/fofftein.fimotic.com\/index.php?rest_route=\/wp\/v2\/users\/3"}],"replies":[{"embeddable":true,"href":"https:\/\/fofftein.fimotic.com\/index.php?rest_route=%2Fwp%2Fv2%2Fcomments&post=759"}],"version-history":[{"count":6,"href":"https:\/\/fofftein.fimotic.com\/index.php?rest_route=\/wp\/v2\/pages\/759\/revisions"}],"predecessor-version":[{"id":793,"href":"https:\/\/fofftein.fimotic.com\/index.php?rest_route=\/wp\/v2\/pages\/759\/revisions\/793"}],"up":[{"embeddable":true,"href":"https:\/\/fofftein.fimotic.com\/index.php?rest_route=\/wp\/v2\/pages\/46"}],"wp:attachment":[{"href":"https:\/\/fofftein.fimotic.com\/index.php?rest_route=%2Fwp%2Fv2%2Fmedia&parent=759"}],"curies":[{"name":"wp","href":"https:\/\/api.w.org\/{rel}","templated":true}]}}