{"id":73,"date":"2016-11-14T18:10:52","date_gmt":"2016-11-14T17:10:52","guid":{"rendered":"http:\/\/fofftein.fimotic.com\/?page_id=73"},"modified":"2017-01-07T21:33:47","modified_gmt":"2017-01-07T20:33:47","slug":"der-erste-hirsch","status":"publish","type":"page","link":"https:\/\/fofftein.fimotic.com\/?page_id=73","title":{"rendered":"Der erste Hirsch"},"content":{"rendered":"<p>Die Geschichte vom ersten Hirschen.<\/p>\n<p>Mein Hund tut sich etwas schwer mit dem Verzehr von Kauknochen und Co. Eigentlich frisst sie sie auch gar nicht, sondern sie fummelt sie alle unter das Sofa oder den Schrank. Wenn sie es schafft, etwas hinaus zu schmuggeln, dann wird es drau\u00dfen verbuddelt und irgendwann, viel viel sp\u00e4ter, wenn es den n\u00f6tigen Reifegrad erreicht hat, reingeholt und wieder unter das Sofa oder den Schrank gefummelt, wo es dann fr\u00f6hlich feucht vor sich hin stinkt.\u00a0Irgendwann bin ich im Futterladen \u00fcber Geweihenden gestolpert, die sollen total gesund sein und wenn sie verbuddelt werden, dann stinken sie trotzdem nicht. Das war also Hirsch 0, oder auch der Ur-Hirsch. Jedenfalls wird ihr Hirsch nicht verbuddelt und sie schiebt ihn auch nicht unters Sofa. Stattdessen steht sie mit dem Hirsch im Maul hinter einem und l\u00e4sst ihn dann auf die Fliesen oder das Parkett fallen. Das scheppert ganz ordentlich.<\/p>\n<p>Igendwann habe ich mir dann im Futterladen meinen eigenen Hirsch geholt und habe ihn mit Fimo bearbeitet, das wurde dann Hirsch 1.<\/p>\n<p><img loading=\"lazy\" decoding=\"async\" class=\"alignnone size-full wp-image-146\" src=\"https:\/\/fofftein.fimotic.com\/wp-content\/uploads\/2016\/11\/20160826_104659_crop_465x884-500x950.jpg\" alt=\"20160826_104659_crop_465x884-500x950\" width=\"500\" height=\"950\" srcset=\"https:\/\/fofftein.fimotic.com\/wp-content\/uploads\/2016\/11\/20160826_104659_crop_465x884-500x950.jpg 500w, https:\/\/fofftein.fimotic.com\/wp-content\/uploads\/2016\/11\/20160826_104659_crop_465x884-500x950-158x300.jpg 158w\" sizes=\"auto, (max-width: 500px) 100vw, 500px\" \/><\/p>\n<p>Man kann die gut als Hundesnacks kaufen, ist billiger als im Bastelbedarf. Ich achte darauf Teile von Abwurfstangen zu bekommen, die verlieren die Tiere jeden Herbst und setzen neue an.<\/p>\n<p>Obendrauf sitzt ein kleiner Citrin.<\/p>\n<p><img loading=\"lazy\" decoding=\"async\" class=\"alignnone size-full wp-image-147\" src=\"https:\/\/fofftein.fimotic.com\/wp-content\/uploads\/2016\/11\/20160826_104442_crop_349x643-500x921.jpg\" alt=\"20160826_104442_crop_349x643-500x921\" width=\"500\" height=\"921\" srcset=\"https:\/\/fofftein.fimotic.com\/wp-content\/uploads\/2016\/11\/20160826_104442_crop_349x643-500x921.jpg 500w, https:\/\/fofftein.fimotic.com\/wp-content\/uploads\/2016\/11\/20160826_104442_crop_349x643-500x921-163x300.jpg 163w\" sizes=\"auto, (max-width: 500px) 100vw, 500px\" \/><\/p>\n<p>Jede Seite ist anders geworden.<\/p>\n<p><img loading=\"lazy\" decoding=\"async\" class=\"alignnone size-full wp-image-148\" src=\"https:\/\/fofftein.fimotic.com\/wp-content\/uploads\/2016\/11\/20160826_104601_crop_515x227-500x220.jpg\" alt=\"20160826_104601_crop_515x227-500x220\" width=\"500\" height=\"220\" srcset=\"https:\/\/fofftein.fimotic.com\/wp-content\/uploads\/2016\/11\/20160826_104601_crop_515x227-500x220.jpg 500w, https:\/\/fofftein.fimotic.com\/wp-content\/uploads\/2016\/11\/20160826_104601_crop_515x227-500x220-300x132.jpg 300w\" sizes=\"auto, (max-width: 500px) 100vw, 500px\" \/><\/p>\n<p><img loading=\"lazy\" decoding=\"async\" class=\"alignnone size-full wp-image-149\" src=\"https:\/\/fofftein.fimotic.com\/wp-content\/uploads\/2016\/11\/20160826_104611_crop_539x344-500x319.jpg\" alt=\"20160826_104611_crop_539x344-500x319\" width=\"500\" height=\"319\" srcset=\"https:\/\/fofftein.fimotic.com\/wp-content\/uploads\/2016\/11\/20160826_104611_crop_539x344-500x319.jpg 500w, https:\/\/fofftein.fimotic.com\/wp-content\/uploads\/2016\/11\/20160826_104611_crop_539x344-500x319-300x191.jpg 300w\" sizes=\"auto, (max-width: 500px) 100vw, 500px\" \/><\/p>\n<p><img loading=\"lazy\" decoding=\"async\" class=\"alignnone size-full wp-image-150\" src=\"https:\/\/fofftein.fimotic.com\/wp-content\/uploads\/2016\/11\/20160826_104627_crop_995x465-500x233.jpg\" alt=\"20160826_104627_crop_995x465-500x233\" width=\"500\" height=\"233\" srcset=\"https:\/\/fofftein.fimotic.com\/wp-content\/uploads\/2016\/11\/20160826_104627_crop_995x465-500x233.jpg 500w, https:\/\/fofftein.fimotic.com\/wp-content\/uploads\/2016\/11\/20160826_104627_crop_995x465-500x233-300x140.jpg 300w\" sizes=\"auto, (max-width: 500px) 100vw, 500px\" \/><\/p>\n","protected":false},"excerpt":{"rendered":"<p>Die Geschichte vom ersten Hirschen. Mein Hund tut sich etwas schwer mit dem Verzehr von Kauknochen und Co. Eigentlich frisst sie sie auch gar nicht, sondern sie fummelt sie alle unter das Sofa oder den Schrank. Wenn sie es schafft, &hellip; <a href=\"https:\/\/fofftein.fimotic.com\/?page_id=73\">Weiterlesen <span class=\"meta-nav\">&rarr;<\/span><\/a><\/p>\n","protected":false},"author":3,"featured_media":0,"parent":46,"menu_order":0,"comment_status":"open","ping_status":"closed","template":"","meta":{"footnotes":""},"class_list":["post-73","page","type-page","status-publish","hentry"],"_links":{"self":[{"href":"https:\/\/fofftein.fimotic.com\/index.php?rest_route=\/wp\/v2\/pages\/73","targetHints":{"allow":["GET"]}}],"collection":[{"href":"https:\/\/fofftein.fimotic.com\/index.php?rest_route=\/wp\/v2\/pages"}],"about":[{"href":"https:\/\/fofftein.fimotic.com\/index.php?rest_route=\/wp\/v2\/types\/page"}],"author":[{"embeddable":true,"href":"https:\/\/fofftein.fimotic.com\/index.php?rest_route=\/wp\/v2\/users\/3"}],"replies":[{"embeddable":true,"href":"https:\/\/fofftein.fimotic.com\/index.php?rest_route=%2Fwp%2Fv2%2Fcomments&post=73"}],"version-history":[{"count":5,"href":"https:\/\/fofftein.fimotic.com\/index.php?rest_route=\/wp\/v2\/pages\/73\/revisions"}],"predecessor-version":[{"id":151,"href":"https:\/\/fofftein.fimotic.com\/index.php?rest_route=\/wp\/v2\/pages\/73\/revisions\/151"}],"up":[{"embeddable":true,"href":"https:\/\/fofftein.fimotic.com\/index.php?rest_route=\/wp\/v2\/pages\/46"}],"wp:attachment":[{"href":"https:\/\/fofftein.fimotic.com\/index.php?rest_route=%2Fwp%2Fv2%2Fmedia&parent=73"}],"curies":[{"name":"wp","href":"https:\/\/api.w.org\/{rel}","templated":true}]}}