{"id":709,"date":"2017-01-23T17:06:52","date_gmt":"2017-01-23T16:06:52","guid":{"rendered":"http:\/\/fofftein.fimotic.com\/?page_id=709"},"modified":"2017-01-23T17:06:52","modified_gmt":"2017-01-23T16:06:52","slug":"symbol-pueppchen","status":"publish","type":"page","link":"https:\/\/fofftein.fimotic.com\/?page_id=709","title":{"rendered":"Symbol P\u00fcppchen"},"content":{"rendered":"<p><img loading=\"lazy\" decoding=\"async\" class=\"alignnone size-full wp-image-710\" src=\"https:\/\/fofftein.fimotic.com\/wp-content\/uploads\/2017\/01\/20170118_220333_crop_500x500.jpg\" alt=\"\" width=\"500\" height=\"500\" srcset=\"https:\/\/fofftein.fimotic.com\/wp-content\/uploads\/2017\/01\/20170118_220333_crop_500x500.jpg 500w, https:\/\/fofftein.fimotic.com\/wp-content\/uploads\/2017\/01\/20170118_220333_crop_500x500-150x150.jpg 150w, https:\/\/fofftein.fimotic.com\/wp-content\/uploads\/2017\/01\/20170118_220333_crop_500x500-300x300.jpg 300w\" sizes=\"auto, (max-width: 500px) 100vw, 500px\" \/><\/p>\n<p>Meine Symbolp\u00fcppchen stehen f\u00fcr die 4 Elemente, Wasser, Feuer, Erde, Luft und das f\u00fcnfte steht f\u00fcr den Geist, der alles belebt. Man k\u00f6nnte auch die vier Jahreszeiten oder irgend etwas anderes nehmen. Sie bestehen aus einem Fimo Kopf, welcher mit Draht mit einem Holzst\u00fcck verbunden ist. Das Holzst\u00fcck wird dann entsprechend der gew\u00fcnschten Symbolik angezogen. Der Kopf ist nat\u00fcrlich auch zum Symbol passend gef\u00e4rbt. Es muss nat\u00fcrlich nicht unbedingt ein P\u00fcppchen draus werden, die K\u00f6pfe eignen sich auch ganz wundervoll als Kettenanh\u00e4nger oder als Mittelst\u00fcck f\u00fcr ein Armband.<\/p>\n<p>F\u00fcr die Gesichter ben\u00f6tigt man eine Gesichterform, es sei denn, man kann Gesichter modellieren. Kann ich aber nicht, ich nehm die Form. Zwei gleichgrosse Stempel auf Acrylbl\u00f6cken, einen Faden, Fimo, eine Fimo Klinge, Metallic Pulver (ich nehme Pan Pastels, weil ich die so gern mag, geht aber auch mit Pearl Ex P\u00fclverchen) und eine Schraubzwinge.<\/p>\n<p><img loading=\"lazy\" decoding=\"async\" class=\"alignnone size-full wp-image-733\" src=\"https:\/\/fofftein.fimotic.com\/wp-content\/uploads\/2017\/01\/20170118_120100_crop_500x300.jpg\" alt=\"\" width=\"500\" height=\"300\" srcset=\"https:\/\/fofftein.fimotic.com\/wp-content\/uploads\/2017\/01\/20170118_120100_crop_500x300.jpg 500w, https:\/\/fofftein.fimotic.com\/wp-content\/uploads\/2017\/01\/20170118_120100_crop_500x300-300x180.jpg 300w\" sizes=\"auto, (max-width: 500px) 100vw, 500px\" \/><\/p>\n<p>Und einen Kreisausstecher in der Gr\u00f6\u00dfe der K\u00f6pfe, eher etwas kleiner als die Stempel.<\/p>\n<p><img loading=\"lazy\" decoding=\"async\" class=\"alignnone size-full wp-image-731\" src=\"https:\/\/fofftein.fimotic.com\/wp-content\/uploads\/2017\/01\/20170118_120422_crop_500x300.jpg\" alt=\"\" width=\"500\" height=\"300\" srcset=\"https:\/\/fofftein.fimotic.com\/wp-content\/uploads\/2017\/01\/20170118_120422_crop_500x300.jpg 500w, https:\/\/fofftein.fimotic.com\/wp-content\/uploads\/2017\/01\/20170118_120422_crop_500x300-300x180.jpg 300w\" sizes=\"auto, (max-width: 500px) 100vw, 500px\" \/><\/p>\n<p>Das Fimo in der Nudelmaschine in mittlerer Dicke ausrollen und doppelt legen. Einfach mit der Dicke etwas rumprobieren.<\/p>\n<p><img loading=\"lazy\" decoding=\"async\" class=\"alignnone size-full wp-image-732\" src=\"https:\/\/fofftein.fimotic.com\/wp-content\/uploads\/2017\/01\/20170118_120321_crop_500x300.jpg\" alt=\"\" width=\"500\" height=\"300\" srcset=\"https:\/\/fofftein.fimotic.com\/wp-content\/uploads\/2017\/01\/20170118_120321_crop_500x300.jpg 500w, https:\/\/fofftein.fimotic.com\/wp-content\/uploads\/2017\/01\/20170118_120321_crop_500x300-300x180.jpg 300w\" sizes=\"auto, (max-width: 500px) 100vw, 500px\" \/><\/p>\n<p>Mit dem Kreisausstecher Kreise ausstechen. Am besten gleich mehrere machen und ein wenig \u00fcben, anfangs zermatscht man noch das eine oder andere Gesicht. Aber ist ja Fimo, einfach wieder zusammen dr\u00fccken und nochmal ausrollen.<\/p>\n<p><img loading=\"lazy\" decoding=\"async\" class=\"alignnone size-full wp-image-730\" src=\"https:\/\/fofftein.fimotic.com\/wp-content\/uploads\/2017\/01\/20170118_120451_crop_500x300.jpg\" alt=\"\" width=\"500\" height=\"300\" srcset=\"https:\/\/fofftein.fimotic.com\/wp-content\/uploads\/2017\/01\/20170118_120451_crop_500x300.jpg 500w, https:\/\/fofftein.fimotic.com\/wp-content\/uploads\/2017\/01\/20170118_120451_crop_500x300-300x180.jpg 300w\" sizes=\"auto, (max-width: 500px) 100vw, 500px\" \/><\/p>\n<p>Den Rand mit dem Finger begradigen. Hier kann man auch sehen, wie dick meine Kreise sind.<\/p>\n<p><img loading=\"lazy\" decoding=\"async\" class=\"alignnone size-full wp-image-729\" src=\"https:\/\/fofftein.fimotic.com\/wp-content\/uploads\/2017\/01\/20170118_120526_crop_500x300.jpg\" alt=\"\" width=\"500\" height=\"300\" srcset=\"https:\/\/fofftein.fimotic.com\/wp-content\/uploads\/2017\/01\/20170118_120526_crop_500x300.jpg 500w, https:\/\/fofftein.fimotic.com\/wp-content\/uploads\/2017\/01\/20170118_120526_crop_500x300-300x180.jpg 300w\" sizes=\"auto, (max-width: 500px) 100vw, 500px\" \/><\/p>\n<p>Frischhaltefolie stramm \u00fcber beide Stempel ziehen. Sch\u00fctzt den Stempel und hilft das Fimo nachher wieder vom Stempel runter zu bekommen.<\/p>\n<p><img loading=\"lazy\" decoding=\"async\" class=\"alignnone size-full wp-image-724\" src=\"https:\/\/fofftein.fimotic.com\/wp-content\/uploads\/2017\/01\/20170118_123644_crop_500x300.jpg\" alt=\"\" width=\"500\" height=\"300\" srcset=\"https:\/\/fofftein.fimotic.com\/wp-content\/uploads\/2017\/01\/20170118_123644_crop_500x300.jpg 500w, https:\/\/fofftein.fimotic.com\/wp-content\/uploads\/2017\/01\/20170118_123644_crop_500x300-300x180.jpg 300w\" sizes=\"auto, (max-width: 500px) 100vw, 500px\" \/><\/p>\n<p>Sch\u00f6n stramm um den Stempel rum und hinten zusammen nehmen.<\/p>\n<p><img loading=\"lazy\" decoding=\"async\" class=\"alignnone size-full wp-image-723\" src=\"https:\/\/fofftein.fimotic.com\/wp-content\/uploads\/2017\/01\/20170118_123652_crop_500x300.jpg\" alt=\"\" width=\"500\" height=\"300\" srcset=\"https:\/\/fofftein.fimotic.com\/wp-content\/uploads\/2017\/01\/20170118_123652_crop_500x300.jpg 500w, https:\/\/fofftein.fimotic.com\/wp-content\/uploads\/2017\/01\/20170118_123652_crop_500x300-300x180.jpg 300w\" sizes=\"auto, (max-width: 500px) 100vw, 500px\" \/><\/p>\n<p>Einen Fimokreis mittig auf einem Stempel platzieren. Und den zweiten Stempel sch\u00f6n mittig oben drauf.<\/p>\n<p><img loading=\"lazy\" decoding=\"async\" class=\"alignnone size-full wp-image-722\" src=\"https:\/\/fofftein.fimotic.com\/wp-content\/uploads\/2017\/01\/20170118_123721_crop_500x300.jpg\" alt=\"\" width=\"500\" height=\"300\" srcset=\"https:\/\/fofftein.fimotic.com\/wp-content\/uploads\/2017\/01\/20170118_123721_crop_500x300.jpg 500w, https:\/\/fofftein.fimotic.com\/wp-content\/uploads\/2017\/01\/20170118_123721_crop_500x300-300x180.jpg 300w\" sizes=\"auto, (max-width: 500px) 100vw, 500px\" \/><\/p>\n<p>Das Stempelsandwich wird dann in die Schraubzwinge gespannt. Und ein wenig zusammen dr\u00fccken. Das muss man etwas \u00fcben, wie weit wirklich zusammen gedr\u00fcckt wird, deshalb habe ich ja auch gleich ein Paar Kreise mehr ausgestochen. Das Fimo quillt ein Bischen wulstig heraus.<\/p>\n<p><img loading=\"lazy\" decoding=\"async\" class=\"alignnone size-full wp-image-721\" src=\"https:\/\/fofftein.fimotic.com\/wp-content\/uploads\/2017\/01\/20170118_123819_crop_500x300.jpg\" alt=\"\" width=\"500\" height=\"300\" srcset=\"https:\/\/fofftein.fimotic.com\/wp-content\/uploads\/2017\/01\/20170118_123819_crop_500x300.jpg 500w, https:\/\/fofftein.fimotic.com\/wp-content\/uploads\/2017\/01\/20170118_123819_crop_500x300-300x180.jpg 300w\" sizes=\"auto, (max-width: 500px) 100vw, 500px\" \/><\/p>\n<p>Da ich zum befestigen der K\u00f6pfe kein Loch durch den Kreis stehen will, mache ich rundherum eine Rille in den Rand. In der Rille l\u00e4uft dann der Draht einmal rundherum um den Kopf am Rumpf zu befestigen. Daf\u00fcr lege ich einen Faden einmal um den Kreis herum und ziehe ihn immer etwas damit sich eine Rille bildet.<\/p>\n<p><img loading=\"lazy\" decoding=\"async\" class=\"alignnone size-full wp-image-720\" src=\"https:\/\/fofftein.fimotic.com\/wp-content\/uploads\/2017\/01\/20170118_123848_crop_500x300.jpg\" alt=\"\" width=\"500\" height=\"300\" srcset=\"https:\/\/fofftein.fimotic.com\/wp-content\/uploads\/2017\/01\/20170118_123848_crop_500x300.jpg 500w, https:\/\/fofftein.fimotic.com\/wp-content\/uploads\/2017\/01\/20170118_123848_crop_500x300-300x180.jpg 300w\" sizes=\"auto, (max-width: 500px) 100vw, 500px\" \/><\/p>\n<p>Stempelsandwich mit Rille.<\/p>\n<p><img loading=\"lazy\" decoding=\"async\" class=\"alignnone size-full wp-image-719\" src=\"https:\/\/fofftein.fimotic.com\/wp-content\/uploads\/2017\/01\/20170118_123933_crop_500x300.jpg\" alt=\"\" width=\"500\" height=\"300\" srcset=\"https:\/\/fofftein.fimotic.com\/wp-content\/uploads\/2017\/01\/20170118_123933_crop_500x300.jpg 500w, https:\/\/fofftein.fimotic.com\/wp-content\/uploads\/2017\/01\/20170118_123933_crop_500x300-300x180.jpg 300w\" sizes=\"auto, (max-width: 500px) 100vw, 500px\" \/><\/p>\n<p>Das Sandwich lege ich erstmal beiseite. Ich lasse es geschlossen, damit nichts zerd\u00e4tscht wird. Auch der Faden bleibt drin. Dann geht es ans Gesicht. Daf\u00fcr eine kleine Kugel, etwa in der Gr\u00f6\u00dfe der Gummiform machen.<\/p>\n<p><img loading=\"lazy\" decoding=\"async\" class=\"alignnone size-full wp-image-728\" src=\"https:\/\/fofftein.fimotic.com\/wp-content\/uploads\/2017\/01\/20170118_121656_crop_500x300.jpg\" alt=\"\" width=\"500\" height=\"300\" srcset=\"https:\/\/fofftein.fimotic.com\/wp-content\/uploads\/2017\/01\/20170118_121656_crop_500x300.jpg 500w, https:\/\/fofftein.fimotic.com\/wp-content\/uploads\/2017\/01\/20170118_121656_crop_500x300-300x180.jpg 300w\" sizes=\"auto, (max-width: 500px) 100vw, 500px\" \/><\/p>\n<p>Und in die Gummiform in das gew\u00fcnschte Gesicht dr\u00fccken.<\/p>\n<p><img loading=\"lazy\" decoding=\"async\" class=\"alignnone size-full wp-image-726\" src=\"https:\/\/fofftein.fimotic.com\/wp-content\/uploads\/2017\/01\/20170118_121711_crop_500x300.jpg\" alt=\"\" width=\"500\" height=\"300\" srcset=\"https:\/\/fofftein.fimotic.com\/wp-content\/uploads\/2017\/01\/20170118_121711_crop_500x300.jpg 500w, https:\/\/fofftein.fimotic.com\/wp-content\/uploads\/2017\/01\/20170118_121711_crop_500x300-300x180.jpg 300w\" sizes=\"auto, (max-width: 500px) 100vw, 500px\" \/><\/p>\n<p>Und wieder rausholen. Mit der Fimoklinge schneide ich dann das Gesicht dann ab, so dass es m\u00f6glichst flach wird. Manchmal habe ich dabei die halbe Stirn mit wegges\u00e4belt, ist ja Fimo, neue Kugel machen und nochmal in die Form dr\u00fccken.<\/p>\n<p><img loading=\"lazy\" decoding=\"async\" class=\"alignnone size-full wp-image-727\" src=\"https:\/\/fofftein.fimotic.com\/wp-content\/uploads\/2017\/01\/20170118_121834_crop_500x300.jpg\" alt=\"\" width=\"500\" height=\"300\" srcset=\"https:\/\/fofftein.fimotic.com\/wp-content\/uploads\/2017\/01\/20170118_121834_crop_500x300.jpg 500w, https:\/\/fofftein.fimotic.com\/wp-content\/uploads\/2017\/01\/20170118_121834_crop_500x300-300x180.jpg 300w\" sizes=\"auto, (max-width: 500px) 100vw, 500px\" \/><\/p>\n<p>Gesicht ist fertig.<\/p>\n<p><img loading=\"lazy\" decoding=\"async\" class=\"alignnone size-full wp-image-725\" src=\"https:\/\/fofftein.fimotic.com\/wp-content\/uploads\/2017\/01\/20170118_121748_crop_500x300.jpg\" alt=\"\" width=\"500\" height=\"300\" srcset=\"https:\/\/fofftein.fimotic.com\/wp-content\/uploads\/2017\/01\/20170118_121748_crop_500x300.jpg 500w, https:\/\/fofftein.fimotic.com\/wp-content\/uploads\/2017\/01\/20170118_121748_crop_500x300-300x180.jpg 300w\" sizes=\"auto, (max-width: 500px) 100vw, 500px\" \/><\/p>\n<p>Und wird auf die Oberseite vom gestempelten Fimo gelegt und leicht angedr\u00fcckt. Das Fimo bleibt auf der unteren Sandwichh\u00e4lfte drauf, l\u00e4sst sich so besser handhaben.<\/p>\n<p><img loading=\"lazy\" decoding=\"async\" class=\"alignnone size-full wp-image-718\" src=\"https:\/\/fofftein.fimotic.com\/wp-content\/uploads\/2017\/01\/20170118_124217_crop_500x300.jpg\" alt=\"\" width=\"500\" height=\"300\" srcset=\"https:\/\/fofftein.fimotic.com\/wp-content\/uploads\/2017\/01\/20170118_124217_crop_500x300.jpg 500w, https:\/\/fofftein.fimotic.com\/wp-content\/uploads\/2017\/01\/20170118_124217_crop_500x300-300x180.jpg 300w\" sizes=\"auto, (max-width: 500px) 100vw, 500px\" \/><\/p>\n<p>Und wird mit P\u00fclverchen oder PanPastels oder Pastellkreiden oder was auch immer verziert.<\/p>\n<p><img loading=\"lazy\" decoding=\"async\" class=\"alignnone size-full wp-image-717\" src=\"https:\/\/fofftein.fimotic.com\/wp-content\/uploads\/2017\/01\/20170118_124521_crop_500x300.jpg\" alt=\"\" width=\"500\" height=\"300\" srcset=\"https:\/\/fofftein.fimotic.com\/wp-content\/uploads\/2017\/01\/20170118_124521_crop_500x300.jpg 500w, https:\/\/fofftein.fimotic.com\/wp-content\/uploads\/2017\/01\/20170118_124521_crop_500x300-300x180.jpg 300w\" sizes=\"auto, (max-width: 500px) 100vw, 500px\" \/><\/p>\n<p>Vorsichtig vom unteren Stempel abziehen und die R\u00fcckseite h\u00fcbsch machen. Diese kleinen Pinsel aus dem Kosmetikbereich leisten dabei gute Dienste.<\/p>\n<p><img loading=\"lazy\" decoding=\"async\" class=\"alignnone size-full wp-image-716\" src=\"https:\/\/fofftein.fimotic.com\/wp-content\/uploads\/2017\/01\/20170118_124745_crop_500x300.jpg\" alt=\"\" width=\"500\" height=\"300\" srcset=\"https:\/\/fofftein.fimotic.com\/wp-content\/uploads\/2017\/01\/20170118_124745_crop_500x300.jpg 500w, https:\/\/fofftein.fimotic.com\/wp-content\/uploads\/2017\/01\/20170118_124745_crop_500x300-300x180.jpg 300w\" sizes=\"auto, (max-width: 500px) 100vw, 500px\" \/><\/p>\n<p>Jetzt k\u00f6nnen auch die F\u00e4den gezogen werden. Und der Rand bekommt nat\u00fcrlich auch noch Farbe ab.<\/p>\n<p><img loading=\"lazy\" decoding=\"async\" class=\"alignnone size-full wp-image-715\" src=\"https:\/\/fofftein.fimotic.com\/wp-content\/uploads\/2017\/01\/20170118_124920_crop_500x300.jpg\" alt=\"\" width=\"500\" height=\"300\" srcset=\"https:\/\/fofftein.fimotic.com\/wp-content\/uploads\/2017\/01\/20170118_124920_crop_500x300.jpg 500w, https:\/\/fofftein.fimotic.com\/wp-content\/uploads\/2017\/01\/20170118_124920_crop_500x300-300x180.jpg 300w\" sizes=\"auto, (max-width: 500px) 100vw, 500px\" \/><\/p>\n<p>Ab in den Ofen und gem\u00e4\u00df Packungsbeilage backen.<\/p>\n<p><img loading=\"lazy\" decoding=\"async\" class=\"alignnone size-full wp-image-714\" src=\"https:\/\/fofftein.fimotic.com\/wp-content\/uploads\/2017\/01\/20170118_155324_crop_500x400.jpg\" alt=\"\" width=\"500\" height=\"400\" srcset=\"https:\/\/fofftein.fimotic.com\/wp-content\/uploads\/2017\/01\/20170118_155324_crop_500x400.jpg 500w, https:\/\/fofftein.fimotic.com\/wp-content\/uploads\/2017\/01\/20170118_155324_crop_500x400-300x240.jpg 300w\" sizes=\"auto, (max-width: 500px) 100vw, 500px\" \/><\/p>\n<p>Und von hinten.<\/p>\n<p><img loading=\"lazy\" decoding=\"async\" class=\"alignnone size-full wp-image-713\" src=\"https:\/\/fofftein.fimotic.com\/wp-content\/uploads\/2017\/01\/20170118_155342_crop_500x400.jpg\" alt=\"\" width=\"500\" height=\"400\" srcset=\"https:\/\/fofftein.fimotic.com\/wp-content\/uploads\/2017\/01\/20170118_155342_crop_500x400.jpg 500w, https:\/\/fofftein.fimotic.com\/wp-content\/uploads\/2017\/01\/20170118_155342_crop_500x400-300x240.jpg 300w\" sizes=\"auto, (max-width: 500px) 100vw, 500px\" \/><\/p>\n<p>Lackiert m\u00fcssen sie werden, um die P\u00fclverchen zu sch\u00fctzen. Danach habe ich dann noch mit Alkohol Inks und Inka Gold Akzente gesetzt. Und nochmal lackiert. Nat\u00fcrlich mit dem Original Fimo Lack, alles andere ist mir zu gef\u00e4hrlich.<\/p>\n<p><img loading=\"lazy\" decoding=\"async\" class=\"alignnone size-full wp-image-712\" src=\"https:\/\/fofftein.fimotic.com\/wp-content\/uploads\/2017\/01\/20170118_160220_crop_500x500.jpg\" alt=\"\" width=\"500\" height=\"500\" srcset=\"https:\/\/fofftein.fimotic.com\/wp-content\/uploads\/2017\/01\/20170118_160220_crop_500x500.jpg 500w, https:\/\/fofftein.fimotic.com\/wp-content\/uploads\/2017\/01\/20170118_160220_crop_500x500-150x150.jpg 150w, https:\/\/fofftein.fimotic.com\/wp-content\/uploads\/2017\/01\/20170118_160220_crop_500x500-300x300.jpg 300w\" sizes=\"auto, (max-width: 500px) 100vw, 500px\" \/><\/p>\n<p>Als K\u00f6rper nehme ich ein Holzst\u00fcck und bohre einmal quer am oberen Ende ein Loch hindurch. Dann wickle ich den Draht einmal in der Rille um den Kopf herum und verdrehe ihn im Halsbereich.<\/p>\n<p><img loading=\"lazy\" decoding=\"async\" class=\"alignnone size-full wp-image-738\" src=\"https:\/\/fofftein.fimotic.com\/wp-content\/uploads\/2017\/01\/20170123_164437_crop_500x500.jpg\" alt=\"\" width=\"500\" height=\"500\" srcset=\"https:\/\/fofftein.fimotic.com\/wp-content\/uploads\/2017\/01\/20170123_164437_crop_500x500.jpg 500w, https:\/\/fofftein.fimotic.com\/wp-content\/uploads\/2017\/01\/20170123_164437_crop_500x500-150x150.jpg 150w, https:\/\/fofftein.fimotic.com\/wp-content\/uploads\/2017\/01\/20170123_164437_crop_500x500-300x300.jpg 300w\" sizes=\"auto, (max-width: 500px) 100vw, 500px\" \/><\/p>\n<p>Unter dem Hals nach rechts und links auseinander biegen. Das sind dann die Schultern und passend zum Holzst\u00fcck nach unten knicken. Beide Drahtenden gegenl\u00e4ufig durch das Loch im Oberk\u00f6rper schieben.<\/p>\n<p><img loading=\"lazy\" decoding=\"async\" class=\"alignnone size-full wp-image-739\" src=\"https:\/\/fofftein.fimotic.com\/wp-content\/uploads\/2017\/01\/20170123_164424_crop_500x500.jpg\" alt=\"\" width=\"500\" height=\"500\" srcset=\"https:\/\/fofftein.fimotic.com\/wp-content\/uploads\/2017\/01\/20170123_164424_crop_500x500.jpg 500w, https:\/\/fofftein.fimotic.com\/wp-content\/uploads\/2017\/01\/20170123_164424_crop_500x500-150x150.jpg 150w, https:\/\/fofftein.fimotic.com\/wp-content\/uploads\/2017\/01\/20170123_164424_crop_500x500-300x300.jpg 300w\" sizes=\"auto, (max-width: 500px) 100vw, 500px\" \/><\/p>\n<p>Das l\u00e4ngere Drahtst\u00fcck aussenherum zur anderen Seite f\u00fchren und beide Enden miteinander verdrehen und abkneifen.<\/p>\n<p><img loading=\"lazy\" decoding=\"async\" class=\"alignnone size-full wp-image-737\" src=\"https:\/\/fofftein.fimotic.com\/wp-content\/uploads\/2017\/01\/20170123_164445_crop_500x500.jpg\" alt=\"\" width=\"500\" height=\"500\" srcset=\"https:\/\/fofftein.fimotic.com\/wp-content\/uploads\/2017\/01\/20170123_164445_crop_500x500.jpg 500w, https:\/\/fofftein.fimotic.com\/wp-content\/uploads\/2017\/01\/20170123_164445_crop_500x500-150x150.jpg 150w, https:\/\/fofftein.fimotic.com\/wp-content\/uploads\/2017\/01\/20170123_164445_crop_500x500-300x300.jpg 300w\" sizes=\"auto, (max-width: 500px) 100vw, 500px\" \/><\/p>\n<p>Dann noch das P\u00fcppchen mit Stoffresten oder buntem Papier oder was auch immer pasend zur Symbolik anziehen.<\/p>\n<p>Gestatten: Feuer<\/p>\n<p><img loading=\"lazy\" decoding=\"async\" class=\"alignnone size-full wp-image-740\" src=\"https:\/\/fofftein.fimotic.com\/wp-content\/uploads\/2017\/01\/20170118_220228_crop_500x500-1.jpg\" alt=\"\" width=\"500\" height=\"500\" srcset=\"https:\/\/fofftein.fimotic.com\/wp-content\/uploads\/2017\/01\/20170118_220228_crop_500x500-1.jpg 500w, https:\/\/fofftein.fimotic.com\/wp-content\/uploads\/2017\/01\/20170118_220228_crop_500x500-1-150x150.jpg 150w, https:\/\/fofftein.fimotic.com\/wp-content\/uploads\/2017\/01\/20170118_220228_crop_500x500-1-300x300.jpg 300w\" sizes=\"auto, (max-width: 500px) 100vw, 500px\" \/><\/p>\n<p>Wasser<\/p>\n<p><img loading=\"lazy\" decoding=\"async\" class=\"alignnone size-full wp-image-745\" src=\"https:\/\/fofftein.fimotic.com\/wp-content\/uploads\/2017\/01\/20170118_220204_crop_500x600.jpg\" alt=\"\" width=\"500\" height=\"600\" srcset=\"https:\/\/fofftein.fimotic.com\/wp-content\/uploads\/2017\/01\/20170118_220204_crop_500x600.jpg 500w, https:\/\/fofftein.fimotic.com\/wp-content\/uploads\/2017\/01\/20170118_220204_crop_500x600-250x300.jpg 250w\" sizes=\"auto, (max-width: 500px) 100vw, 500px\" \/><\/p>\n<p>Luft<\/p>\n<p><img loading=\"lazy\" decoding=\"async\" class=\"alignnone size-full wp-image-744\" src=\"https:\/\/fofftein.fimotic.com\/wp-content\/uploads\/2017\/01\/20170118_220156_crop_500x600.jpg\" alt=\"\" width=\"500\" height=\"600\" srcset=\"https:\/\/fofftein.fimotic.com\/wp-content\/uploads\/2017\/01\/20170118_220156_crop_500x600.jpg 500w, https:\/\/fofftein.fimotic.com\/wp-content\/uploads\/2017\/01\/20170118_220156_crop_500x600-250x300.jpg 250w\" sizes=\"auto, (max-width: 500px) 100vw, 500px\" \/><\/p>\n<p>Erde<\/p>\n<p><img loading=\"lazy\" decoding=\"async\" class=\"alignnone size-full wp-image-743\" src=\"https:\/\/fofftein.fimotic.com\/wp-content\/uploads\/2017\/01\/20170118_220151_crop_500x600.jpg\" alt=\"\" width=\"500\" height=\"600\" srcset=\"https:\/\/fofftein.fimotic.com\/wp-content\/uploads\/2017\/01\/20170118_220151_crop_500x600.jpg 500w, https:\/\/fofftein.fimotic.com\/wp-content\/uploads\/2017\/01\/20170118_220151_crop_500x600-250x300.jpg 250w\" sizes=\"auto, (max-width: 500px) 100vw, 500px\" \/><\/p>\n<p>Spirit<\/p>\n<p><img loading=\"lazy\" decoding=\"async\" class=\"alignnone size-full wp-image-742\" src=\"https:\/\/fofftein.fimotic.com\/wp-content\/uploads\/2017\/01\/20170118_220007_crop_500x600.jpg\" alt=\"\" width=\"500\" height=\"600\" srcset=\"https:\/\/fofftein.fimotic.com\/wp-content\/uploads\/2017\/01\/20170118_220007_crop_500x600.jpg 500w, https:\/\/fofftein.fimotic.com\/wp-content\/uploads\/2017\/01\/20170118_220007_crop_500x600-250x300.jpg 250w\" sizes=\"auto, (max-width: 500px) 100vw, 500px\" \/><\/p>\n","protected":false},"excerpt":{"rendered":"<p>Meine Symbolp\u00fcppchen stehen f\u00fcr die 4 Elemente, Wasser, Feuer, Erde, Luft und das f\u00fcnfte steht f\u00fcr den Geist, der alles belebt. Man k\u00f6nnte auch die vier Jahreszeiten oder irgend etwas anderes nehmen. Sie bestehen aus einem Fimo Kopf, welcher mit &hellip; <a href=\"https:\/\/fofftein.fimotic.com\/?page_id=709\">Weiterlesen <span class=\"meta-nav\">&rarr;<\/span><\/a><\/p>\n","protected":false},"author":3,"featured_media":0,"parent":46,"menu_order":0,"comment_status":"closed","ping_status":"closed","template":"","meta":{"footnotes":""},"class_list":["post-709","page","type-page","status-publish","hentry"],"_links":{"self":[{"href":"https:\/\/fofftein.fimotic.com\/index.php?rest_route=\/wp\/v2\/pages\/709","targetHints":{"allow":["GET"]}}],"collection":[{"href":"https:\/\/fofftein.fimotic.com\/index.php?rest_route=\/wp\/v2\/pages"}],"about":[{"href":"https:\/\/fofftein.fimotic.com\/index.php?rest_route=\/wp\/v2\/types\/page"}],"author":[{"embeddable":true,"href":"https:\/\/fofftein.fimotic.com\/index.php?rest_route=\/wp\/v2\/users\/3"}],"replies":[{"embeddable":true,"href":"https:\/\/fofftein.fimotic.com\/index.php?rest_route=%2Fwp%2Fv2%2Fcomments&post=709"}],"version-history":[{"count":5,"href":"https:\/\/fofftein.fimotic.com\/index.php?rest_route=\/wp\/v2\/pages\/709\/revisions"}],"predecessor-version":[{"id":746,"href":"https:\/\/fofftein.fimotic.com\/index.php?rest_route=\/wp\/v2\/pages\/709\/revisions\/746"}],"up":[{"embeddable":true,"href":"https:\/\/fofftein.fimotic.com\/index.php?rest_route=\/wp\/v2\/pages\/46"}],"wp:attachment":[{"href":"https:\/\/fofftein.fimotic.com\/index.php?rest_route=%2Fwp%2Fv2%2Fmedia&parent=709"}],"curies":[{"name":"wp","href":"https:\/\/api.w.org\/{rel}","templated":true}]}}