{"id":647,"date":"2017-01-12T13:14:49","date_gmt":"2017-01-12T12:14:49","guid":{"rendered":"http:\/\/fofftein.fimotic.com\/?page_id=647"},"modified":"2017-09-09T17:29:51","modified_gmt":"2017-09-09T16:29:51","slug":"fimo-und-beton-anhaenger","status":"publish","type":"page","link":"https:\/\/fofftein.fimotic.com\/?page_id=647","title":{"rendered":"Fimo und Beton Anh\u00e4nger"},"content":{"rendered":"<p>Beton und Fimo passen ganz wunderbar zusammen.<\/p>\n<p><img loading=\"lazy\" decoding=\"async\" class=\"alignnone size-full wp-image-705\" src=\"https:\/\/fofftein.fimotic.com\/wp-content\/uploads\/2017\/01\/20170112_133403_crop_500x500.jpg\" alt=\"\" width=\"500\" height=\"500\" srcset=\"https:\/\/fofftein.fimotic.com\/wp-content\/uploads\/2017\/01\/20170112_133403_crop_500x500.jpg 500w, https:\/\/fofftein.fimotic.com\/wp-content\/uploads\/2017\/01\/20170112_133403_crop_500x500-150x150.jpg 150w, https:\/\/fofftein.fimotic.com\/wp-content\/uploads\/2017\/01\/20170112_133403_crop_500x500-300x300.jpg 300w\" sizes=\"auto, (max-width: 500px) 100vw, 500px\" \/><\/p>\n<p>Der normale Beton staubt ganz ordentlich und ist auch nicht ganz unproblematisch. Da habe ich mir lieber ein D\u00f6schen Schmuckzement geholt, das ich extra daf\u00fcr gemacht, auf der Haut getragen zu werden. \u00a0Dazu noch ein Becher zum abmessen, einer zum anr\u00fchren und einer in dem Wasser drin ist. Dazu noch eine Schmuckform und ein kleines Fimo Teil das noch irgendwo rumlag.<\/p>\n<p><img loading=\"lazy\" decoding=\"async\" class=\"alignnone size-full wp-image-654\" src=\"https:\/\/fofftein.fimotic.com\/wp-content\/uploads\/2017\/01\/20170111_165611_crop_500x600.jpg\" alt=\"\" width=\"500\" height=\"600\" srcset=\"https:\/\/fofftein.fimotic.com\/wp-content\/uploads\/2017\/01\/20170111_165611_crop_500x600.jpg 500w, https:\/\/fofftein.fimotic.com\/wp-content\/uploads\/2017\/01\/20170111_165611_crop_500x600-250x300.jpg 250w\" sizes=\"auto, (max-width: 500px) 100vw, 500px\" \/><\/p>\n<p>Die Mischung soll 5 Teile Beton und ein Teil Wasser sein. Den kleinen Becher also bis zur 25ml Markierung gef\u00fcllt und in den grossen Becher geleert. Dann einen zweiten Becher mit 5ml dazu gekippt und gut umger\u00fchrt. Ich habe dann noch etwas Wasser nach gekippt, damit es sich besser giessen l\u00e4sst.<\/p>\n<p><img loading=\"lazy\" decoding=\"async\" class=\"alignnone size-full wp-image-653\" src=\"https:\/\/fofftein.fimotic.com\/wp-content\/uploads\/2017\/01\/20170111_165907_crop_500x500.jpg\" alt=\"\" width=\"500\" height=\"500\" srcset=\"https:\/\/fofftein.fimotic.com\/wp-content\/uploads\/2017\/01\/20170111_165907_crop_500x500.jpg 500w, https:\/\/fofftein.fimotic.com\/wp-content\/uploads\/2017\/01\/20170111_165907_crop_500x500-150x150.jpg 150w, https:\/\/fofftein.fimotic.com\/wp-content\/uploads\/2017\/01\/20170111_165907_crop_500x500-300x300.jpg 300w\" sizes=\"auto, (max-width: 500px) 100vw, 500px\" \/><\/p>\n<p>Und in die Form giessen.<\/p>\n<p><img loading=\"lazy\" decoding=\"async\" class=\"alignnone size-full wp-image-651\" src=\"https:\/\/fofftein.fimotic.com\/wp-content\/uploads\/2017\/01\/20170111_165955_crop_500x400.jpg\" alt=\"\" width=\"500\" height=\"400\" srcset=\"https:\/\/fofftein.fimotic.com\/wp-content\/uploads\/2017\/01\/20170111_165955_crop_500x400.jpg 500w, https:\/\/fofftein.fimotic.com\/wp-content\/uploads\/2017\/01\/20170111_165955_crop_500x400-300x240.jpg 300w\" sizes=\"auto, (max-width: 500px) 100vw, 500px\" \/><\/p>\n<p>Dann einfach das Fimo Teil reinsetzen.<\/p>\n<p><img loading=\"lazy\" decoding=\"async\" class=\"alignnone size-full wp-image-650\" src=\"https:\/\/fofftein.fimotic.com\/wp-content\/uploads\/2017\/01\/20170111_170004_crop_500x400.jpg\" alt=\"\" width=\"500\" height=\"400\" srcset=\"https:\/\/fofftein.fimotic.com\/wp-content\/uploads\/2017\/01\/20170111_170004_crop_500x400.jpg 500w, https:\/\/fofftein.fimotic.com\/wp-content\/uploads\/2017\/01\/20170111_170004_crop_500x400-300x240.jpg 300w\" sizes=\"auto, (max-width: 500px) 100vw, 500px\" \/><\/p>\n<p>Dann heisst es warten. Steht auf der Anleitung vom Schmuck Beton drauf. Man kann es nat\u00fcrlich auch schon etwas fr\u00fcher ausformen, wenn man ungeduldig ist, dann bricht aber schnell mal etwas. Woher ich das wohl weiss?<\/p>\n<p>Noch ein Bischen Inka Gold dr\u00fcber.<\/p>\n<p><img loading=\"lazy\" decoding=\"async\" class=\"alignnone size-full wp-image-649\" src=\"https:\/\/fofftein.fimotic.com\/wp-content\/uploads\/2017\/01\/20170112_082919_crop_500x400.jpg\" alt=\"\" width=\"500\" height=\"400\" srcset=\"https:\/\/fofftein.fimotic.com\/wp-content\/uploads\/2017\/01\/20170112_082919_crop_500x400.jpg 500w, https:\/\/fofftein.fimotic.com\/wp-content\/uploads\/2017\/01\/20170112_082919_crop_500x400-300x240.jpg 300w\" sizes=\"auto, (max-width: 500px) 100vw, 500px\" \/><\/p>\n<p>Und Glanzlack \u00fcber das Fimo Teil. H\u00e4tte ich nat\u00fcrlich auch vorher machen k\u00f6nnen. Ich mag den Kontrast vom rauhen Beton zum glatten Fimo.<\/p>\n<p><img loading=\"lazy\" decoding=\"async\" class=\"alignnone size-full wp-image-648\" src=\"https:\/\/fofftein.fimotic.com\/wp-content\/uploads\/2017\/01\/20170112_113804_crop_500x400.jpg\" alt=\"\" width=\"500\" height=\"400\" srcset=\"https:\/\/fofftein.fimotic.com\/wp-content\/uploads\/2017\/01\/20170112_113804_crop_500x400.jpg 500w, https:\/\/fofftein.fimotic.com\/wp-content\/uploads\/2017\/01\/20170112_113804_crop_500x400-300x240.jpg 300w\" sizes=\"auto, (max-width: 500px) 100vw, 500px\" \/><\/p>\n","protected":false},"excerpt":{"rendered":"<p>Beton und Fimo passen ganz wunderbar zusammen. Der normale Beton staubt ganz ordentlich und ist auch nicht ganz unproblematisch. Da habe ich mir lieber ein D\u00f6schen Schmuckzement geholt, das ich extra daf\u00fcr gemacht, auf der Haut getragen zu werden. \u00a0Dazu &hellip; <a href=\"https:\/\/fofftein.fimotic.com\/?page_id=647\">Weiterlesen <span class=\"meta-nav\">&rarr;<\/span><\/a><\/p>\n","protected":false},"author":3,"featured_media":0,"parent":299,"menu_order":0,"comment_status":"closed","ping_status":"closed","template":"","meta":{"footnotes":""},"class_list":["post-647","page","type-page","status-publish","hentry"],"_links":{"self":[{"href":"https:\/\/fofftein.fimotic.com\/index.php?rest_route=\/wp\/v2\/pages\/647","targetHints":{"allow":["GET"]}}],"collection":[{"href":"https:\/\/fofftein.fimotic.com\/index.php?rest_route=\/wp\/v2\/pages"}],"about":[{"href":"https:\/\/fofftein.fimotic.com\/index.php?rest_route=\/wp\/v2\/types\/page"}],"author":[{"embeddable":true,"href":"https:\/\/fofftein.fimotic.com\/index.php?rest_route=\/wp\/v2\/users\/3"}],"replies":[{"embeddable":true,"href":"https:\/\/fofftein.fimotic.com\/index.php?rest_route=%2Fwp%2Fv2%2Fcomments&post=647"}],"version-history":[{"count":3,"href":"https:\/\/fofftein.fimotic.com\/index.php?rest_route=\/wp\/v2\/pages\/647\/revisions"}],"predecessor-version":[{"id":706,"href":"https:\/\/fofftein.fimotic.com\/index.php?rest_route=\/wp\/v2\/pages\/647\/revisions\/706"}],"up":[{"embeddable":true,"href":"https:\/\/fofftein.fimotic.com\/index.php?rest_route=\/wp\/v2\/pages\/299"}],"wp:attachment":[{"href":"https:\/\/fofftein.fimotic.com\/index.php?rest_route=%2Fwp%2Fv2%2Fmedia&parent=647"}],"curies":[{"name":"wp","href":"https:\/\/api.w.org\/{rel}","templated":true}]}}