{"id":609,"date":"2017-01-09T18:12:16","date_gmt":"2017-01-09T17:12:16","guid":{"rendered":"http:\/\/fofftein.fimotic.com\/?page_id=609"},"modified":"2017-01-09T20:59:28","modified_gmt":"2017-01-09T19:59:28","slug":"schreibgeraete-fadenfuellung","status":"publish","type":"page","link":"https:\/\/fofftein.fimotic.com\/?page_id=609","title":{"rendered":"Schreibger\u00e4te Fadenf\u00fcllung"},"content":{"rendered":"<p><img loading=\"lazy\" decoding=\"async\" class=\"alignnone size-full wp-image-610\" src=\"https:\/\/fofftein.fimotic.com\/wp-content\/uploads\/2017\/01\/20170106_214244_crop_500x200.jpg\" alt=\"\" width=\"500\" height=\"200\" srcset=\"https:\/\/fofftein.fimotic.com\/wp-content\/uploads\/2017\/01\/20170106_214244_crop_500x200.jpg 500w, https:\/\/fofftein.fimotic.com\/wp-content\/uploads\/2017\/01\/20170106_214244_crop_500x200-300x120.jpg 300w\" sizes=\"auto, (max-width: 500px) 100vw, 500px\" \/><\/p>\n<p>Leider ist der Effekt hier nicht so gut zu sehen, da die F\u00fclkung zuwenig Kontrast hatte. Trotzdem erkl\u00e4re ich Euch wie es geht, Ihr k\u00f6nnt es dann ja besser machen.<\/p>\n<p>Zuerst werden die H\u00fclsen mit der Basisfarbe ummantelt und ein Faden durch die H\u00fclsen gezogen.<\/p>\n<p><img loading=\"lazy\" decoding=\"async\" class=\"alignnone size-full wp-image-623\" src=\"https:\/\/fofftein.fimotic.com\/wp-content\/uploads\/2017\/01\/20170107_214757_crop_500x200.jpg\" alt=\"\" width=\"500\" height=\"200\" srcset=\"https:\/\/fofftein.fimotic.com\/wp-content\/uploads\/2017\/01\/20170107_214757_crop_500x200.jpg 500w, https:\/\/fofftein.fimotic.com\/wp-content\/uploads\/2017\/01\/20170107_214757_crop_500x200-300x120.jpg 300w\" sizes=\"auto, (max-width: 500px) 100vw, 500px\" \/><\/p>\n<p>Dann werden die H\u00fclsen inklusive Faden auf ein passendes Holzst\u00e4bchen geschoben. Die H\u00fclsen sollen jetzt fest auf dem Holzstab sitzen, es wird also ein entsprechend dicker Stab ben\u00f6tigt.<\/p>\n<p><img loading=\"lazy\" decoding=\"async\" class=\"alignnone size-full wp-image-622\" src=\"https:\/\/fofftein.fimotic.com\/wp-content\/uploads\/2017\/01\/20170107_214842_crop_500x200.jpg\" alt=\"\" width=\"500\" height=\"200\" srcset=\"https:\/\/fofftein.fimotic.com\/wp-content\/uploads\/2017\/01\/20170107_214842_crop_500x200.jpg 500w, https:\/\/fofftein.fimotic.com\/wp-content\/uploads\/2017\/01\/20170107_214842_crop_500x200-300x120.jpg 300w\" sizes=\"auto, (max-width: 500px) 100vw, 500px\" \/><\/p>\n<p>Den Faden dann um die H\u00fclse herum wickeln. Hier habe ich nur eine einfache Spirale gemacht, ich h\u00e4tte aber auch viel dichter und unregelm\u00e4\u00dfiger wickeln k\u00f6nnen.<\/p>\n<p><img loading=\"lazy\" decoding=\"async\" class=\"alignnone size-full wp-image-621\" src=\"https:\/\/fofftein.fimotic.com\/wp-content\/uploads\/2017\/01\/20170107_214939_crop_500x200.jpg\" alt=\"\" width=\"500\" height=\"200\" srcset=\"https:\/\/fofftein.fimotic.com\/wp-content\/uploads\/2017\/01\/20170107_214939_crop_500x200.jpg 500w, https:\/\/fofftein.fimotic.com\/wp-content\/uploads\/2017\/01\/20170107_214939_crop_500x200-300x120.jpg 300w\" sizes=\"auto, (max-width: 500px) 100vw, 500px\" \/><\/p>\n<p>Das Fadenende abschneiden und auf dem Stab fixieren. Ich habe hier Alufolie genommen, weil grad ein St\u00fcck greifbar war, es ginge aber auch etwas Klebefilm. Hauptsache das Fadenende flattert nicht herum.<\/p>\n<p><img loading=\"lazy\" decoding=\"async\" class=\"alignnone size-full wp-image-620\" src=\"https:\/\/fofftein.fimotic.com\/wp-content\/uploads\/2017\/01\/20170107_214955_crop_500x200.jpg\" alt=\"\" width=\"500\" height=\"200\" srcset=\"https:\/\/fofftein.fimotic.com\/wp-content\/uploads\/2017\/01\/20170107_214955_crop_500x200.jpg 500w, https:\/\/fofftein.fimotic.com\/wp-content\/uploads\/2017\/01\/20170107_214955_crop_500x200-300x120.jpg 300w\" sizes=\"auto, (max-width: 500px) 100vw, 500px\" \/><\/p>\n<p>Mit einer geeigneten Platte die H\u00fclsen rollen. Nicht zuviel Druck, aber doch genug, damit der Faden in das Fimo eingebettet wird.<\/p>\n<p><img loading=\"lazy\" decoding=\"async\" class=\"alignnone size-full wp-image-619\" src=\"https:\/\/fofftein.fimotic.com\/wp-content\/uploads\/2017\/01\/20170107_215011_crop_500x300.jpg\" alt=\"\" width=\"500\" height=\"300\" srcset=\"https:\/\/fofftein.fimotic.com\/wp-content\/uploads\/2017\/01\/20170107_215011_crop_500x300.jpg 500w, https:\/\/fofftein.fimotic.com\/wp-content\/uploads\/2017\/01\/20170107_215011_crop_500x300-300x180.jpg 300w\" sizes=\"auto, (max-width: 500px) 100vw, 500px\" \/><\/p>\n<p>Der Faden ist im Fimo.<\/p>\n<p><img loading=\"lazy\" decoding=\"async\" class=\"alignnone size-full wp-image-618\" src=\"https:\/\/fofftein.fimotic.com\/wp-content\/uploads\/2017\/01\/20170105_194843_crop_500x300.jpg\" alt=\"\" width=\"500\" height=\"300\" srcset=\"https:\/\/fofftein.fimotic.com\/wp-content\/uploads\/2017\/01\/20170105_194843_crop_500x300.jpg 500w, https:\/\/fofftein.fimotic.com\/wp-content\/uploads\/2017\/01\/20170105_194843_crop_500x300-300x180.jpg 300w\" sizes=\"auto, (max-width: 500px) 100vw, 500px\" \/><\/p>\n<p>Den Faden abwickeln, es bleibt die Spur des Fadens.<\/p>\n<p><img loading=\"lazy\" decoding=\"async\" class=\"alignnone size-full wp-image-617\" src=\"https:\/\/fofftein.fimotic.com\/wp-content\/uploads\/2017\/01\/20170107_215100_crop_500x200.jpg\" alt=\"\" width=\"500\" height=\"200\" srcset=\"https:\/\/fofftein.fimotic.com\/wp-content\/uploads\/2017\/01\/20170107_215100_crop_500x200.jpg 500w, https:\/\/fofftein.fimotic.com\/wp-content\/uploads\/2017\/01\/20170107_215100_crop_500x200-300x120.jpg 300w\" sizes=\"auto, (max-width: 500px) 100vw, 500px\" \/><\/p>\n<p>Vom Stab runternehmen und auf einer Stricknadel h\u00e4ngend nach Packungsbeilage backen.<\/p>\n<p><img loading=\"lazy\" decoding=\"async\" class=\"alignnone size-full wp-image-616\" src=\"https:\/\/fofftein.fimotic.com\/wp-content\/uploads\/2017\/01\/20170107_215126_crop_500x200.jpg\" alt=\"\" width=\"500\" height=\"200\" srcset=\"https:\/\/fofftein.fimotic.com\/wp-content\/uploads\/2017\/01\/20170107_215126_crop_500x200.jpg 500w, https:\/\/fofftein.fimotic.com\/wp-content\/uploads\/2017\/01\/20170107_215126_crop_500x200-300x120.jpg 300w\" sizes=\"auto, (max-width: 500px) 100vw, 500px\" \/><\/p>\n<p>Fimo in einer Kontrastfarbe weich kneten. Fimo Transparent Gr\u00fcn sieht toll aus, aber f\u00fcr diese Technik bietet es nicht genug Kontrast. Also die Kontrastfarbe wird in die Spur des Fadens hineingeschmiert. Alles was \u00fcbersteht schiebe ich mit einer alten Plastikkarte weg. Immer grade \u00fcber die Fadenspur hinweg schieben, die Kontrastfarbe soll m\u00f6glichst eben mit der Grundfarbe sein.<\/p>\n<p><img loading=\"lazy\" decoding=\"async\" class=\"alignnone size-full wp-image-615\" src=\"https:\/\/fofftein.fimotic.com\/wp-content\/uploads\/2017\/01\/20170105_220906_crop_500x300.jpg\" alt=\"\" width=\"500\" height=\"300\" srcset=\"https:\/\/fofftein.fimotic.com\/wp-content\/uploads\/2017\/01\/20170105_220906_crop_500x300.jpg 500w, https:\/\/fofftein.fimotic.com\/wp-content\/uploads\/2017\/01\/20170105_220906_crop_500x300-300x180.jpg 300w\" sizes=\"auto, (max-width: 500px) 100vw, 500px\" \/><\/p>\n<p>Letzte Reste mit einem Feuchttuch beseitigen.<\/p>\n<p><img loading=\"lazy\" decoding=\"async\" class=\"alignnone size-full wp-image-614\" src=\"https:\/\/fofftein.fimotic.com\/wp-content\/uploads\/2017\/01\/20170105_221204_crop_500x300.jpg\" alt=\"\" width=\"500\" height=\"300\" srcset=\"https:\/\/fofftein.fimotic.com\/wp-content\/uploads\/2017\/01\/20170105_221204_crop_500x300.jpg 500w, https:\/\/fofftein.fimotic.com\/wp-content\/uploads\/2017\/01\/20170105_221204_crop_500x300-300x180.jpg 300w\" sizes=\"auto, (max-width: 500px) 100vw, 500px\" \/><\/p>\n<p>Die Kontrastfarbe soll nur noch in der Fadenspur sein.<\/p>\n<p><img loading=\"lazy\" decoding=\"async\" class=\"alignnone size-full wp-image-613\" src=\"https:\/\/fofftein.fimotic.com\/wp-content\/uploads\/2017\/01\/20170107_215155_crop_500x300.jpg\" alt=\"\" width=\"500\" height=\"300\" srcset=\"https:\/\/fofftein.fimotic.com\/wp-content\/uploads\/2017\/01\/20170107_215155_crop_500x300.jpg 500w, https:\/\/fofftein.fimotic.com\/wp-content\/uploads\/2017\/01\/20170107_215155_crop_500x300-300x180.jpg 300w\" sizes=\"auto, (max-width: 500px) 100vw, 500px\" \/><\/p>\n<p>Und nochmal backen. Die Perle da links ist Fimo Transparent Gr\u00fcn, ist doch eine tolle Farbe, aber hier leider nicht sichtbar.<\/p>\n<p><img loading=\"lazy\" decoding=\"async\" class=\"alignnone size-full wp-image-612\" src=\"https:\/\/fofftein.fimotic.com\/wp-content\/uploads\/2017\/01\/20170106_130532_crop_500x300.jpg\" alt=\"\" width=\"500\" height=\"300\" srcset=\"https:\/\/fofftein.fimotic.com\/wp-content\/uploads\/2017\/01\/20170106_130532_crop_500x300.jpg 500w, https:\/\/fofftein.fimotic.com\/wp-content\/uploads\/2017\/01\/20170106_130532_crop_500x300-300x180.jpg 300w\" sizes=\"auto, (max-width: 500px) 100vw, 500px\" \/><\/p>\n<p>Dann schleifen. Und zwar so lange schleifen, bis wirklich kein Unterschiex zwischen Fadenspur und Umgebung mehr f\u00fchlbar ist. Da habe ich dann auch mit 300er Schleifpapier angefangen. Und anschliessend poliert und den Stift zusammengebaut.<\/p>\n<p><img loading=\"lazy\" decoding=\"async\" class=\"alignnone size-full wp-image-611\" src=\"https:\/\/fofftein.fimotic.com\/wp-content\/uploads\/2017\/01\/20170106_213337_crop_500x200.jpg\" alt=\"\" width=\"500\" height=\"200\" srcset=\"https:\/\/fofftein.fimotic.com\/wp-content\/uploads\/2017\/01\/20170106_213337_crop_500x200.jpg 500w, https:\/\/fofftein.fimotic.com\/wp-content\/uploads\/2017\/01\/20170106_213337_crop_500x200-300x120.jpg 300w\" sizes=\"auto, (max-width: 500px) 100vw, 500px\" \/><\/p>\n<p>Und fertig.<\/p>\n<p><img loading=\"lazy\" decoding=\"async\" class=\"alignnone size-full wp-image-610\" src=\"https:\/\/fofftein.fimotic.com\/wp-content\/uploads\/2017\/01\/20170106_214244_crop_500x200.jpg\" alt=\"\" width=\"500\" height=\"200\" srcset=\"https:\/\/fofftein.fimotic.com\/wp-content\/uploads\/2017\/01\/20170106_214244_crop_500x200.jpg 500w, https:\/\/fofftein.fimotic.com\/wp-content\/uploads\/2017\/01\/20170106_214244_crop_500x200-300x120.jpg 300w\" sizes=\"auto, (max-width: 500px) 100vw, 500px\" \/><\/p>\n","protected":false},"excerpt":{"rendered":"<p>Leider ist der Effekt hier nicht so gut zu sehen, da die F\u00fclkung zuwenig Kontrast hatte. Trotzdem erkl\u00e4re ich Euch wie es geht, Ihr k\u00f6nnt es dann ja besser machen. Zuerst werden die H\u00fclsen mit der Basisfarbe ummantelt und ein &hellip; <a href=\"https:\/\/fofftein.fimotic.com\/?page_id=609\">Weiterlesen <span class=\"meta-nav\">&rarr;<\/span><\/a><\/p>\n","protected":false},"author":3,"featured_media":0,"parent":424,"menu_order":0,"comment_status":"closed","ping_status":"closed","template":"","meta":{"footnotes":""},"class_list":["post-609","page","type-page","status-publish","hentry"],"_links":{"self":[{"href":"https:\/\/fofftein.fimotic.com\/index.php?rest_route=\/wp\/v2\/pages\/609","targetHints":{"allow":["GET"]}}],"collection":[{"href":"https:\/\/fofftein.fimotic.com\/index.php?rest_route=\/wp\/v2\/pages"}],"about":[{"href":"https:\/\/fofftein.fimotic.com\/index.php?rest_route=\/wp\/v2\/types\/page"}],"author":[{"embeddable":true,"href":"https:\/\/fofftein.fimotic.com\/index.php?rest_route=\/wp\/v2\/users\/3"}],"replies":[{"embeddable":true,"href":"https:\/\/fofftein.fimotic.com\/index.php?rest_route=%2Fwp%2Fv2%2Fcomments&post=609"}],"version-history":[{"count":3,"href":"https:\/\/fofftein.fimotic.com\/index.php?rest_route=\/wp\/v2\/pages\/609\/revisions"}],"predecessor-version":[{"id":626,"href":"https:\/\/fofftein.fimotic.com\/index.php?rest_route=\/wp\/v2\/pages\/609\/revisions\/626"}],"up":[{"embeddable":true,"href":"https:\/\/fofftein.fimotic.com\/index.php?rest_route=\/wp\/v2\/pages\/424"}],"wp:attachment":[{"href":"https:\/\/fofftein.fimotic.com\/index.php?rest_route=%2Fwp%2Fv2%2Fmedia&parent=609"}],"curies":[{"name":"wp","href":"https:\/\/api.w.org\/{rel}","templated":true}]}}