{"id":594,"date":"2017-01-07T21:12:44","date_gmt":"2017-01-07T20:12:44","guid":{"rendered":"http:\/\/fofftein.fimotic.com\/?page_id=594"},"modified":"2017-01-07T21:22:48","modified_gmt":"2017-01-07T20:22:48","slug":"kreideperlen-nachbearbeiten","status":"publish","type":"page","link":"https:\/\/fofftein.fimotic.com\/?page_id=594","title":{"rendered":"Kreideperlen nachbearbeiten"},"content":{"rendered":"<p>Kreideperlen sehen direkt aus dem Ofen matt und irgendwie flach aus. Deshalb bekommen sie eine Schicht Inka Gold oder Akrylfarbe. Beides bleibt allerdings nicht drauf, sondern wird wieder abgewischt, so da\u00df die Farbe nur in den Vertiefungen stehen bleibt.<\/p>\n<p>Frisch aus dem Ofen.\ufffc\ufffc <img loading=\"lazy\" decoding=\"async\" class=\"alignnone size-full wp-image-599\" src=\"https:\/\/fofftein.fimotic.com\/wp-content\/uploads\/2017\/01\/IMG_20150330_233935_crop_500x100.jpg\" alt=\"\" width=\"500\" height=\"100\" srcset=\"https:\/\/fofftein.fimotic.com\/wp-content\/uploads\/2017\/01\/IMG_20150330_233935_crop_500x100.jpg 500w, https:\/\/fofftein.fimotic.com\/wp-content\/uploads\/2017\/01\/IMG_20150330_233935_crop_500x100-300x60.jpg 300w\" sizes=\"auto, (max-width: 500px) 100vw, 500px\" \/><\/p>\n<p>Eine Perle satt mit Inka Gold in Braun angemalt. Ich arbeite dabei mit einem nassen Pinsel, damit ich die Farbe gut in die Vertiefungen bekomme und die Farbe auch nocht so schnell antrocknet. Immer nur eine Perle zur Zeit bearbeiten.<img loading=\"lazy\" decoding=\"async\" class=\"alignnone size-full wp-image-598\" src=\"https:\/\/fofftein.fimotic.com\/wp-content\/uploads\/2017\/01\/IMG_20150331_151316_crop_500x400.jpg\" alt=\"\" width=\"500\" height=\"400\" srcset=\"https:\/\/fofftein.fimotic.com\/wp-content\/uploads\/2017\/01\/IMG_20150331_151316_crop_500x400.jpg 500w, https:\/\/fofftein.fimotic.com\/wp-content\/uploads\/2017\/01\/IMG_20150331_151316_crop_500x400-300x240.jpg 300w\" sizes=\"auto, (max-width: 500px) 100vw, 500px\" \/><\/p>\n<p>Und alles wieder abwischen. Die linke Perle ist schon bearbeitet, die rechte noch nicht. Man kann gut sehen, da\u00df durch das Inka Gold die Farben kaum ver\u00e4ndert werden. Bei Akrylfarbe \u00e4ndert sich die Farbe manchmal recht deutlich.<img loading=\"lazy\" decoding=\"async\" class=\"alignnone size-full wp-image-597\" src=\"https:\/\/fofftein.fimotic.com\/wp-content\/uploads\/2017\/01\/IMG_20150331_151456_crop_500x200.jpg\" alt=\"\" width=\"500\" height=\"200\" srcset=\"https:\/\/fofftein.fimotic.com\/wp-content\/uploads\/2017\/01\/IMG_20150331_151456_crop_500x200.jpg 500w, https:\/\/fofftein.fimotic.com\/wp-content\/uploads\/2017\/01\/IMG_20150331_151456_crop_500x200-300x120.jpg 300w\" sizes=\"auto, (max-width: 500px) 100vw, 500px\" \/><\/p>\n<p>Ich mag dieses goldene Gl\u00e4nzen in der Tiefe.<img loading=\"lazy\" decoding=\"async\" class=\"alignnone size-full wp-image-596\" src=\"https:\/\/fofftein.fimotic.com\/wp-content\/uploads\/2017\/01\/IMG_20150331_152102_crop_500x200.jpg\" alt=\"\" width=\"500\" height=\"200\" srcset=\"https:\/\/fofftein.fimotic.com\/wp-content\/uploads\/2017\/01\/IMG_20150331_152102_crop_500x200.jpg 500w, https:\/\/fofftein.fimotic.com\/wp-content\/uploads\/2017\/01\/IMG_20150331_152102_crop_500x200-300x120.jpg 300w\" sizes=\"auto, (max-width: 500px) 100vw, 500px\" \/><\/p>\n<p>Damit die Farben dauerhaft haltbar sind m\u00fcssen sie lackiert werden. Au\u00dferdem sehen die Perlen gl\u00e4nzend noch sch\u00f6ner aus.<img loading=\"lazy\" decoding=\"async\" class=\"alignnone size-full wp-image-595\" src=\"https:\/\/fofftein.fimotic.com\/wp-content\/uploads\/2017\/01\/IMG_20150401_170906_crop_500x400.jpg\" alt=\"\" width=\"500\" height=\"400\" srcset=\"https:\/\/fofftein.fimotic.com\/wp-content\/uploads\/2017\/01\/IMG_20150401_170906_crop_500x400.jpg 500w, https:\/\/fofftein.fimotic.com\/wp-content\/uploads\/2017\/01\/IMG_20150401_170906_crop_500x400-300x240.jpg 300w\" sizes=\"auto, (max-width: 500px) 100vw, 500px\" \/><\/p>\n","protected":false},"excerpt":{"rendered":"<p>Kreideperlen sehen direkt aus dem Ofen matt und irgendwie flach aus. Deshalb bekommen sie eine Schicht Inka Gold oder Akrylfarbe. Beides bleibt allerdings nicht drauf, sondern wird wieder abgewischt, so da\u00df die Farbe nur in den Vertiefungen stehen bleibt. Frisch &hellip; <a href=\"https:\/\/fofftein.fimotic.com\/?page_id=594\">Weiterlesen <span class=\"meta-nav\">&rarr;<\/span><\/a><\/p>\n","protected":false},"author":3,"featured_media":0,"parent":299,"menu_order":0,"comment_status":"open","ping_status":"closed","template":"","meta":{"footnotes":""},"class_list":["post-594","page","type-page","status-publish","hentry"],"_links":{"self":[{"href":"https:\/\/fofftein.fimotic.com\/index.php?rest_route=\/wp\/v2\/pages\/594","targetHints":{"allow":["GET"]}}],"collection":[{"href":"https:\/\/fofftein.fimotic.com\/index.php?rest_route=\/wp\/v2\/pages"}],"about":[{"href":"https:\/\/fofftein.fimotic.com\/index.php?rest_route=\/wp\/v2\/types\/page"}],"author":[{"embeddable":true,"href":"https:\/\/fofftein.fimotic.com\/index.php?rest_route=\/wp\/v2\/users\/3"}],"replies":[{"embeddable":true,"href":"https:\/\/fofftein.fimotic.com\/index.php?rest_route=%2Fwp%2Fv2%2Fcomments&post=594"}],"version-history":[{"count":1,"href":"https:\/\/fofftein.fimotic.com\/index.php?rest_route=\/wp\/v2\/pages\/594\/revisions"}],"predecessor-version":[{"id":600,"href":"https:\/\/fofftein.fimotic.com\/index.php?rest_route=\/wp\/v2\/pages\/594\/revisions\/600"}],"up":[{"embeddable":true,"href":"https:\/\/fofftein.fimotic.com\/index.php?rest_route=\/wp\/v2\/pages\/299"}],"wp:attachment":[{"href":"https:\/\/fofftein.fimotic.com\/index.php?rest_route=%2Fwp%2Fv2%2Fmedia&parent=594"}],"curies":[{"name":"wp","href":"https:\/\/api.w.org\/{rel}","templated":true}]}}