{"id":527,"date":"2017-01-03T20:44:09","date_gmt":"2017-01-03T19:44:09","guid":{"rendered":"http:\/\/fofftein.fimotic.com\/?page_id=527"},"modified":"2022-06-12T21:23:24","modified_gmt":"2022-06-12T20:23:24","slug":"schreibgeraete-galerie","status":"publish","type":"page","link":"https:\/\/fofftein.fimotic.com\/?page_id=527","title":{"rendered":"Schreibger\u00e4te Galerie"},"content":{"rendered":"<p>Drehkugelschreiber Atlas, mit Canescheiben belegt, geschliffen und poliert, kein Lack. Hier steht ganz genau wie es geht:\u00a0<a href=\"https:\/\/fofftein.fimotic.com\/?page_id=443\">Schreibger\u00e4te Fimo Grundlagen<\/a> und <a href=\"https:\/\/fofftein.fimotic.com\/?page_id=487\">Schreibger\u00e4te montieren<\/a><\/p>\n<p><img loading=\"lazy\" decoding=\"async\" class=\"alignnone size-full wp-image-519\" src=\"https:\/\/fofftein.fimotic.com\/wp-content\/uploads\/2017\/01\/20170103_181325_crop_500x100.jpg\" alt=\"\" width=\"500\" height=\"100\" srcset=\"https:\/\/fofftein.fimotic.com\/wp-content\/uploads\/2017\/01\/20170103_181325_crop_500x100.jpg 500w, https:\/\/fofftein.fimotic.com\/wp-content\/uploads\/2017\/01\/20170103_181325_crop_500x100-300x60.jpg 300w\" sizes=\"auto, (max-width: 500px) 100vw, 500px\" \/><\/p>\n<p>Drehkugelschreiber 5c Chrom, Fadenf\u00fcllung. Hier entlang zur Anleitung: <a href=\"https:\/\/fofftein.fimotic.com\/?page_id=609\">Schreibger\u00e4te Fadenf\u00fcllung<\/a><\/p>\n<p><img loading=\"lazy\" decoding=\"async\" class=\"alignnone size-full wp-image-610\" src=\"https:\/\/fofftein.fimotic.com\/wp-content\/uploads\/2017\/01\/20170106_214244_crop_500x200.jpg\" alt=\"\" width=\"500\" height=\"200\" srcset=\"https:\/\/fofftein.fimotic.com\/wp-content\/uploads\/2017\/01\/20170106_214244_crop_500x200.jpg 500w, https:\/\/fofftein.fimotic.com\/wp-content\/uploads\/2017\/01\/20170106_214244_crop_500x200-300x120.jpg 300w\" sizes=\"auto, (max-width: 500px) 100vw, 500px\" \/><\/p>\n<p>Drehkugelschreiber Atlas, Struktur mit Stempel, Viva Decor Inka Gold, Fimo Lack. Der Kugelschreiber ist h\u00e4ufig in Gebrauch, das Inka Gold sieht inzwischen etwas abgewetzt aus.<\/p>\n<p><img loading=\"lazy\" decoding=\"async\" class=\"alignnone size-full wp-image-520\" src=\"https:\/\/fofftein.fimotic.com\/wp-content\/uploads\/2017\/01\/20170103_181241_crop_500x100.jpg\" alt=\"\" width=\"500\" height=\"100\" srcset=\"https:\/\/fofftein.fimotic.com\/wp-content\/uploads\/2017\/01\/20170103_181241_crop_500x100.jpg 500w, https:\/\/fofftein.fimotic.com\/wp-content\/uploads\/2017\/01\/20170103_181241_crop_500x100-300x60.jpg 300w\" sizes=\"auto, (max-width: 500px) 100vw, 500px\" \/><\/p>\n<p>1DCC Chrom, Extruderschn\u00fcre, geschliffen und poliert<\/p>\n<p><img loading=\"lazy\" decoding=\"async\" class=\"alignnone size-full wp-image-524\" src=\"https:\/\/fofftein.fimotic.com\/wp-content\/uploads\/2017\/01\/20170103_181036_crop_500x100.jpg\" alt=\"\" width=\"500\" height=\"100\" srcset=\"https:\/\/fofftein.fimotic.com\/wp-content\/uploads\/2017\/01\/20170103_181036_crop_500x100.jpg 500w, https:\/\/fofftein.fimotic.com\/wp-content\/uploads\/2017\/01\/20170103_181036_crop_500x100-300x60.jpg 300w\" sizes=\"auto, (max-width: 500px) 100vw, 500px\" \/><\/p>\n<p>1DCC, Chrom, Extruderschn\u00fcre, geschliffen und poliert<\/p>\n<p><img loading=\"lazy\" decoding=\"async\" class=\"alignnone size-full wp-image-523\" src=\"https:\/\/fofftein.fimotic.com\/wp-content\/uploads\/2017\/01\/20170103_181052_crop_500x100.jpg\" alt=\"\" width=\"500\" height=\"100\" srcset=\"https:\/\/fofftein.fimotic.com\/wp-content\/uploads\/2017\/01\/20170103_181052_crop_500x100.jpg 500w, https:\/\/fofftein.fimotic.com\/wp-content\/uploads\/2017\/01\/20170103_181052_crop_500x100-300x60.jpg 300w\" sizes=\"auto, (max-width: 500px) 100vw, 500px\" \/><\/p>\n<p>1DCC Chrom, Farbverlauf, geschliffen und poliert. Dieser Schreiber ist st\u00e4ndig in meiner Handtasche und gl\u00e4nzt immer noch.<\/p>\n<p><img loading=\"lazy\" decoding=\"async\" class=\"alignnone size-full wp-image-522\" src=\"https:\/\/fofftein.fimotic.com\/wp-content\/uploads\/2017\/01\/20170103_181121_crop_500x100.jpg\" alt=\"\" width=\"500\" height=\"100\" srcset=\"https:\/\/fofftein.fimotic.com\/wp-content\/uploads\/2017\/01\/20170103_181121_crop_500x100.jpg 500w, https:\/\/fofftein.fimotic.com\/wp-content\/uploads\/2017\/01\/20170103_181121_crop_500x100-300x60.jpg 300w\" sizes=\"auto, (max-width: 500px) 100vw, 500px\" \/><\/p>\n<p>7PCR Chrom, Mokume gane, geschliffen und poliert.<\/p>\n<p><img loading=\"lazy\" decoding=\"async\" class=\"alignnone size-full wp-image-521\" src=\"https:\/\/fofftein.fimotic.com\/wp-content\/uploads\/2017\/01\/20170103_181151_crop_500x100.jpg\" alt=\"\" width=\"500\" height=\"100\" srcset=\"https:\/\/fofftein.fimotic.com\/wp-content\/uploads\/2017\/01\/20170103_181151_crop_500x100.jpg 500w, https:\/\/fofftein.fimotic.com\/wp-content\/uploads\/2017\/01\/20170103_181151_crop_500x100-300x60.jpg 300w\" sizes=\"auto, (max-width: 500px) 100vw, 500px\" \/><\/p>\n<p>1DCC Chrom, Extruderschn\u00fcre \u00fcber Fimoplatte gewickelt, geschliffen und poliert.<\/p>\n<p><img loading=\"lazy\" decoding=\"async\" class=\"alignnone size-full wp-image-525\" src=\"https:\/\/fofftein.fimotic.com\/wp-content\/uploads\/2017\/01\/20170103_180939_crop_500x100.jpg\" alt=\"\" width=\"500\" height=\"100\" srcset=\"https:\/\/fofftein.fimotic.com\/wp-content\/uploads\/2017\/01\/20170103_180939_crop_500x100.jpg 500w, https:\/\/fofftein.fimotic.com\/wp-content\/uploads\/2017\/01\/20170103_180939_crop_500x100-300x60.jpg 300w\" sizes=\"auto, (max-width: 500px) 100vw, 500px\" \/><\/p>\n<p>1DCC Chrom, Faux Abalone, geschliffen und poliert<\/p>\n<p><img loading=\"lazy\" decoding=\"async\" class=\"alignnone size-full wp-image-537\" src=\"https:\/\/fofftein.fimotic.com\/wp-content\/uploads\/2017\/01\/2017-01-03_08-53-07_crop_500x450.jpg\" alt=\"\" width=\"500\" height=\"450\" srcset=\"https:\/\/fofftein.fimotic.com\/wp-content\/uploads\/2017\/01\/2017-01-03_08-53-07_crop_500x450.jpg 500w, https:\/\/fofftein.fimotic.com\/wp-content\/uploads\/2017\/01\/2017-01-03_08-53-07_crop_500x450-300x270.jpg 300w\" sizes=\"auto, (max-width: 500px) 100vw, 500px\" \/><\/p>\n<p>1DCC Chrom, Jade Imitation<\/p>\n<p><img loading=\"lazy\" decoding=\"async\" class=\"alignnone size-full wp-image-539\" src=\"https:\/\/fofftein.fimotic.com\/wp-content\/uploads\/2017\/01\/2017-01-03_08-52-35_crop_500x100.jpg\" alt=\"\" width=\"500\" height=\"100\" srcset=\"https:\/\/fofftein.fimotic.com\/wp-content\/uploads\/2017\/01\/2017-01-03_08-52-35_crop_500x100.jpg 500w, https:\/\/fofftein.fimotic.com\/wp-content\/uploads\/2017\/01\/2017-01-03_08-52-35_crop_500x100-300x60.jpg 300w\" sizes=\"auto, (max-width: 500px) 100vw, 500px\" \/><\/p>\n<p>1DCC Chrom, Mokume gane, geschliffen und poliert<\/p>\n<p><img loading=\"lazy\" decoding=\"async\" class=\"alignnone size-full wp-image-540\" src=\"https:\/\/fofftein.fimotic.com\/wp-content\/uploads\/2017\/01\/2017-01-03_08-52-22_crop_500x100.jpg\" alt=\"\" width=\"500\" height=\"100\" srcset=\"https:\/\/fofftein.fimotic.com\/wp-content\/uploads\/2017\/01\/2017-01-03_08-52-22_crop_500x100.jpg 500w, https:\/\/fofftein.fimotic.com\/wp-content\/uploads\/2017\/01\/2017-01-03_08-52-22_crop_500x100-300x60.jpg 300w\" sizes=\"auto, (max-width: 500px) 100vw, 500px\" \/><\/p>\n<p>1DCC Chrom, Extruderschn\u00fcre, geschliffen und poliert<\/p>\n<p><img loading=\"lazy\" decoding=\"async\" class=\"alignnone size-full wp-image-541\" src=\"https:\/\/fofftein.fimotic.com\/wp-content\/uploads\/2017\/01\/2017-01-03_08-52-10_crop_500x100.jpg\" alt=\"\" width=\"500\" height=\"100\" srcset=\"https:\/\/fofftein.fimotic.com\/wp-content\/uploads\/2017\/01\/2017-01-03_08-52-10_crop_500x100.jpg 500w, https:\/\/fofftein.fimotic.com\/wp-content\/uploads\/2017\/01\/2017-01-03_08-52-10_crop_500x100-300x60.jpg 300w\" sizes=\"auto, (max-width: 500px) 100vw, 500px\" \/><\/p>\n<p>20C Master Klick, Holzimitation, geschliffen und poliert<\/p>\n<p><img loading=\"lazy\" decoding=\"async\" class=\"alignnone size-full wp-image-538\" src=\"https:\/\/fofftein.fimotic.com\/wp-content\/uploads\/2017\/01\/2017-01-03_08-52-54_crop_500x450.jpg\" alt=\"\" width=\"500\" height=\"450\" srcset=\"https:\/\/fofftein.fimotic.com\/wp-content\/uploads\/2017\/01\/2017-01-03_08-52-54_crop_500x450.jpg 500w, https:\/\/fofftein.fimotic.com\/wp-content\/uploads\/2017\/01\/2017-01-03_08-52-54_crop_500x450-300x270.jpg 300w\" sizes=\"auto, (max-width: 500px) 100vw, 500px\" \/><\/p>\n<p>14BC Chrom, Mokume gane mit Blattmetall, mit Fimo Liquid \u00fcberzogen.<\/p>\n<p><img loading=\"lazy\" decoding=\"async\" class=\"alignnone size-full wp-image-518\" src=\"https:\/\/fofftein.fimotic.com\/wp-content\/uploads\/2017\/01\/20170103_181520_crop_500x200.jpg\" alt=\"\" width=\"500\" height=\"200\" srcset=\"https:\/\/fofftein.fimotic.com\/wp-content\/uploads\/2017\/01\/20170103_181520_crop_500x200.jpg 500w, https:\/\/fofftein.fimotic.com\/wp-content\/uploads\/2017\/01\/20170103_181520_crop_500x200-300x120.jpg 300w\" sizes=\"auto, (max-width: 500px) 100vw, 500px\" \/><\/p>\n","protected":false},"excerpt":{"rendered":"<p>Drehkugelschreiber Atlas, mit Canescheiben belegt, geschliffen und poliert, kein Lack. Hier steht ganz genau wie es geht:\u00a0Schreibger\u00e4te Fimo Grundlagen und Schreibger\u00e4te montieren Drehkugelschreiber 5c Chrom, Fadenf\u00fcllung. Hier entlang zur Anleitung: Schreibger\u00e4te Fadenf\u00fcllung Drehkugelschreiber Atlas, Struktur mit Stempel, Viva Decor Inka &hellip; <a href=\"https:\/\/fofftein.fimotic.com\/?page_id=527\">Weiterlesen <span class=\"meta-nav\">&rarr;<\/span><\/a><\/p>\n","protected":false},"author":3,"featured_media":0,"parent":424,"menu_order":0,"comment_status":"open","ping_status":"closed","template":"","meta":{"footnotes":""},"class_list":["post-527","page","type-page","status-publish","hentry"],"_links":{"self":[{"href":"https:\/\/fofftein.fimotic.com\/index.php?rest_route=\/wp\/v2\/pages\/527","targetHints":{"allow":["GET"]}}],"collection":[{"href":"https:\/\/fofftein.fimotic.com\/index.php?rest_route=\/wp\/v2\/pages"}],"about":[{"href":"https:\/\/fofftein.fimotic.com\/index.php?rest_route=\/wp\/v2\/types\/page"}],"author":[{"embeddable":true,"href":"https:\/\/fofftein.fimotic.com\/index.php?rest_route=\/wp\/v2\/users\/3"}],"replies":[{"embeddable":true,"href":"https:\/\/fofftein.fimotic.com\/index.php?rest_route=%2Fwp%2Fv2%2Fcomments&post=527"}],"version-history":[{"count":20,"href":"https:\/\/fofftein.fimotic.com\/index.php?rest_route=\/wp\/v2\/pages\/527\/revisions"}],"predecessor-version":[{"id":1136,"href":"https:\/\/fofftein.fimotic.com\/index.php?rest_route=\/wp\/v2\/pages\/527\/revisions\/1136"}],"up":[{"embeddable":true,"href":"https:\/\/fofftein.fimotic.com\/index.php?rest_route=\/wp\/v2\/pages\/424"}],"wp:attachment":[{"href":"https:\/\/fofftein.fimotic.com\/index.php?rest_route=%2Fwp%2Fv2%2Fmedia&parent=527"}],"curies":[{"name":"wp","href":"https:\/\/api.w.org\/{rel}","templated":true}]}}