{"id":487,"date":"2017-01-02T09:19:00","date_gmt":"2017-01-02T08:19:00","guid":{"rendered":"http:\/\/fofftein.fimotic.com\/?page_id=487"},"modified":"2017-01-15T13:06:12","modified_gmt":"2017-01-15T12:06:12","slug":"schreibgeraete-montieren","status":"publish","type":"page","link":"https:\/\/fofftein.fimotic.com\/?page_id=487","title":{"rendered":"Schreibger\u00e4te montieren"},"content":{"rendered":"<p>Wenn die H\u00fclse gebacken und geschliffen ist, dann geht es ans Zusammenbauen.<\/p>\n<p>Nach einigen Fehlversuchen habe ich das f\u00fcr mich optimale Werkzeug zum Zusammenbau der Schreibger\u00e4te gefunden. Die einzelnen Komponenten der Baus\u00e4tze werden zusammen gepresst, unter anderem Spitze und Final werden in die H\u00fclse hineingeschoben. Das klappt nicht von Hand. Es wird also ein Werkzeug ben\u00f6tigt, welches die n\u00f6tige Kraft \u00fcbertr\u00e4gt und gleichzeit ein Verkanten des Werkst\u00fcckes m\u00f6glichst verhindert. Ich habe mal gelesen, dass einige die Schreiber mit einem gezielten Schlag mit dem Hammer zusammen kloppen. Hat bei mir nicht funktioniert, die Spitze war danach einfach nicht mehr spitz.<\/p>\n<p>Eigentlich ist es eine Schraubzwinge, aber mit ein Paar Besonderheiten. Sie hat eine grobe M\u00f6glichkeit um die Backen auseinander und zusammen zu bewegen. Und sie hat den feinen Vortrieb, in dem der rote Griff gedreht wird und die eine Backe langsam an die andere herangeschoben wird. Dabei bleiben die Backen parallel zueinander. So kann ich ganz langsam die Teile des Schreibers ineinander schieben. Und die Backen sind aus einem relativ harten Kunststoff, der mir die Spitzen nicht zerkratzt aber auch nicht so nachgiebig ist, dass die Spitzen L\u00f6cher in den Kunststoff bohren.<\/p>\n<p><img loading=\"lazy\" decoding=\"async\" class=\"alignnone size-full wp-image-496\" src=\"https:\/\/fofftein.fimotic.com\/wp-content\/uploads\/2017\/01\/20161231_120202_crop_500x300.jpg\" alt=\"\" width=\"500\" height=\"300\" srcset=\"https:\/\/fofftein.fimotic.com\/wp-content\/uploads\/2017\/01\/20161231_120202_crop_500x300.jpg 500w, https:\/\/fofftein.fimotic.com\/wp-content\/uploads\/2017\/01\/20161231_120202_crop_500x300-300x180.jpg 300w\" sizes=\"auto, (max-width: 500px) 100vw, 500px\" \/><\/p>\n<p>Bei diesem Bausatz besteht die Spitze aus der Spitze und einem Spitzenverbinder. Der Spitzenverbinder wird in die H\u00fclse gepresst, die Spitze wird auf den Verbinder aufgeschraubt. Bei manchen Baus\u00e4tzen wird die Spitze direkt in die H\u00fclse gepresst.<\/p>\n<p><img loading=\"lazy\" decoding=\"async\" class=\"alignnone size-full wp-image-437\" src=\"https:\/\/fofftein.fimotic.com\/wp-content\/uploads\/2016\/12\/20161230_230021_crop_500x400.jpg\" alt=\"\" width=\"500\" height=\"400\" srcset=\"https:\/\/fofftein.fimotic.com\/wp-content\/uploads\/2016\/12\/20161230_230021_crop_500x400.jpg 500w, https:\/\/fofftein.fimotic.com\/wp-content\/uploads\/2016\/12\/20161230_230021_crop_500x400-300x240.jpg 300w\" sizes=\"auto, (max-width: 500px) 100vw, 500px\" \/><\/p>\n<p>Als erstes wird also der Spitzenverbinder in die H\u00fclse geschoben. Die Zwinge liegt auf dem Tisch. Die H\u00fclse und der Spitzenverbinder liegen ebenfalls auf dem Tisch. Dann drehe ich nur am roten Drehgriff und schiebe so langsam den Spitzenverbinder in die H\u00fclse.<\/p>\n<p><img loading=\"lazy\" decoding=\"async\" class=\"alignnone size-full wp-image-495\" src=\"https:\/\/fofftein.fimotic.com\/wp-content\/uploads\/2017\/01\/20161231_120546_crop_500x400.jpg\" alt=\"\" width=\"500\" height=\"400\" srcset=\"https:\/\/fofftein.fimotic.com\/wp-content\/uploads\/2017\/01\/20161231_120546_crop_500x400.jpg 500w, https:\/\/fofftein.fimotic.com\/wp-content\/uploads\/2017\/01\/20161231_120546_crop_500x400-300x240.jpg 300w\" sizes=\"auto, (max-width: 500px) 100vw, 500px\" \/><\/p>\n<p>Spitzenverbinder sitzt.<\/p>\n<p><img loading=\"lazy\" decoding=\"async\" class=\"alignnone size-full wp-image-494\" src=\"https:\/\/fofftein.fimotic.com\/wp-content\/uploads\/2017\/01\/20161231_120614_crop_500x300.jpg\" alt=\"\" width=\"500\" height=\"300\" srcset=\"https:\/\/fofftein.fimotic.com\/wp-content\/uploads\/2017\/01\/20161231_120614_crop_500x300.jpg 500w, https:\/\/fofftein.fimotic.com\/wp-content\/uploads\/2017\/01\/20161231_120614_crop_500x300-300x180.jpg 300w\" sizes=\"auto, (max-width: 500px) 100vw, 500px\" \/><\/p>\n<p>Als n\u00e4chstes wird der Clip \u00fcber den Verbinder gest\u00fclpt und der Verbinder in die H\u00fclse gepresst.<\/p>\n<p><img loading=\"lazy\" decoding=\"async\" class=\"alignnone size-full wp-image-493\" src=\"https:\/\/fofftein.fimotic.com\/wp-content\/uploads\/2017\/01\/20161231_120734_crop_500x300.jpg\" alt=\"\" width=\"500\" height=\"300\" srcset=\"https:\/\/fofftein.fimotic.com\/wp-content\/uploads\/2017\/01\/20161231_120734_crop_500x300.jpg 500w, https:\/\/fofftein.fimotic.com\/wp-content\/uploads\/2017\/01\/20161231_120734_crop_500x300-300x180.jpg 300w\" sizes=\"auto, (max-width: 500px) 100vw, 500px\" \/><\/p>\n<p>In den Verbinder hinein wird dann die Drehmechanik gepresst. Hierbei muss genau auf die Richtung geachtet werden, wie herum die Drehmechanik eingebaut wird, deshalb habe ich beim Zusammenbau immer die Montageanleitung vor mir liegen. Die Drehmechanik darf nicht zu tief eingeschoben werden.<\/p>\n<p><img loading=\"lazy\" decoding=\"async\" class=\"alignnone size-full wp-image-492\" src=\"https:\/\/fofftein.fimotic.com\/wp-content\/uploads\/2017\/01\/20161231_120951_crop_500x300.jpg\" alt=\"\" width=\"500\" height=\"300\" srcset=\"https:\/\/fofftein.fimotic.com\/wp-content\/uploads\/2017\/01\/20161231_120951_crop_500x300.jpg 500w, https:\/\/fofftein.fimotic.com\/wp-content\/uploads\/2017\/01\/20161231_120951_crop_500x300-300x180.jpg 300w\" sizes=\"auto, (max-width: 500px) 100vw, 500px\" \/><\/p>\n<p>Deshalb nehme ich immer wieder den Stift aus der Zwinge, stecke die Mine hinein und schraube die Spitze auf. Jetzt kann ich die Drehmechanik hin und her drehen. Die Spitze der Mine kommt raus und wieder rein. Hoffentlich schaut sie jetzt nur ein kleines Bischen heraus und ist komplett verschwunden, wenn sie reingedreht wird.<\/p>\n<p><img loading=\"lazy\" decoding=\"async\" class=\"alignnone size-full wp-image-491\" src=\"https:\/\/fofftein.fimotic.com\/wp-content\/uploads\/2017\/01\/20161231_121033_crop_500x300.jpg\" alt=\"\" width=\"500\" height=\"300\" srcset=\"https:\/\/fofftein.fimotic.com\/wp-content\/uploads\/2017\/01\/20161231_121033_crop_500x300.jpg 500w, https:\/\/fofftein.fimotic.com\/wp-content\/uploads\/2017\/01\/20161231_121033_crop_500x300-300x180.jpg 300w\" sizes=\"auto, (max-width: 500px) 100vw, 500px\" \/><\/p>\n<p>Mit so wenig Spitze kann man nicht schreiben, also muss die Drehmechanik weiter reingeschoben werden. Dazu die Spitze abnehmen, Mine raus und zusammen schieben. Mine wieder rein, Spitze rauf und testen. Ich nehme lieber die Spitze zehnmal wieder ab und schiebe ein kleines Bischen nach, als dass ich zu weit schiebe und die Mine auch beim zur\u00fcck drehen draussen bleibt. Die Drehmechanik wieder aus der H\u00fclse raus ziehen funktioniert n\u00e4mlich nicht.<\/p>\n<p><img loading=\"lazy\" decoding=\"async\" class=\"alignnone size-full wp-image-490\" src=\"https:\/\/fofftein.fimotic.com\/wp-content\/uploads\/2017\/01\/20161231_121132_crop_500x300.jpg\" alt=\"\" width=\"500\" height=\"300\" srcset=\"https:\/\/fofftein.fimotic.com\/wp-content\/uploads\/2017\/01\/20161231_121132_crop_500x300.jpg 500w, https:\/\/fofftein.fimotic.com\/wp-content\/uploads\/2017\/01\/20161231_121132_crop_500x300-300x180.jpg 300w\" sizes=\"auto, (max-width: 500px) 100vw, 500px\" \/><\/p>\n<p>Wenn dann die Drehmechanik korrekt sitzt, wird hinten das Final aufgesetzt. Daf\u00fcr Spitze und Mine wieder entfernen und Final auf die Drehmechanik pressen.<\/p>\n<p><img loading=\"lazy\" decoding=\"async\" class=\"alignnone size-full wp-image-489\" src=\"https:\/\/fofftein.fimotic.com\/wp-content\/uploads\/2017\/01\/20161231_121647_crop_500x300.jpg\" alt=\"\" width=\"500\" height=\"300\" srcset=\"https:\/\/fofftein.fimotic.com\/wp-content\/uploads\/2017\/01\/20161231_121647_crop_500x300.jpg 500w, https:\/\/fofftein.fimotic.com\/wp-content\/uploads\/2017\/01\/20161231_121647_crop_500x300-300x180.jpg 300w\" sizes=\"auto, (max-width: 500px) 100vw, 500px\" \/><\/p>\n<p>Mine rein, Spitze drauf drehen und fertig.<\/p>\n<p><img loading=\"lazy\" decoding=\"async\" class=\"alignnone size-full wp-image-488\" src=\"https:\/\/fofftein.fimotic.com\/wp-content\/uploads\/2017\/01\/20161231_121728_crop_500x300.jpg\" alt=\"\" width=\"500\" height=\"300\" srcset=\"https:\/\/fofftein.fimotic.com\/wp-content\/uploads\/2017\/01\/20161231_121728_crop_500x300.jpg 500w, https:\/\/fofftein.fimotic.com\/wp-content\/uploads\/2017\/01\/20161231_121728_crop_500x300-300x180.jpg 300w\" sizes=\"auto, (max-width: 500px) 100vw, 500px\" \/><\/p>\n","protected":false},"excerpt":{"rendered":"<p>Wenn die H\u00fclse gebacken und geschliffen ist, dann geht es ans Zusammenbauen. Nach einigen Fehlversuchen habe ich das f\u00fcr mich optimale Werkzeug zum Zusammenbau der Schreibger\u00e4te gefunden. Die einzelnen Komponenten der Baus\u00e4tze werden zusammen gepresst, unter anderem Spitze und Final &hellip; <a href=\"https:\/\/fofftein.fimotic.com\/?page_id=487\">Weiterlesen <span class=\"meta-nav\">&rarr;<\/span><\/a><\/p>\n","protected":false},"author":3,"featured_media":0,"parent":424,"menu_order":0,"comment_status":"open","ping_status":"closed","template":"","meta":{"footnotes":""},"class_list":["post-487","page","type-page","status-publish","hentry"],"_links":{"self":[{"href":"https:\/\/fofftein.fimotic.com\/index.php?rest_route=\/wp\/v2\/pages\/487","targetHints":{"allow":["GET"]}}],"collection":[{"href":"https:\/\/fofftein.fimotic.com\/index.php?rest_route=\/wp\/v2\/pages"}],"about":[{"href":"https:\/\/fofftein.fimotic.com\/index.php?rest_route=\/wp\/v2\/types\/page"}],"author":[{"embeddable":true,"href":"https:\/\/fofftein.fimotic.com\/index.php?rest_route=\/wp\/v2\/users\/3"}],"replies":[{"embeddable":true,"href":"https:\/\/fofftein.fimotic.com\/index.php?rest_route=%2Fwp%2Fv2%2Fcomments&post=487"}],"version-history":[{"count":5,"href":"https:\/\/fofftein.fimotic.com\/index.php?rest_route=\/wp\/v2\/pages\/487\/revisions"}],"predecessor-version":[{"id":701,"href":"https:\/\/fofftein.fimotic.com\/index.php?rest_route=\/wp\/v2\/pages\/487\/revisions\/701"}],"up":[{"embeddable":true,"href":"https:\/\/fofftein.fimotic.com\/index.php?rest_route=\/wp\/v2\/pages\/424"}],"wp:attachment":[{"href":"https:\/\/fofftein.fimotic.com\/index.php?rest_route=%2Fwp%2Fv2%2Fmedia&parent=487"}],"curies":[{"name":"wp","href":"https:\/\/api.w.org\/{rel}","templated":true}]}}