{"id":46,"date":"2016-11-12T23:26:10","date_gmt":"2016-11-12T22:26:10","guid":{"rendered":"http:\/\/fofftein.fimotic.com\/?page_id=46"},"modified":"2017-01-07T21:33:02","modified_gmt":"2017-01-07T20:33:02","slug":"dekoratives","status":"publish","type":"page","link":"https:\/\/fofftein.fimotic.com\/?page_id=46","title":{"rendered":"Dekoratives"},"content":{"rendered":"<p>Da ich nur zum Spa\u00df mit Fimo arbeite, entstehen auch immer wieder Dinge, die keinen Zweck erf\u00fcllen, aber mir einfach Spa\u00df machen. Die Dinge werden irgendwo hingelegt zum anschauen und wenn irgendjemand aus versehen sagt, dass er es h\u00fcbsch findet, bekommt er es vielleicht geschenkt.<\/p>\n","protected":false},"excerpt":{"rendered":"<p>Da ich nur zum Spa\u00df mit Fimo arbeite, entstehen auch immer wieder Dinge, die keinen Zweck erf\u00fcllen, aber mir einfach Spa\u00df machen. Die Dinge werden irgendwo hingelegt zum anschauen und wenn irgendjemand aus versehen sagt, dass er es h\u00fcbsch findet, &hellip; <a href=\"https:\/\/fofftein.fimotic.com\/?page_id=46\">Weiterlesen <span class=\"meta-nav\">&rarr;<\/span><\/a><\/p>\n","protected":false},"author":3,"featured_media":0,"parent":0,"menu_order":0,"comment_status":"open","ping_status":"closed","template":"","meta":{"footnotes":""},"class_list":["post-46","page","type-page","status-publish","hentry"],"_links":{"self":[{"href":"https:\/\/fofftein.fimotic.com\/index.php?rest_route=\/wp\/v2\/pages\/46","targetHints":{"allow":["GET"]}}],"collection":[{"href":"https:\/\/fofftein.fimotic.com\/index.php?rest_route=\/wp\/v2\/pages"}],"about":[{"href":"https:\/\/fofftein.fimotic.com\/index.php?rest_route=\/wp\/v2\/types\/page"}],"author":[{"embeddable":true,"href":"https:\/\/fofftein.fimotic.com\/index.php?rest_route=\/wp\/v2\/users\/3"}],"replies":[{"embeddable":true,"href":"https:\/\/fofftein.fimotic.com\/index.php?rest_route=%2Fwp%2Fv2%2Fcomments&post=46"}],"version-history":[{"count":4,"href":"https:\/\/fofftein.fimotic.com\/index.php?rest_route=\/wp\/v2\/pages\/46\/revisions"}],"predecessor-version":[{"id":90,"href":"https:\/\/fofftein.fimotic.com\/index.php?rest_route=\/wp\/v2\/pages\/46\/revisions\/90"}],"wp:attachment":[{"href":"https:\/\/fofftein.fimotic.com\/index.php?rest_route=%2Fwp%2Fv2%2Fmedia&parent=46"}],"curies":[{"name":"wp","href":"https:\/\/api.w.org\/{rel}","templated":true}]}}