{"id":443,"date":"2016-12-30T23:59:15","date_gmt":"2016-12-30T22:59:15","guid":{"rendered":"http:\/\/fofftein.fimotic.com\/?page_id=443"},"modified":"2017-01-14T22:48:53","modified_gmt":"2017-01-14T21:48:53","slug":"schreibgeraete-fimo-grundlagen","status":"publish","type":"page","link":"https:\/\/fofftein.fimotic.com\/?page_id=443","title":{"rendered":"Schreibger\u00e4te Fimo Grundlagen"},"content":{"rendered":"<p>Die H\u00fclsen sind der Teil am Schreibger\u00e4t, den wir mit Fimo verzieren k\u00f6nnen. Die H\u00fclse ist ein Messingrohr in dessen Enden die Spitze und das Endst\u00fcck des Schreibger\u00e4tes eingepresst werden, hier muss also auf den \u00dcbergang von Fimo zu Metallteil des Schreibger\u00e4tes geachtet werden. Hier beschreibe ich die grundlegenden Schritte beim Verzieren der H\u00fclsen beispielhaft, am Belegen mit Cane-Scheiben.<\/p>\n<p><img loading=\"lazy\" decoding=\"async\" class=\"alignnone size-full wp-image-434\" src=\"https:\/\/fofftein.fimotic.com\/wp-content\/uploads\/2016\/12\/20161230_172239_crop_500x300.jpg\" alt=\"\" width=\"500\" height=\"300\" srcset=\"https:\/\/fofftein.fimotic.com\/wp-content\/uploads\/2016\/12\/20161230_172239_crop_500x300.jpg 500w, https:\/\/fofftein.fimotic.com\/wp-content\/uploads\/2016\/12\/20161230_172239_crop_500x300-300x180.jpg 300w\" sizes=\"auto, (max-width: 500px) 100vw, 500px\" \/><\/p>\n<p>Die H\u00fclsen sind sehr glatt, da kann es sein, da\u00df das Fimo sich nach dem Backen wieder runterschieben l\u00e4sst. Deshalb wird die H\u00fclse etwas aufgerauht. Ich nehme mein gr\u00f6bstes Schleifpapier.<\/p>\n<p><img loading=\"lazy\" decoding=\"async\" class=\"alignnone size-full wp-image-604\" src=\"https:\/\/fofftein.fimotic.com\/wp-content\/uploads\/2016\/12\/20170105_182016_crop_500x400.jpg\" alt=\"\" width=\"500\" height=\"400\" srcset=\"https:\/\/fofftein.fimotic.com\/wp-content\/uploads\/2016\/12\/20170105_182016_crop_500x400.jpg 500w, https:\/\/fofftein.fimotic.com\/wp-content\/uploads\/2016\/12\/20170105_182016_crop_500x400-300x240.jpg 300w\" sizes=\"auto, (max-width: 500px) 100vw, 500px\" \/><\/p>\n<p>Hier halte ich eine Spitze an die H\u00fclse, um zu sehen, wie dick die Fimoumh\u00fcllung werden kann.<\/p>\n<p><img loading=\"lazy\" decoding=\"async\" class=\"alignnone size-full wp-image-444\" src=\"https:\/\/fofftein.fimotic.com\/wp-content\/uploads\/2016\/12\/20161230_223137_crop_500x400.jpg\" alt=\"\" width=\"500\" height=\"400\" srcset=\"https:\/\/fofftein.fimotic.com\/wp-content\/uploads\/2016\/12\/20161230_223137_crop_500x400.jpg 500w, https:\/\/fofftein.fimotic.com\/wp-content\/uploads\/2016\/12\/20161230_223137_crop_500x400-300x240.jpg 300w\" sizes=\"auto, (max-width: 500px) 100vw, 500px\" \/><\/p>\n<p>Dies ist ein St\u00fcck Fimo in der Stufe 4 meiner Pastamaschine. Also eher mitteld\u00fcnn. Da der Mantel bei der Verarbeitung noch etwas d\u00fcnner wird, ist es ganz gut etwas mehr Material zu haben.<\/p>\n<p><img loading=\"lazy\" decoding=\"async\" class=\"alignnone size-full wp-image-445\" src=\"https:\/\/fofftein.fimotic.com\/wp-content\/uploads\/2016\/12\/20161230_223207_crop_500x400.jpg\" alt=\"\" width=\"500\" height=\"400\" srcset=\"https:\/\/fofftein.fimotic.com\/wp-content\/uploads\/2016\/12\/20161230_223207_crop_500x400.jpg 500w, https:\/\/fofftein.fimotic.com\/wp-content\/uploads\/2016\/12\/20161230_223207_crop_500x400-300x240.jpg 300w\" sizes=\"auto, (max-width: 500px) 100vw, 500px\" \/><\/p>\n<p>Die H\u00fclse auf die Fimoplatte legen.<\/p>\n<p><img loading=\"lazy\" decoding=\"async\" class=\"alignnone size-full wp-image-460\" src=\"https:\/\/fofftein.fimotic.com\/wp-content\/uploads\/2016\/12\/20161230_223633_crop_500x400.jpg\" alt=\"\" width=\"500\" height=\"400\" srcset=\"https:\/\/fofftein.fimotic.com\/wp-content\/uploads\/2016\/12\/20161230_223633_crop_500x400.jpg 500w, https:\/\/fofftein.fimotic.com\/wp-content\/uploads\/2016\/12\/20161230_223633_crop_500x400-300x240.jpg 300w\" sizes=\"auto, (max-width: 500px) 100vw, 500px\" \/><\/p>\n<p>Oben und unten abschneiden<\/p>\n<p><img loading=\"lazy\" decoding=\"async\" class=\"alignnone size-full wp-image-459\" src=\"https:\/\/fofftein.fimotic.com\/wp-content\/uploads\/2016\/12\/20161230_223640_crop_500x400.jpg\" alt=\"\" width=\"500\" height=\"400\" srcset=\"https:\/\/fofftein.fimotic.com\/wp-content\/uploads\/2016\/12\/20161230_223640_crop_500x400.jpg 500w, https:\/\/fofftein.fimotic.com\/wp-content\/uploads\/2016\/12\/20161230_223640_crop_500x400-300x240.jpg 300w\" sizes=\"auto, (max-width: 500px) 100vw, 500px\" \/><\/p>\n<p>Und eine Seite wird auch gerade.<\/p>\n<p><img loading=\"lazy\" decoding=\"async\" class=\"alignnone size-full wp-image-458\" src=\"https:\/\/fofftein.fimotic.com\/wp-content\/uploads\/2016\/12\/20161230_223703_crop_500x400.jpg\" alt=\"\" width=\"500\" height=\"400\" srcset=\"https:\/\/fofftein.fimotic.com\/wp-content\/uploads\/2016\/12\/20161230_223703_crop_500x400.jpg 500w, https:\/\/fofftein.fimotic.com\/wp-content\/uploads\/2016\/12\/20161230_223703_crop_500x400-300x240.jpg 300w\" sizes=\"auto, (max-width: 500px) 100vw, 500px\" \/><\/p>\n<p>Jetzt die H\u00fclse einwickeln.<\/p>\n<p><img loading=\"lazy\" decoding=\"async\" class=\"alignnone size-full wp-image-457\" src=\"https:\/\/fofftein.fimotic.com\/wp-content\/uploads\/2016\/12\/20161230_223724_crop_500x400.jpg\" alt=\"\" width=\"500\" height=\"400\" srcset=\"https:\/\/fofftein.fimotic.com\/wp-content\/uploads\/2016\/12\/20161230_223724_crop_500x400.jpg 500w, https:\/\/fofftein.fimotic.com\/wp-content\/uploads\/2016\/12\/20161230_223724_crop_500x400-300x240.jpg 300w\" sizes=\"auto, (max-width: 500px) 100vw, 500px\" \/><\/p>\n<p>Die abgeschnittene Kante hinterl\u00e4sst einen Abdruck in der restlichen Fimoplatte, wenn sie so weit aufgerollt wird, dass sie die Platte ber\u00fchrt. Man kann im Bild den hellen Strich sehen.<\/p>\n<p><img loading=\"lazy\" decoding=\"async\" class=\"alignnone size-full wp-image-456\" src=\"https:\/\/fofftein.fimotic.com\/wp-content\/uploads\/2016\/12\/20161230_223729_crop_500x400.jpg\" alt=\"\" width=\"500\" height=\"400\" srcset=\"https:\/\/fofftein.fimotic.com\/wp-content\/uploads\/2016\/12\/20161230_223729_crop_500x400.jpg 500w, https:\/\/fofftein.fimotic.com\/wp-content\/uploads\/2016\/12\/20161230_223729_crop_500x400-300x240.jpg 300w\" sizes=\"auto, (max-width: 500px) 100vw, 500px\" \/><\/p>\n<p>An diesem Strich wird die Platte leicht schr\u00e4g abgeschnitten.<\/p>\n<p><img loading=\"lazy\" decoding=\"async\" class=\"alignnone size-full wp-image-455\" src=\"https:\/\/fofftein.fimotic.com\/wp-content\/uploads\/2016\/12\/20161230_223743_crop_500x400.jpg\" alt=\"\" width=\"500\" height=\"400\" srcset=\"https:\/\/fofftein.fimotic.com\/wp-content\/uploads\/2016\/12\/20161230_223743_crop_500x400.jpg 500w, https:\/\/fofftein.fimotic.com\/wp-content\/uploads\/2016\/12\/20161230_223743_crop_500x400-300x240.jpg 300w\" sizes=\"auto, (max-width: 500px) 100vw, 500px\" \/><\/p>\n<p>Und die Naht geschlossen.<\/p>\n<p><img loading=\"lazy\" decoding=\"async\" class=\"alignnone size-full wp-image-454\" src=\"https:\/\/fofftein.fimotic.com\/wp-content\/uploads\/2016\/12\/20161230_223804_crop_500x400.jpg\" alt=\"\" width=\"500\" height=\"400\" srcset=\"https:\/\/fofftein.fimotic.com\/wp-content\/uploads\/2016\/12\/20161230_223804_crop_500x400.jpg 500w, https:\/\/fofftein.fimotic.com\/wp-content\/uploads\/2016\/12\/20161230_223804_crop_500x400-300x240.jpg 300w\" sizes=\"auto, (max-width: 500px) 100vw, 500px\" \/><\/p>\n<p>Sanft, mit wenig Druck \u00fcber die Oberfl\u00e4che rollen bis die Naht geschlossen ist.<\/p>\n<p><img loading=\"lazy\" decoding=\"async\" class=\"alignnone size-full wp-image-453\" src=\"https:\/\/fofftein.fimotic.com\/wp-content\/uploads\/2016\/12\/20161230_223819_crop_500x400.jpg\" alt=\"\" width=\"500\" height=\"400\" srcset=\"https:\/\/fofftein.fimotic.com\/wp-content\/uploads\/2016\/12\/20161230_223819_crop_500x400.jpg 500w, https:\/\/fofftein.fimotic.com\/wp-content\/uploads\/2016\/12\/20161230_223819_crop_500x400-300x240.jpg 300w\" sizes=\"auto, (max-width: 500px) 100vw, 500px\" \/><\/p>\n<p>Mit Cane-Scheiben belegen.<\/p>\n<p><img loading=\"lazy\" decoding=\"async\" class=\"alignnone size-full wp-image-452\" src=\"https:\/\/fofftein.fimotic.com\/wp-content\/uploads\/2016\/12\/20161230_224102_crop_500x400.jpg\" alt=\"\" width=\"500\" height=\"400\" srcset=\"https:\/\/fofftein.fimotic.com\/wp-content\/uploads\/2016\/12\/20161230_224102_crop_500x400.jpg 500w, https:\/\/fofftein.fimotic.com\/wp-content\/uploads\/2016\/12\/20161230_224102_crop_500x400-300x240.jpg 300w\" sizes=\"auto, (max-width: 500px) 100vw, 500px\" \/><\/p>\n<p>Die m\u00fcssen gar nicht hauch d\u00fcnn sein.<\/p>\n<p><img loading=\"lazy\" decoding=\"async\" class=\"alignnone size-full wp-image-451\" src=\"https:\/\/fofftein.fimotic.com\/wp-content\/uploads\/2016\/12\/20161230_224356_crop_500x400.jpg\" alt=\"\" width=\"500\" height=\"400\" srcset=\"https:\/\/fofftein.fimotic.com\/wp-content\/uploads\/2016\/12\/20161230_224356_crop_500x400.jpg 500w, https:\/\/fofftein.fimotic.com\/wp-content\/uploads\/2016\/12\/20161230_224356_crop_500x400-300x240.jpg 300w\" sizes=\"auto, (max-width: 500px) 100vw, 500px\" \/><\/p>\n<p>Und rollen. Am besten mit einer flachen Platte. Das kann eine kleine Fliese sein, eine Akrylplatte vom Stempeln, ich nehme einen Metallschaber der f\u00fcr mich die richtige Gr\u00f6\u00dfe hat. Wichtig ist es nur wenig Druck einzusetzen. Bei zuviel Druck l\u00f6st sich das Fimo vom Metall.<\/p>\n<p><img loading=\"lazy\" decoding=\"async\" class=\"alignnone size-full wp-image-450\" src=\"https:\/\/fofftein.fimotic.com\/wp-content\/uploads\/2016\/12\/20161230_224404_crop_500x400.jpg\" alt=\"\" width=\"500\" height=\"400\" srcset=\"https:\/\/fofftein.fimotic.com\/wp-content\/uploads\/2016\/12\/20161230_224404_crop_500x400.jpg 500w, https:\/\/fofftein.fimotic.com\/wp-content\/uploads\/2016\/12\/20161230_224404_crop_500x400-300x240.jpg 300w\" sizes=\"auto, (max-width: 500px) 100vw, 500px\" \/><\/p>\n<p>Wenn die Canescheiben eingearbeitet sind und alles sch\u00f6n glatt ist, hat sich das Fimo \u00fcber den Rand der H\u00fclse hinaus gearbeitet. Der \u00dcberstand wird abgeschnitten.<\/p>\n<p><img loading=\"lazy\" decoding=\"async\" class=\"alignnone size-full wp-image-449\" src=\"https:\/\/fofftein.fimotic.com\/wp-content\/uploads\/2016\/12\/20161230_224624_crop_500x400.jpg\" alt=\"\" width=\"500\" height=\"400\" srcset=\"https:\/\/fofftein.fimotic.com\/wp-content\/uploads\/2016\/12\/20161230_224624_crop_500x400.jpg 500w, https:\/\/fofftein.fimotic.com\/wp-content\/uploads\/2016\/12\/20161230_224624_crop_500x400-300x240.jpg 300w\" sizes=\"auto, (max-width: 500px) 100vw, 500px\" \/><\/p>\n<p>Die Klinge dabei sch\u00f6n gerade halten und immer in Richtung H\u00fclse schneiden, da sonst schnell mal die Umh\u00fcllung von der H\u00fclse abgezogen wird.<\/p>\n<p><img loading=\"lazy\" decoding=\"async\" class=\"alignnone size-full wp-image-448\" src=\"https:\/\/fofftein.fimotic.com\/wp-content\/uploads\/2016\/12\/20161230_224629_crop_500x400.jpg\" alt=\"\" width=\"500\" height=\"400\" srcset=\"https:\/\/fofftein.fimotic.com\/wp-content\/uploads\/2016\/12\/20161230_224629_crop_500x400.jpg 500w, https:\/\/fofftein.fimotic.com\/wp-content\/uploads\/2016\/12\/20161230_224629_crop_500x400-300x240.jpg 300w\" sizes=\"auto, (max-width: 500px) 100vw, 500px\" \/><\/p>\n<p>Sch\u00f6n sauber abschneiden.<\/p>\n<p><img loading=\"lazy\" decoding=\"async\" class=\"alignnone size-full wp-image-447\" src=\"https:\/\/fofftein.fimotic.com\/wp-content\/uploads\/2016\/12\/20161230_224635_crop_500x400.jpg\" alt=\"\" width=\"500\" height=\"400\" srcset=\"https:\/\/fofftein.fimotic.com\/wp-content\/uploads\/2016\/12\/20161230_224635_crop_500x400.jpg 500w, https:\/\/fofftein.fimotic.com\/wp-content\/uploads\/2016\/12\/20161230_224635_crop_500x400-300x240.jpg 300w\" sizes=\"auto, (max-width: 500px) 100vw, 500px\" \/><\/p>\n<p>Auf einer Stricknadel h\u00e4ngend in den Backofen und gem\u00e4\u00df Packungsbeilage backen.<\/p>\n<p><img loading=\"lazy\" decoding=\"async\" class=\"alignnone size-full wp-image-446\" src=\"https:\/\/fofftein.fimotic.com\/wp-content\/uploads\/2016\/12\/20161230_225120_crop_500x400.jpg\" alt=\"\" width=\"500\" height=\"400\" srcset=\"https:\/\/fofftein.fimotic.com\/wp-content\/uploads\/2016\/12\/20161230_225120_crop_500x400.jpg 500w, https:\/\/fofftein.fimotic.com\/wp-content\/uploads\/2016\/12\/20161230_225120_crop_500x400-300x240.jpg 300w\" sizes=\"auto, (max-width: 500px) 100vw, 500px\" \/><\/p>\n<p>Schreibger\u00e4te werden ziemlich hart beansprucht. Selbst der original Fimo Lack hat da kaum eine Chance. Die Mischung aus Handcreme und Schweiss mit der ein h\u00e4ufig genutzter Stift konfrontiert wird, l\u00f6st alles auf. Wer also Glanz will, muss schleifen und polieren. Ausserdem fasst es sich geschliffen einfach sch\u00f6ner an. Und die Haptik finde ich bei einem Stift ganz wesentlich.<\/p>\n<p>Also \u00c4rmel hochkrempeln (damit sie nicht nass werden) und los gehts.<\/p>\n<p>So sieht die H\u00fclse aus, wenn sie aus dem Backofen kommt.\u00a0<img loading=\"lazy\" decoding=\"async\" class=\"alignnone size-full wp-image-483\" src=\"https:\/\/fofftein.fimotic.com\/wp-content\/uploads\/2017\/01\/20161231_113736_crop_500x300.jpg\" alt=\"\" width=\"500\" height=\"300\" srcset=\"https:\/\/fofftein.fimotic.com\/wp-content\/uploads\/2017\/01\/20161231_113736_crop_500x300.jpg 500w, https:\/\/fofftein.fimotic.com\/wp-content\/uploads\/2017\/01\/20161231_113736_crop_500x300-300x180.jpg 300w\" sizes=\"auto, (max-width: 500px) 100vw, 500px\" \/><\/p>\n<p>Ein Sch\u00e4lchen mit Wasser und einem Tropfen Sp\u00fclmittel.\ufffc\ufffc<\/p>\n<p><img loading=\"lazy\" decoding=\"async\" class=\"alignnone size-full wp-image-480\" src=\"https:\/\/fofftein.fimotic.com\/wp-content\/uploads\/2017\/01\/20161231_113739_crop_500x400.jpg\" alt=\"\" width=\"500\" height=\"400\" srcset=\"https:\/\/fofftein.fimotic.com\/wp-content\/uploads\/2017\/01\/20161231_113739_crop_500x400.jpg 500w, https:\/\/fofftein.fimotic.com\/wp-content\/uploads\/2017\/01\/20161231_113739_crop_500x400-300x240.jpg 300w\" sizes=\"auto, (max-width: 500px) 100vw, 500px\" \/><\/p>\n<p>Und Nassschleifpapier aus dem Automobilbereich. Je nach Anzahl und Ausdehnung von Fingerabdr\u00fccken geht es mit einer K\u00f6rnung von 400 oder 600 los. Am besten ist es, man vermeidet Fingerabdr\u00fccke und f\u00e4ngt mit dem 600er an. Das Papier etwas einweichen lassen, es ist dann flexibler.<\/p>\n<p><img loading=\"lazy\" decoding=\"async\" class=\"alignnone size-full wp-image-482\" src=\"https:\/\/fofftein.fimotic.com\/wp-content\/uploads\/2017\/01\/20161231_113831_crop_500x400.jpg\" alt=\"\" width=\"500\" height=\"400\" srcset=\"https:\/\/fofftein.fimotic.com\/wp-content\/uploads\/2017\/01\/20161231_113831_crop_500x400.jpg 500w, https:\/\/fofftein.fimotic.com\/wp-content\/uploads\/2017\/01\/20161231_113831_crop_500x400-300x240.jpg 300w\" sizes=\"auto, (max-width: 500px) 100vw, 500px\" \/><\/p>\n<p>Nach dem 600 mache ich meist mit Schleifgewebe weiter, dass liegt mir besser in der Hand. Wenn ich mal mit dem Papier weitermache, dann schleife ich in aufsteigender K\u00f6rnung (800, 1000, 1200, &#8230;., 2200, 2400) bis 2400 weiter.<\/p>\n<p>Da die Nummerierung auf dem Schleifgewebe schon nach kurzer Zeit nicht mehr lesbar war, habe ich in die einzelenen Schleifpads kleine Einschnitte gemacht. Je mehr Schnitte, desto feiner die K\u00f6rnung. Ich muss die Schleifpads dringend austauscheen, die sehen schon reichlich abgenutzt aus.<\/p>\n<p><img loading=\"lazy\" decoding=\"async\" class=\"alignnone size-full wp-image-481\" src=\"https:\/\/fofftein.fimotic.com\/wp-content\/uploads\/2017\/01\/20161231_113756_crop_500x400.jpg\" alt=\"\" width=\"500\" height=\"400\" srcset=\"https:\/\/fofftein.fimotic.com\/wp-content\/uploads\/2017\/01\/20161231_113756_crop_500x400.jpg 500w, https:\/\/fofftein.fimotic.com\/wp-content\/uploads\/2017\/01\/20161231_113756_crop_500x400-300x240.jpg 300w\" sizes=\"auto, (max-width: 500px) 100vw, 500px\" \/><\/p>\n<p>Das Schleifpapier liegt in der einen Hand auf Zeige- und Ringfinger, der Mittelfinger liegt etwas tiefer. Dadurch ergibt sich eine Mulde, in die die H\u00fclse prima reinpasst. Mit Daumen und Mittelfinger der anderen Hand greife ich die H\u00fclse jeweils an einem Ende. Der L\u00e4nge nach schleife ich dann die H\u00fclse, der Zeigefinger dreht die H\u00fclse immer wieder ein kleines St\u00fcck. Etwa eine halbe bis eine ganze Minute pro K\u00f6rnung.<\/p>\n<p><img loading=\"lazy\" decoding=\"async\" class=\"alignnone size-full wp-image-479\" src=\"https:\/\/fofftein.fimotic.com\/wp-content\/uploads\/2017\/01\/20161231_114005_crop_500x400.jpg\" alt=\"\" width=\"500\" height=\"400\" srcset=\"https:\/\/fofftein.fimotic.com\/wp-content\/uploads\/2017\/01\/20161231_114005_crop_500x400.jpg 500w, https:\/\/fofftein.fimotic.com\/wp-content\/uploads\/2017\/01\/20161231_114005_crop_500x400-300x240.jpg 300w\" sizes=\"auto, (max-width: 500px) 100vw, 500px\" \/><\/p>\n<p>Die Schleifpads nehme ich genauso in die Hand.<\/p>\n<p><img loading=\"lazy\" decoding=\"async\" class=\"alignnone size-full wp-image-478\" src=\"https:\/\/fofftein.fimotic.com\/wp-content\/uploads\/2017\/01\/20161231_114136_crop_500x400.jpg\" alt=\"\" width=\"500\" height=\"400\" srcset=\"https:\/\/fofftein.fimotic.com\/wp-content\/uploads\/2017\/01\/20161231_114136_crop_500x400.jpg 500w, https:\/\/fofftein.fimotic.com\/wp-content\/uploads\/2017\/01\/20161231_114136_crop_500x400-300x240.jpg 300w\" sizes=\"auto, (max-width: 500px) 100vw, 500px\" \/><\/p>\n<p>Damit ich nicht immer nur in L\u00e4ngsrichtung schleife klappe ich das Schleifpad zusammen und lege die H\u00fclse in die entstandene Falte. Das herausschauende Ende drehe ich mit Daumen und Zeigefinger der anderen Hand. Beim Wechseln der Pads die H\u00fclse immer kurz im Wasser absp\u00fclen.<\/p>\n<p><img loading=\"lazy\" decoding=\"async\" class=\"alignnone size-full wp-image-477\" src=\"https:\/\/fofftein.fimotic.com\/wp-content\/uploads\/2017\/01\/20161231_114628_crop_500x400.jpg\" alt=\"\" width=\"500\" height=\"400\" srcset=\"https:\/\/fofftein.fimotic.com\/wp-content\/uploads\/2017\/01\/20161231_114628_crop_500x400.jpg 500w, https:\/\/fofftein.fimotic.com\/wp-content\/uploads\/2017\/01\/20161231_114628_crop_500x400-300x240.jpg 300w\" sizes=\"auto, (max-width: 500px) 100vw, 500px\" \/><\/p>\n<p>Nach dem Schleifen nochmal absp\u00fclen und abtrocknen. Fasst sich schon toll an und gl\u00e4nzt auch schon ein wenig. Wer es so gerne leiden mag h\u00f6rt hier auf, alle anderen holen jetzt den Dremel mit Polieraufsatz.<\/p>\n<p><img loading=\"lazy\" decoding=\"async\" class=\"alignnone size-full wp-image-476\" src=\"https:\/\/fofftein.fimotic.com\/wp-content\/uploads\/2017\/01\/20161231_115149_crop_500x300.jpg\" alt=\"\" width=\"500\" height=\"300\" srcset=\"https:\/\/fofftein.fimotic.com\/wp-content\/uploads\/2017\/01\/20161231_115149_crop_500x300.jpg 500w, https:\/\/fofftein.fimotic.com\/wp-content\/uploads\/2017\/01\/20161231_115149_crop_500x300-300x180.jpg 300w\" sizes=\"auto, (max-width: 500px) 100vw, 500px\" \/><\/p>\n<p>Beim Dremeln achtet man auf die Reflektion der Lampen im Fimo. Auf dem oberen Bild ist die streifenf\u00f6rmige Lichtreflektion im linken Bereich der H\u00fclse eher unscharf und diffus. Im unteren Bild geht von der Mitte nach Links ein scharf abgegrenzter Lichtstreifen. Diese Sch\u00e4rfe entsteht im Laufe des Polierens.<\/p>\n<p><img loading=\"lazy\" decoding=\"async\" class=\"alignnone size-full wp-image-475\" src=\"https:\/\/fofftein.fimotic.com\/wp-content\/uploads\/2017\/01\/20161231_120151_crop_500x300.jpg\" alt=\"\" width=\"500\" height=\"300\" srcset=\"https:\/\/fofftein.fimotic.com\/wp-content\/uploads\/2017\/01\/20161231_120151_crop_500x300.jpg 500w, https:\/\/fofftein.fimotic.com\/wp-content\/uploads\/2017\/01\/20161231_120151_crop_500x300-300x180.jpg 300w\" sizes=\"auto, (max-width: 500px) 100vw, 500px\" \/><\/p>\n","protected":false},"excerpt":{"rendered":"<p>Die H\u00fclsen sind der Teil am Schreibger\u00e4t, den wir mit Fimo verzieren k\u00f6nnen. Die H\u00fclse ist ein Messingrohr in dessen Enden die Spitze und das Endst\u00fcck des Schreibger\u00e4tes eingepresst werden, hier muss also auf den \u00dcbergang von Fimo zu Metallteil &hellip; <a href=\"https:\/\/fofftein.fimotic.com\/?page_id=443\">Weiterlesen <span class=\"meta-nav\">&rarr;<\/span><\/a><\/p>\n","protected":false},"author":3,"featured_media":0,"parent":424,"menu_order":0,"comment_status":"open","ping_status":"closed","template":"","meta":{"footnotes":""},"class_list":["post-443","page","type-page","status-publish","hentry"],"_links":{"self":[{"href":"https:\/\/fofftein.fimotic.com\/index.php?rest_route=\/wp\/v2\/pages\/443","targetHints":{"allow":["GET"]}}],"collection":[{"href":"https:\/\/fofftein.fimotic.com\/index.php?rest_route=\/wp\/v2\/pages"}],"about":[{"href":"https:\/\/fofftein.fimotic.com\/index.php?rest_route=\/wp\/v2\/types\/page"}],"author":[{"embeddable":true,"href":"https:\/\/fofftein.fimotic.com\/index.php?rest_route=\/wp\/v2\/users\/3"}],"replies":[{"embeddable":true,"href":"https:\/\/fofftein.fimotic.com\/index.php?rest_route=%2Fwp%2Fv2%2Fcomments&post=443"}],"version-history":[{"count":7,"href":"https:\/\/fofftein.fimotic.com\/index.php?rest_route=\/wp\/v2\/pages\/443\/revisions"}],"predecessor-version":[{"id":628,"href":"https:\/\/fofftein.fimotic.com\/index.php?rest_route=\/wp\/v2\/pages\/443\/revisions\/628"}],"up":[{"embeddable":true,"href":"https:\/\/fofftein.fimotic.com\/index.php?rest_route=\/wp\/v2\/pages\/424"}],"wp:attachment":[{"href":"https:\/\/fofftein.fimotic.com\/index.php?rest_route=%2Fwp%2Fv2%2Fmedia&parent=443"}],"curies":[{"name":"wp","href":"https:\/\/api.w.org\/{rel}","templated":true}]}}