{"id":424,"date":"2016-12-30T23:30:28","date_gmt":"2016-12-30T22:30:28","guid":{"rendered":"http:\/\/fofftein.fimotic.com\/?page_id=424"},"modified":"2018-09-25T10:26:08","modified_gmt":"2018-09-25T09:26:08","slug":"schreibgeraete","status":"publish","type":"page","link":"https:\/\/fofftein.fimotic.com\/?page_id=424","title":{"rendered":"Schreibger\u00e4te"},"content":{"rendered":"<p>Vor einiger Zeit hat Staedtler einen Kugelschreiber- und F\u00fcllerbausatz auf den Markt gebracht. Nat\u00fcrlich kann man auch Pappkulis oder Holzbleistifte in Fimo einpacken, das mag ich aber nicht so gern. Ich finde es schade einen Fimo-Bleistift anzuspitzen und dabei die ganze Arbeit weg zu spitzen. Da hat mir die Idee einen hochwertigen Schreiber mit Fimo zu verzieren schon sehr gut gefallen. Ich mag gern mit sch\u00f6nen Schreibern schreiben.<\/p>\n<p><img loading=\"lazy\" decoding=\"async\" class=\"alignnone size-full wp-image-550\" src=\"https:\/\/fofftein.fimotic.com\/wp-content\/uploads\/2016\/12\/20170104_190737_crop_500x300.jpg\" alt=\"\" width=\"500\" height=\"300\" srcset=\"https:\/\/fofftein.fimotic.com\/wp-content\/uploads\/2016\/12\/20170104_190737_crop_500x300.jpg 500w, https:\/\/fofftein.fimotic.com\/wp-content\/uploads\/2016\/12\/20170104_190737_crop_500x300-300x180.jpg 300w\" sizes=\"auto, (max-width: 500px) 100vw, 500px\" \/><\/p>\n<p>Allerdings mag ich die Staedtler Baus\u00e4tze f\u00fcr F\u00fcller und Kugelschreiber nicht so sehr leiden und es gibt nur\u00a0ein einziges\u00a0Design, deshalb habe ich nach Alternativen gesucht. Die Staedtler Baus\u00e4tze haben den grossen Vorteil ohne viel Werkzeug zusammen gebaut werden zu k\u00f6nnen. Irgend jemand hat mich dann auf die Idee gebracht mal bei den Kugelschreiberbaus\u00e4tzen aus dem Drechslerbedarf zu schauen. Da habe ich dann alles gefunden was ich wollte. Zum Einstieg einigerma\u00dfen preisg\u00fcnstige Baus\u00e4tze, mit denen ich erstmal \u00fcben konnte. Eine riesige Auswahl an Designs, vom ganz schlanken bis zum kr\u00e4fitg gebauten Schreiber. In Chrom, Gold oder Schwarz. Bis zu den ganz edlen, hochwertigen F\u00fcllern mit richtig guten Federn. Und ich kann Einzelteile nachbestellen, wenn mal etwas schief l\u00e4uft.<\/p>\n<p>Das Belegen der Kugelschreiber mit Fimo ist unproblematisch, die eigentliche H\u00fcrde ist der Zusammenbau der Schreiber. Es macht ja keinen Sinn sich eine halbe Werkstatt hin zu stellen, nur um ein Paar Kugelschreiber zusammen zu bauen.\u00a0Nach einigem herum probieren habe ich f\u00fcr den Zusammenbau eine L\u00f6sung gefunden, die zuverl\u00e4ssig funktioniert. Schau mal: Schreibger\u00e4te montieren.<\/p>\n","protected":false},"excerpt":{"rendered":"<p>Vor einiger Zeit hat Staedtler einen Kugelschreiber- und F\u00fcllerbausatz auf den Markt gebracht. Nat\u00fcrlich kann man auch Pappkulis oder Holzbleistifte in Fimo einpacken, das mag ich aber nicht so gern. Ich finde es schade einen Fimo-Bleistift anzuspitzen und dabei die &hellip; <a href=\"https:\/\/fofftein.fimotic.com\/?page_id=424\">Weiterlesen <span class=\"meta-nav\">&rarr;<\/span><\/a><\/p>\n","protected":false},"author":3,"featured_media":0,"parent":0,"menu_order":0,"comment_status":"open","ping_status":"closed","template":"","meta":{"footnotes":""},"class_list":["post-424","page","type-page","status-publish","hentry"],"_links":{"self":[{"href":"https:\/\/fofftein.fimotic.com\/index.php?rest_route=\/wp\/v2\/pages\/424","targetHints":{"allow":["GET"]}}],"collection":[{"href":"https:\/\/fofftein.fimotic.com\/index.php?rest_route=\/wp\/v2\/pages"}],"about":[{"href":"https:\/\/fofftein.fimotic.com\/index.php?rest_route=\/wp\/v2\/types\/page"}],"author":[{"embeddable":true,"href":"https:\/\/fofftein.fimotic.com\/index.php?rest_route=\/wp\/v2\/users\/3"}],"replies":[{"embeddable":true,"href":"https:\/\/fofftein.fimotic.com\/index.php?rest_route=%2Fwp%2Fv2%2Fcomments&post=424"}],"version-history":[{"count":16,"href":"https:\/\/fofftein.fimotic.com\/index.php?rest_route=\/wp\/v2\/pages\/424\/revisions"}],"predecessor-version":[{"id":1098,"href":"https:\/\/fofftein.fimotic.com\/index.php?rest_route=\/wp\/v2\/pages\/424\/revisions\/1098"}],"wp:attachment":[{"href":"https:\/\/fofftein.fimotic.com\/index.php?rest_route=%2Fwp%2Fv2%2Fmedia&parent=424"}],"curies":[{"name":"wp","href":"https:\/\/api.w.org\/{rel}","templated":true}]}}