{"id":407,"date":"2016-12-16T00:10:04","date_gmt":"2016-12-15T23:10:04","guid":{"rendered":"http:\/\/fofftein.fimotic.com\/?page_id=407"},"modified":"2017-01-07T21:33:41","modified_gmt":"2017-01-07T20:33:41","slug":"blumenhirsch","status":"publish","type":"page","link":"https:\/\/fofftein.fimotic.com\/?page_id=407","title":{"rendered":"Blumenhirsch"},"content":{"rendered":"<p>Als ich mich im Cane bauen versucht habe, blieb ein ganz toller Farbverlaufsrest und vermatschte Cane-Enden \u00fcbrig. Die waren so blumig und da habe ich sie mit einem Hirschen zusammen gebracht.<\/p>\n<p>Das kleine Bl\u00fcmchen mit dem gelben Steinchen in der Mitte ist ein Scheibchen der entstandenen Cane. Die Spirale, die oben als H\u00fctchen drauf sitzt, ist aus dem unregelm\u00e4\u00dfigen Ende des Skinnerblends entstanden. Ich habe einfach eine lange Rolle draus gerollt. Die Bl\u00e4tter sind enstanden nachdem ich den Skinnerblend zu einem Block umgeformt habe und den dann gerade geschnitten habe. Das war ein Randst\u00fcck aus dem ich mehrere Bl\u00e4tter schneiden konnte.<\/p>\n<p><img loading=\"lazy\" decoding=\"async\" class=\"alignnone size-full wp-image-408\" src=\"https:\/\/fofftein.fimotic.com\/wp-content\/uploads\/2016\/12\/20161214_083902_crop_500x300.jpg\" alt=\"\" width=\"500\" height=\"300\" srcset=\"https:\/\/fofftein.fimotic.com\/wp-content\/uploads\/2016\/12\/20161214_083902_crop_500x300.jpg 500w, https:\/\/fofftein.fimotic.com\/wp-content\/uploads\/2016\/12\/20161214_083902_crop_500x300-300x180.jpg 300w\" sizes=\"auto, (max-width: 500px) 100vw, 500px\" \/><\/p>\n<p>Die Glitzersteinchen sind Hot-Fix Steinchen, die ich ins Fimo gedr\u00fcckt habe. Hot-Fixes halten zum einen die Hitze des Backofens aus und zum anderen bringen sie ihren Kleber gleich mit, der im Backofen schmilzt und den Stein in Position h\u00e4lt.<\/p>\n<p><img loading=\"lazy\" decoding=\"async\" class=\"alignnone size-full wp-image-412\" src=\"https:\/\/fofftein.fimotic.com\/wp-content\/uploads\/2016\/12\/20161214_083908_crop_500x300.jpg\" alt=\"\" width=\"500\" height=\"300\" srcset=\"https:\/\/fofftein.fimotic.com\/wp-content\/uploads\/2016\/12\/20161214_083908_crop_500x300.jpg 500w, https:\/\/fofftein.fimotic.com\/wp-content\/uploads\/2016\/12\/20161214_083908_crop_500x300-300x180.jpg 300w\" sizes=\"auto, (max-width: 500px) 100vw, 500px\" \/><\/p>\n<p>Oben sitzt ein Bergkristall drauf. Unter dem Kristall ist ein St\u00fcck Blattgold, deshalb sieht der so leuchtend aus. Es sieht immer sch\u00f6ner aus, wenn unter einem Kristall entweder weiss oder silber \/ gold ist.<\/p>\n<p><img loading=\"lazy\" decoding=\"async\" class=\"alignnone size-full wp-image-411\" src=\"https:\/\/fofftein.fimotic.com\/wp-content\/uploads\/2016\/12\/20161214_083918_crop_500x300.jpg\" alt=\"\" width=\"500\" height=\"300\" srcset=\"https:\/\/fofftein.fimotic.com\/wp-content\/uploads\/2016\/12\/20161214_083918_crop_500x300.jpg 500w, https:\/\/fofftein.fimotic.com\/wp-content\/uploads\/2016\/12\/20161214_083918_crop_500x300-300x180.jpg 300w\" sizes=\"auto, (max-width: 500px) 100vw, 500px\" \/><\/p>\n","protected":false},"excerpt":{"rendered":"<p>Als ich mich im Cane bauen versucht habe, blieb ein ganz toller Farbverlaufsrest und vermatschte Cane-Enden \u00fcbrig. Die waren so blumig und da habe ich sie mit einem Hirschen zusammen gebracht. Das kleine Bl\u00fcmchen mit dem gelben Steinchen in der &hellip; <a href=\"https:\/\/fofftein.fimotic.com\/?page_id=407\">Weiterlesen <span class=\"meta-nav\">&rarr;<\/span><\/a><\/p>\n","protected":false},"author":3,"featured_media":0,"parent":46,"menu_order":0,"comment_status":"open","ping_status":"closed","template":"","meta":{"footnotes":""},"class_list":["post-407","page","type-page","status-publish","hentry"],"_links":{"self":[{"href":"https:\/\/fofftein.fimotic.com\/index.php?rest_route=\/wp\/v2\/pages\/407","targetHints":{"allow":["GET"]}}],"collection":[{"href":"https:\/\/fofftein.fimotic.com\/index.php?rest_route=\/wp\/v2\/pages"}],"about":[{"href":"https:\/\/fofftein.fimotic.com\/index.php?rest_route=\/wp\/v2\/types\/page"}],"author":[{"embeddable":true,"href":"https:\/\/fofftein.fimotic.com\/index.php?rest_route=\/wp\/v2\/users\/3"}],"replies":[{"embeddable":true,"href":"https:\/\/fofftein.fimotic.com\/index.php?rest_route=%2Fwp%2Fv2%2Fcomments&post=407"}],"version-history":[{"count":1,"href":"https:\/\/fofftein.fimotic.com\/index.php?rest_route=\/wp\/v2\/pages\/407\/revisions"}],"predecessor-version":[{"id":413,"href":"https:\/\/fofftein.fimotic.com\/index.php?rest_route=\/wp\/v2\/pages\/407\/revisions\/413"}],"up":[{"embeddable":true,"href":"https:\/\/fofftein.fimotic.com\/index.php?rest_route=\/wp\/v2\/pages\/46"}],"wp:attachment":[{"href":"https:\/\/fofftein.fimotic.com\/index.php?rest_route=%2Fwp%2Fv2%2Fmedia&parent=407"}],"curies":[{"name":"wp","href":"https:\/\/api.w.org\/{rel}","templated":true}]}}