{"id":319,"date":"2016-12-11T00:15:23","date_gmt":"2016-12-10T23:15:23","guid":{"rendered":"http:\/\/fofftein.fimotic.com\/?page_id=319"},"modified":"2017-09-10T18:29:49","modified_gmt":"2017-09-10T17:29:49","slug":"systemperlen-roehrentechnik","status":"publish","type":"page","link":"https:\/\/fofftein.fimotic.com\/?page_id=319","title":{"rendered":"R\u00f6hrentechnik"},"content":{"rendered":"<p>Ich nutze die R\u00f6hrentechnik, wenn ich Perlen mit einem gr\u00f6\u00dferen Loch haben will, es m\u00fcssen gar nicht unbedingt Systeemperlen werddn. Da ich keine geraden, mittigen L\u00f6cher in Fimoperlen bohren kann, fangen meine Perlen oft als\u00a0R\u00f6hre \u00fcber einer Stricknadel an. Somit spare ich mir das nachtr\u00e4gliche L\u00f6cher bohren, denn das Loch ist schon da. Mit dieser Technik kann man bei gr\u00f6\u00dferen Perlen auch etwas Gewicht sparen, da sie etwas hohl sind.<\/p>\n<p>Es beginnt mit einem halben P\u00e4ckchen Fimo Professional, ggf. Systemperlen\u00f6sen und einer Stricknadel aus einem Nadelspiel mit dem gew\u00fcnschten Durchmesser.<img loading=\"lazy\" decoding=\"async\" class=\"alignnone size-full wp-image-349\" src=\"https:\/\/fofftein.fimotic.com\/wp-content\/uploads\/2016\/12\/20161204_153724_crop_500x400.jpg\" alt=\"\" width=\"500\" height=\"400\" srcset=\"https:\/\/fofftein.fimotic.com\/wp-content\/uploads\/2016\/12\/20161204_153724_crop_500x400.jpg 500w, https:\/\/fofftein.fimotic.com\/wp-content\/uploads\/2016\/12\/20161204_153724_crop_500x400-300x240.jpg 300w\" sizes=\"auto, (max-width: 500px) 100vw, 500px\" \/><\/p>\n<p>Das gut weichgeknetete Fimo dann zu einer langen, einigerma\u00dfen gleichm\u00e4\u00dfigen Schlange rollen.<br \/>\n<img loading=\"lazy\" decoding=\"async\" class=\"alignnone size-full wp-image-348\" src=\"https:\/\/fofftein.fimotic.com\/wp-content\/uploads\/2016\/12\/20161204_160619_crop_500x400.jpg\" alt=\"\" width=\"500\" height=\"400\" srcset=\"https:\/\/fofftein.fimotic.com\/wp-content\/uploads\/2016\/12\/20161204_160619_crop_500x400.jpg 500w, https:\/\/fofftein.fimotic.com\/wp-content\/uploads\/2016\/12\/20161204_160619_crop_500x400-300x240.jpg 300w\" sizes=\"auto, (max-width: 500px) 100vw, 500px\" \/><\/p>\n<p>Die Mitte der Schlange \u00fcber die Mitte der Stricknadel h\u00e4ngen.<img loading=\"lazy\" decoding=\"async\" class=\"alignnone size-full wp-image-347\" src=\"https:\/\/fofftein.fimotic.com\/wp-content\/uploads\/2016\/12\/20161204_160642_crop_500x400.jpg\" alt=\"\" width=\"500\" height=\"400\" srcset=\"https:\/\/fofftein.fimotic.com\/wp-content\/uploads\/2016\/12\/20161204_160642_crop_500x400.jpg 500w, https:\/\/fofftein.fimotic.com\/wp-content\/uploads\/2016\/12\/20161204_160642_crop_500x400-300x240.jpg 300w\" sizes=\"auto, (max-width: 500px) 100vw, 500px\" \/><\/p>\n<p>Und das eine Ende spiralig um die Stricknadel wickeln.<img loading=\"lazy\" decoding=\"async\" class=\"alignnone size-full wp-image-346\" src=\"https:\/\/fofftein.fimotic.com\/wp-content\/uploads\/2016\/12\/20161204_160702_crop_500x400.jpg\" alt=\"\" width=\"500\" height=\"400\" srcset=\"https:\/\/fofftein.fimotic.com\/wp-content\/uploads\/2016\/12\/20161204_160702_crop_500x400.jpg 500w, https:\/\/fofftein.fimotic.com\/wp-content\/uploads\/2016\/12\/20161204_160702_crop_500x400-300x240.jpg 300w\" sizes=\"auto, (max-width: 500px) 100vw, 500px\" \/><\/p>\n<p>Und dann das andere Ende.<img loading=\"lazy\" decoding=\"async\" class=\"alignnone size-full wp-image-345\" src=\"https:\/\/fofftein.fimotic.com\/wp-content\/uploads\/2016\/12\/20161204_160720_crop_500x400.jpg\" alt=\"\" width=\"500\" height=\"400\" srcset=\"https:\/\/fofftein.fimotic.com\/wp-content\/uploads\/2016\/12\/20161204_160720_crop_500x400.jpg 500w, https:\/\/fofftein.fimotic.com\/wp-content\/uploads\/2016\/12\/20161204_160720_crop_500x400-300x240.jpg 300w\" sizes=\"auto, (max-width: 500px) 100vw, 500px\" \/><\/p>\n<p>Die Spirale ist jetzt einigerma\u00dfen mittig auf der Stricknadel. Mit einer Glasplatte die eingewickelte Nadel vor und zur\u00fcck rollen. Dabei nur ganz wenig dr\u00fccken. Unter der Milchglasscheibe ist meine Fimorolle zu erahnen.<img loading=\"lazy\" decoding=\"async\" class=\"alignnone size-full wp-image-344\" src=\"https:\/\/fofftein.fimotic.com\/wp-content\/uploads\/2016\/12\/20161204_160936_crop_500x400.jpg\" alt=\"\" width=\"500\" height=\"400\" srcset=\"https:\/\/fofftein.fimotic.com\/wp-content\/uploads\/2016\/12\/20161204_160936_crop_500x400.jpg 500w, https:\/\/fofftein.fimotic.com\/wp-content\/uploads\/2016\/12\/20161204_160936_crop_500x400-300x240.jpg 300w\" sizes=\"auto, (max-width: 500px) 100vw, 500px\" \/><\/p>\n<p>Langsam wachsen die einzelnen Windungen zusammen.<img loading=\"lazy\" decoding=\"async\" class=\"alignnone size-full wp-image-343\" src=\"https:\/\/fofftein.fimotic.com\/wp-content\/uploads\/2016\/12\/20161204_160741_crop_500x400.jpg\" alt=\"\" width=\"500\" height=\"400\" srcset=\"https:\/\/fofftein.fimotic.com\/wp-content\/uploads\/2016\/12\/20161204_160741_crop_500x400.jpg 500w, https:\/\/fofftein.fimotic.com\/wp-content\/uploads\/2016\/12\/20161204_160741_crop_500x400-300x240.jpg 300w\" sizes=\"auto, (max-width: 500px) 100vw, 500px\" \/><\/p>\n<p>Ganz langsam.<br \/>\n<img loading=\"lazy\" decoding=\"async\" class=\"alignnone size-full wp-image-342\" src=\"https:\/\/fofftein.fimotic.com\/wp-content\/uploads\/2016\/12\/20161204_160955_crop_500x400.jpg\" alt=\"\" width=\"500\" height=\"400\" srcset=\"https:\/\/fofftein.fimotic.com\/wp-content\/uploads\/2016\/12\/20161204_160955_crop_500x400.jpg 500w, https:\/\/fofftein.fimotic.com\/wp-content\/uploads\/2016\/12\/20161204_160955_crop_500x400-300x240.jpg 300w\" sizes=\"auto, (max-width: 500px) 100vw, 500px\" \/><\/p>\n<p>Irgendwann kann man eine weitere Stricknadel nehmen und die restlichen Ans\u00e4tze verstreichen.<br \/>\n<img loading=\"lazy\" decoding=\"async\" class=\"alignnone size-full wp-image-341\" src=\"https:\/\/fofftein.fimotic.com\/wp-content\/uploads\/2016\/12\/20161204_161044_crop_500x400.jpg\" alt=\"\" width=\"500\" height=\"400\" srcset=\"https:\/\/fofftein.fimotic.com\/wp-content\/uploads\/2016\/12\/20161204_161044_crop_500x400.jpg 500w, https:\/\/fofftein.fimotic.com\/wp-content\/uploads\/2016\/12\/20161204_161044_crop_500x400-300x240.jpg 300w\" sizes=\"auto, (max-width: 500px) 100vw, 500px\" \/><\/p>\n<p>Schon ist eine glatte R\u00f6hre (mit Fusseln) fertig.<img loading=\"lazy\" decoding=\"async\" class=\"alignnone size-full wp-image-340\" src=\"https:\/\/fofftein.fimotic.com\/wp-content\/uploads\/2016\/12\/20161204_161335_crop_500x400.jpg\" alt=\"\" width=\"500\" height=\"400\" srcset=\"https:\/\/fofftein.fimotic.com\/wp-content\/uploads\/2016\/12\/20161204_161335_crop_500x400.jpg 500w, https:\/\/fofftein.fimotic.com\/wp-content\/uploads\/2016\/12\/20161204_161335_crop_500x400-300x240.jpg 300w\" sizes=\"auto, (max-width: 500px) 100vw, 500px\" \/><\/p>\n<p>Je nach Technik kann man die R\u00f6hre jetzt direkt verzieren oder wie in diesem Fall mit einer d\u00fcnnen Dekorplatte \u00fcberziehen. Dazu erstmal die Gr\u00f6\u00dfe der Platte ausmessen. Daf\u00fcr das Fimo eher d\u00fcnn in der L\u00e4nge der R\u00f6hre ausrollen, an einer Seite gerade abschneiden und auf die Rolle legen.<img loading=\"lazy\" decoding=\"async\" class=\"alignnone size-full wp-image-339\" src=\"https:\/\/fofftein.fimotic.com\/wp-content\/uploads\/2016\/12\/20161204_161726_crop_500x400.jpg\" alt=\"\" width=\"500\" height=\"400\" srcset=\"https:\/\/fofftein.fimotic.com\/wp-content\/uploads\/2016\/12\/20161204_161726_crop_500x400.jpg 500w, https:\/\/fofftein.fimotic.com\/wp-content\/uploads\/2016\/12\/20161204_161726_crop_500x400-300x240.jpg 300w\" sizes=\"auto, (max-width: 500px) 100vw, 500px\" \/><\/p>\n<p>Einmal herum wickeln und die andere Seite ebenfalls gerade abschneiden.<img loading=\"lazy\" decoding=\"async\" class=\"alignnone size-full wp-image-338\" src=\"https:\/\/fofftein.fimotic.com\/wp-content\/uploads\/2016\/12\/20161204_161740_crop_500x400.jpg\" alt=\"\" width=\"500\" height=\"400\" srcset=\"https:\/\/fofftein.fimotic.com\/wp-content\/uploads\/2016\/12\/20161204_161740_crop_500x400.jpg 500w, https:\/\/fofftein.fimotic.com\/wp-content\/uploads\/2016\/12\/20161204_161740_crop_500x400-300x240.jpg 300w\" sizes=\"auto, (max-width: 500px) 100vw, 500px\" \/><\/p>\n<p>Die so entstandene Platte wieder abwickeln und bunt verzieren. Wenn dabei die Platte wieder etwas gr\u00f6\u00dfer wird, dann ist das kein Problem. Die Platte von der Oberfl\u00e4che mit einer Klinge l\u00f6sen, damit sie m\u00f6glichst wenig verzogen wird.<img loading=\"lazy\" decoding=\"async\" class=\"alignnone size-full wp-image-337\" src=\"https:\/\/fofftein.fimotic.com\/wp-content\/uploads\/2016\/12\/20161204_163036_crop_500x400.jpg\" alt=\"\" width=\"500\" height=\"400\" srcset=\"https:\/\/fofftein.fimotic.com\/wp-content\/uploads\/2016\/12\/20161204_163036_crop_500x400.jpg 500w, https:\/\/fofftein.fimotic.com\/wp-content\/uploads\/2016\/12\/20161204_163036_crop_500x400-300x240.jpg 300w\" sizes=\"auto, (max-width: 500px) 100vw, 500px\" \/><\/p>\n<p>Wieder eine Seite gerade schneiden, drum wickeln und die andere Seite auch gerade schneiden.<br \/>\n<img loading=\"lazy\" decoding=\"async\" class=\"alignnone size-full wp-image-336\" src=\"https:\/\/fofftein.fimotic.com\/wp-content\/uploads\/2016\/12\/20161204_163113_crop_500x400.jpg\" alt=\"\" width=\"500\" height=\"400\" srcset=\"https:\/\/fofftein.fimotic.com\/wp-content\/uploads\/2016\/12\/20161204_163113_crop_500x400.jpg 500w, https:\/\/fofftein.fimotic.com\/wp-content\/uploads\/2016\/12\/20161204_163113_crop_500x400-300x240.jpg 300w\" sizes=\"auto, (max-width: 500px) 100vw, 500px\" \/><\/p>\n<p>Die Naht schliessen, erst mit den Fingern m\u00f6glichst dicht und sauber zusammen legen. Nicht \u00fcberlappend legen, das bekommt man nicht wieder glatt. Dann mit einer Stricknadel dr\u00fcberrollen und so die Naht schliessen.<img loading=\"lazy\" decoding=\"async\" class=\"alignnone size-full wp-image-334\" src=\"https:\/\/fofftein.fimotic.com\/wp-content\/uploads\/2016\/12\/20161204_163216_crop_500x400.jpg\" alt=\"\" width=\"500\" height=\"400\" srcset=\"https:\/\/fofftein.fimotic.com\/wp-content\/uploads\/2016\/12\/20161204_163216_crop_500x400.jpg 500w, https:\/\/fofftein.fimotic.com\/wp-content\/uploads\/2016\/12\/20161204_163216_crop_500x400-300x240.jpg 300w\" sizes=\"auto, (max-width: 500px) 100vw, 500px\" \/><\/p>\n<p>In gleichm\u00e4\u00dfigen Abst\u00e4nden die R\u00f6hre markieren.<img loading=\"lazy\" decoding=\"async\" class=\"alignnone size-full wp-image-333\" src=\"https:\/\/fofftein.fimotic.com\/wp-content\/uploads\/2016\/12\/20161204_163237_crop_500x400.jpg\" alt=\"\" width=\"500\" height=\"400\" srcset=\"https:\/\/fofftein.fimotic.com\/wp-content\/uploads\/2016\/12\/20161204_163237_crop_500x400.jpg 500w, https:\/\/fofftein.fimotic.com\/wp-content\/uploads\/2016\/12\/20161204_163237_crop_500x400-300x240.jpg 300w\" sizes=\"auto, (max-width: 500px) 100vw, 500px\" \/><\/p>\n<p>R\u00f6hre und Messer sind an den Linien auf der Unterlage ausgerichtet. Es ist wichtig irgendeine visuelle Hilfe zu haben, damit das Messer wirklich rechtwinklig zur R\u00f6hre ausgerichtet ist und w\u00e4hrend des schneidens auch bleibt. Das Messer wird angesetzt und senkrecht bis zur Stricknadel durch geschnitten, dann wird die R\u00f6hre nach vorn gerollt und weiter geschnitten, bis die R\u00f6hre einmal rundherum geschnitten ist.<img loading=\"lazy\" decoding=\"async\" class=\"alignnone size-full wp-image-331\" src=\"https:\/\/fofftein.fimotic.com\/wp-content\/uploads\/2016\/12\/20161204_163407_crop_500x400.jpg\" alt=\"\" width=\"500\" height=\"400\" srcset=\"https:\/\/fofftein.fimotic.com\/wp-content\/uploads\/2016\/12\/20161204_163407_crop_500x400.jpg 500w, https:\/\/fofftein.fimotic.com\/wp-content\/uploads\/2016\/12\/20161204_163407_crop_500x400-300x240.jpg 300w\" sizes=\"auto, (max-width: 500px) 100vw, 500px\" \/><\/p>\n<p>Wenn Messer und R\u00f6hre nicht sauber ausgerichtet sind oder die R\u00f6hre nicht gerade nach vorn gerollt wird, dann wird der Schnitt schief. Das isr sehr gut an dem rechten Schnitt zu sehen. Dann ein St\u00fcck zur\u00fcck rollen und noch mal gerade schneiden.<img loading=\"lazy\" decoding=\"async\" class=\"alignnone size-full wp-image-330\" src=\"https:\/\/fofftein.fimotic.com\/wp-content\/uploads\/2016\/12\/20161204_163600_crop_500x400.jpg\" alt=\"\" width=\"500\" height=\"400\" srcset=\"https:\/\/fofftein.fimotic.com\/wp-content\/uploads\/2016\/12\/20161204_163600_crop_500x400.jpg 500w, https:\/\/fofftein.fimotic.com\/wp-content\/uploads\/2016\/12\/20161204_163600_crop_500x400-300x240.jpg 300w\" sizes=\"auto, (max-width: 500px) 100vw, 500px\" \/><\/p>\n<p>Alle Perlen abschneiden und erst dann von der Stricknadel ziehen.<img loading=\"lazy\" decoding=\"async\" class=\"alignnone size-full wp-image-329\" src=\"https:\/\/fofftein.fimotic.com\/wp-content\/uploads\/2016\/12\/20161204_163612_crop_500x400.jpg\" alt=\"\" width=\"500\" height=\"400\" srcset=\"https:\/\/fofftein.fimotic.com\/wp-content\/uploads\/2016\/12\/20161204_163612_crop_500x400.jpg 500w, https:\/\/fofftein.fimotic.com\/wp-content\/uploads\/2016\/12\/20161204_163612_crop_500x400-300x240.jpg 300w\" sizes=\"auto, (max-width: 500px) 100vw, 500px\" \/><\/p>\n<p>Fertig sind die R\u00f6hrenperlen, wer mag, kann hier aufh\u00f6ren. F\u00fcr runde Perlen wird jetzt die \u00e4u\u00dfere Schicht vorsichtig \u00fcber das Loch gezogen. Immer rundherum mit Daumen und Zeigefinger den \u00e4u\u00dferen Rand \u00fcber das Loch ziehen. Dabei die Perle immer drehen, damit alle Seiten gleichm\u00e4\u00dfig gezogen werden.<img loading=\"lazy\" decoding=\"async\" class=\"alignnone size-full wp-image-327\" src=\"https:\/\/fofftein.fimotic.com\/wp-content\/uploads\/2016\/12\/20161204_163742_crop_500x400.jpg\" alt=\"\" width=\"500\" height=\"400\" srcset=\"https:\/\/fofftein.fimotic.com\/wp-content\/uploads\/2016\/12\/20161204_163742_crop_500x400.jpg 500w, https:\/\/fofftein.fimotic.com\/wp-content\/uploads\/2016\/12\/20161204_163742_crop_500x400-300x240.jpg 300w\" sizes=\"auto, (max-width: 500px) 100vw, 500px\" \/><\/p>\n<p>Von beiden Seiten schieben und ziehen.<img loading=\"lazy\" decoding=\"async\" class=\"alignnone size-full wp-image-326\" src=\"https:\/\/fofftein.fimotic.com\/wp-content\/uploads\/2016\/12\/20161204_163810_crop_500x400.jpg\" alt=\"\" width=\"500\" height=\"400\" srcset=\"https:\/\/fofftein.fimotic.com\/wp-content\/uploads\/2016\/12\/20161204_163810_crop_500x400.jpg 500w, https:\/\/fofftein.fimotic.com\/wp-content\/uploads\/2016\/12\/20161204_163810_crop_500x400-300x240.jpg 300w\" sizes=\"auto, (max-width: 500px) 100vw, 500px\" \/><\/p>\n<p>Das Loch wird immer kleiner. Ich bearbeite beide L\u00f6cher abwechselnd, so kann das Fimo sich immer wieder etwas entspannen, w\u00e4hrend ich die andere Seite bearbeite.<img loading=\"lazy\" decoding=\"async\" class=\"alignnone size-full wp-image-325\" src=\"https:\/\/fofftein.fimotic.com\/wp-content\/uploads\/2016\/12\/20161204_165022_crop_500x400.jpg\" alt=\"\" width=\"500\" height=\"400\" srcset=\"https:\/\/fofftein.fimotic.com\/wp-content\/uploads\/2016\/12\/20161204_165022_crop_500x400.jpg 500w, https:\/\/fofftein.fimotic.com\/wp-content\/uploads\/2016\/12\/20161204_165022_crop_500x400-300x240.jpg 300w\" sizes=\"auto, (max-width: 500px) 100vw, 500px\" \/><\/p>\n<p>Am Schluss bleibt immer dieses M\u00fcndchen \u00fcbrig. Ich finde immer es sieht wie zusammen gepresste Lippen aus, deshalb ist es bei mir das M\u00fcndchen.<img loading=\"lazy\" decoding=\"async\" class=\"alignnone size-full wp-image-324\" src=\"https:\/\/fofftein.fimotic.com\/wp-content\/uploads\/2016\/12\/20161204_165050_crop_500x400.jpg\" alt=\"\" width=\"500\" height=\"400\" srcset=\"https:\/\/fofftein.fimotic.com\/wp-content\/uploads\/2016\/12\/20161204_165050_crop_500x400.jpg 500w, https:\/\/fofftein.fimotic.com\/wp-content\/uploads\/2016\/12\/20161204_165050_crop_500x400-300x240.jpg 300w\" sizes=\"auto, (max-width: 500px) 100vw, 500px\" \/><\/p>\n<p>Die Perle kann jetzt sanft in den H\u00e4nden gerollt werden um kugelrunde Perlen zu erhalten. Diese bleiben etwas l\u00e4nglich. Eine Perlen\u00f6se auf die Stricknadel stecken und die Perle auf die Stricknadel schieben. Das Loch durch die Perle hindurch ist ja schon vorhanden, nur durch das M\u00fcndchen verschlossen. Also wird die Nadel vorsichtig drehend durch M\u00fcndchen gebohrt, die Perle abgenommen und durch das gegen\u00fcberliegende M\u00fcndchen gebohrt.<br \/>\n<img loading=\"lazy\" decoding=\"async\" class=\"alignnone size-full wp-image-323\" src=\"https:\/\/fofftein.fimotic.com\/wp-content\/uploads\/2016\/12\/20161204_163838_crop_500x400.jpg\" alt=\"\" width=\"500\" height=\"400\" srcset=\"https:\/\/fofftein.fimotic.com\/wp-content\/uploads\/2016\/12\/20161204_163838_crop_500x400.jpg 500w, https:\/\/fofftein.fimotic.com\/wp-content\/uploads\/2016\/12\/20161204_163838_crop_500x400-300x240.jpg 300w\" sizes=\"auto, (max-width: 500px) 100vw, 500px\" \/><\/p>\n<p>Wenn die Perle ganz auf der Nadel ist, von beiden Seiten die \u00d6sen hineinschieben.<img loading=\"lazy\" decoding=\"async\" class=\"alignnone size-full wp-image-321\" src=\"https:\/\/fofftein.fimotic.com\/wp-content\/uploads\/2016\/12\/20161204_163853_crop_500x400.jpg\" alt=\"\" width=\"500\" height=\"400\" srcset=\"https:\/\/fofftein.fimotic.com\/wp-content\/uploads\/2016\/12\/20161204_163853_crop_500x400.jpg 500w, https:\/\/fofftein.fimotic.com\/wp-content\/uploads\/2016\/12\/20161204_163853_crop_500x400-300x240.jpg 300w\" sizes=\"auto, (max-width: 500px) 100vw, 500px\" \/><\/p>\n<p>Fertig. Ab in den Backofen.<img loading=\"lazy\" decoding=\"async\" class=\"alignnone size-full wp-image-322\" src=\"https:\/\/fofftein.fimotic.com\/wp-content\/uploads\/2016\/12\/20161204_163903_crop_500x400.jpg\" alt=\"\" width=\"500\" height=\"400\" srcset=\"https:\/\/fofftein.fimotic.com\/wp-content\/uploads\/2016\/12\/20161204_163903_crop_500x400.jpg 500w, https:\/\/fofftein.fimotic.com\/wp-content\/uploads\/2016\/12\/20161204_163903_crop_500x400-300x240.jpg 300w\" sizes=\"auto, (max-width: 500px) 100vw, 500px\" \/><\/p>\n<p>Wenn k\u00fcrzere St\u00fccke abgeschnitten werden, entstehen rundere Perlen. Am Anfang ist es allerdings leichter etwas l\u00e4ngliche Perlen zu machen, weil mehr Masse da ist, die \u00fcber das Loch gezogen wird.<br \/>\n<img loading=\"lazy\" decoding=\"async\" class=\"alignnone size-full wp-image-320\" src=\"https:\/\/fofftein.fimotic.com\/wp-content\/uploads\/2016\/12\/20161204_165718_crop_500x400.jpg\" alt=\"\" width=\"500\" height=\"400\" srcset=\"https:\/\/fofftein.fimotic.com\/wp-content\/uploads\/2016\/12\/20161204_165718_crop_500x400.jpg 500w, https:\/\/fofftein.fimotic.com\/wp-content\/uploads\/2016\/12\/20161204_165718_crop_500x400-300x240.jpg 300w\" sizes=\"auto, (max-width: 500px) 100vw, 500px\" \/><\/p>\n<p>Ich w\u00fcnsche viel Spa\u00df beim Perlendrehen.<\/p>\n","protected":false},"excerpt":{"rendered":"<p>Ich nutze die R\u00f6hrentechnik, wenn ich Perlen mit einem gr\u00f6\u00dferen Loch haben will, es m\u00fcssen gar nicht unbedingt Systeemperlen werddn. Da ich keine geraden, mittigen L\u00f6cher in Fimoperlen bohren kann, fangen meine Perlen oft als\u00a0R\u00f6hre \u00fcber einer Stricknadel an. Somit &hellip; <a href=\"https:\/\/fofftein.fimotic.com\/?page_id=319\">Weiterlesen <span class=\"meta-nav\">&rarr;<\/span><\/a><\/p>\n","protected":false},"author":3,"featured_media":0,"parent":887,"menu_order":0,"comment_status":"open","ping_status":"closed","template":"","meta":{"footnotes":""},"class_list":["post-319","page","type-page","status-publish","hentry"],"_links":{"self":[{"href":"https:\/\/fofftein.fimotic.com\/index.php?rest_route=\/wp\/v2\/pages\/319","targetHints":{"allow":["GET"]}}],"collection":[{"href":"https:\/\/fofftein.fimotic.com\/index.php?rest_route=\/wp\/v2\/pages"}],"about":[{"href":"https:\/\/fofftein.fimotic.com\/index.php?rest_route=\/wp\/v2\/types\/page"}],"author":[{"embeddable":true,"href":"https:\/\/fofftein.fimotic.com\/index.php?rest_route=\/wp\/v2\/users\/3"}],"replies":[{"embeddable":true,"href":"https:\/\/fofftein.fimotic.com\/index.php?rest_route=%2Fwp%2Fv2%2Fcomments&post=319"}],"version-history":[{"count":12,"href":"https:\/\/fofftein.fimotic.com\/index.php?rest_route=\/wp\/v2\/pages\/319\/revisions"}],"predecessor-version":[{"id":1006,"href":"https:\/\/fofftein.fimotic.com\/index.php?rest_route=\/wp\/v2\/pages\/319\/revisions\/1006"}],"up":[{"embeddable":true,"href":"https:\/\/fofftein.fimotic.com\/index.php?rest_route=\/wp\/v2\/pages\/887"}],"wp:attachment":[{"href":"https:\/\/fofftein.fimotic.com\/index.php?rest_route=%2Fwp%2Fv2%2Fmedia&parent=319"}],"curies":[{"name":"wp","href":"https:\/\/api.w.org\/{rel}","templated":true}]}}