{"id":313,"date":"2016-12-10T23:09:30","date_gmt":"2016-12-10T22:09:30","guid":{"rendered":"http:\/\/fofftein.fimotic.com\/?page_id=313"},"modified":"2017-12-27T23:47:24","modified_gmt":"2017-12-27T22:47:24","slug":"perlengalerie","status":"publish","type":"page","link":"https:\/\/fofftein.fimotic.com\/?page_id=313","title":{"rendered":"Perlengalerie"},"content":{"rendered":"<p>In der Galerie findet Ihr nicht nur Perlen, sondern auch andere Schmuckst\u00fccke. Zu manchen gibt es ausf\u00fchrliche Tutorials, bei manchen erz\u00e4hle ich Euch wie sie gemacht wurden.<\/p>\n<p><span style=\"color: #000000;\"><b>Kreideperlen<\/b><\/span><\/p>\n<p>Fimo weiss, vor dem Backen mit Kreide gef\u00e4rbt, Strukturen mit allen m\u00f6glichen Werkzeugen eingedr\u00fcckt. Nach dem Backen Inka Gold oder Akrylfarbe in die Vertiefungen und alles wieder abgewischt. Lack darf hinterher nicht fehlen. Und hier ist beschrieben wie ich die Kreideperlen nachbearbeite:\u00a0<a href=\"https:\/\/fofftein.fimotic.com\/?page_id=594\">Kreideperlen nachbearbeiten<\/a><\/p>\n<p><img loading=\"lazy\" decoding=\"async\" class=\"alignnone size-full wp-image-581\" src=\"https:\/\/fofftein.fimotic.com\/wp-content\/uploads\/2016\/12\/IMG_20150401_170906_crop_500x400.jpg\" alt=\"\" width=\"500\" height=\"400\" srcset=\"https:\/\/fofftein.fimotic.com\/wp-content\/uploads\/2016\/12\/IMG_20150401_170906_crop_500x400.jpg 500w, https:\/\/fofftein.fimotic.com\/wp-content\/uploads\/2016\/12\/IMG_20150401_170906_crop_500x400-300x240.jpg 300w\" sizes=\"auto, (max-width: 500px) 100vw, 500px\" \/><\/p>\n<p><img loading=\"lazy\" decoding=\"async\" class=\"alignnone size-full wp-image-586\" src=\"https:\/\/fofftein.fimotic.com\/wp-content\/uploads\/2016\/12\/IMG_20150322_235708_crop_500x300.jpg\" alt=\"\" width=\"500\" height=\"300\" srcset=\"https:\/\/fofftein.fimotic.com\/wp-content\/uploads\/2016\/12\/IMG_20150322_235708_crop_500x300.jpg 500w, https:\/\/fofftein.fimotic.com\/wp-content\/uploads\/2016\/12\/IMG_20150322_235708_crop_500x300-300x180.jpg 300w\" sizes=\"auto, (max-width: 500px) 100vw, 500px\" \/><\/p>\n<p><img loading=\"lazy\" decoding=\"async\" class=\"alignnone size-full wp-image-582\" src=\"https:\/\/fofftein.fimotic.com\/wp-content\/uploads\/2016\/12\/IMG_20150330_233850_crop_500x400.jpg\" alt=\"\" width=\"500\" height=\"400\" srcset=\"https:\/\/fofftein.fimotic.com\/wp-content\/uploads\/2016\/12\/IMG_20150330_233850_crop_500x400.jpg 500w, https:\/\/fofftein.fimotic.com\/wp-content\/uploads\/2016\/12\/IMG_20150330_233850_crop_500x400-300x240.jpg 300w\" sizes=\"auto, (max-width: 500px) 100vw, 500px\" \/><\/p>\n<p><img loading=\"lazy\" decoding=\"async\" class=\"alignnone size-full wp-image-583\" src=\"https:\/\/fofftein.fimotic.com\/wp-content\/uploads\/2016\/12\/IMG_20150324_105306_crop_500x600.jpg\" alt=\"\" width=\"500\" height=\"600\" srcset=\"https:\/\/fofftein.fimotic.com\/wp-content\/uploads\/2016\/12\/IMG_20150324_105306_crop_500x600.jpg 500w, https:\/\/fofftein.fimotic.com\/wp-content\/uploads\/2016\/12\/IMG_20150324_105306_crop_500x600-250x300.jpg 250w\" sizes=\"auto, (max-width: 500px) 100vw, 500px\" \/><\/p>\n<p>Fimo weiss, Perlen zwischen zwei Kn\u00f6pfe gedr\u00fcckt und mit Kreide bemalt, mit Inka Gold die H\u00f6hen betont. Gebacken und lackiert.<\/p>\n<p><img loading=\"lazy\" decoding=\"async\" class=\"alignnone size-full wp-image-584\" src=\"https:\/\/fofftein.fimotic.com\/wp-content\/uploads\/2016\/12\/IMG_20150323_000221_crop_500x400.jpg\" alt=\"\" width=\"500\" height=\"400\" srcset=\"https:\/\/fofftein.fimotic.com\/wp-content\/uploads\/2016\/12\/IMG_20150323_000221_crop_500x400.jpg 500w, https:\/\/fofftein.fimotic.com\/wp-content\/uploads\/2016\/12\/IMG_20150323_000221_crop_500x400-300x240.jpg 300w\" sizes=\"auto, (max-width: 500px) 100vw, 500px\" \/><\/p>\n<p>Fimo weiss mit schwarzem Glitter und Embossingpulver gemischt, Perlen geformt, plattgedr\u00fcckt und mit Kreide dekoriert. Anschliessend in schwarz gestempelt (Perlen rechts) oder Kreise und Linien hineingedr\u00fcckt (Perlen links). Und lackiert.<\/p>\n<p><img loading=\"lazy\" decoding=\"async\" class=\"alignnone size-full wp-image-585\" src=\"https:\/\/fofftein.fimotic.com\/wp-content\/uploads\/2016\/12\/IMG_20150323_000147_crop_500x400.jpg\" alt=\"\" width=\"500\" height=\"400\" srcset=\"https:\/\/fofftein.fimotic.com\/wp-content\/uploads\/2016\/12\/IMG_20150323_000147_crop_500x400.jpg 500w, https:\/\/fofftein.fimotic.com\/wp-content\/uploads\/2016\/12\/IMG_20150323_000147_crop_500x400-300x240.jpg 300w\" sizes=\"auto, (max-width: 500px) 100vw, 500px\" \/><\/p>\n<p>Weisses Fimo, mit Dervent Inktense, der Rand wurde mit Alkohol Ink dunkel gef\u00e4rbt. Anschliessend lackiert.<\/p>\n<p><img loading=\"lazy\" decoding=\"async\" class=\"alignnone size-full wp-image-587\" src=\"https:\/\/fofftein.fimotic.com\/wp-content\/uploads\/2016\/12\/IMG_20140909_161708_crop_500x200.jpg\" alt=\"\" width=\"500\" height=\"200\" srcset=\"https:\/\/fofftein.fimotic.com\/wp-content\/uploads\/2016\/12\/IMG_20140909_161708_crop_500x200.jpg 500w, https:\/\/fofftein.fimotic.com\/wp-content\/uploads\/2016\/12\/IMG_20140909_161708_crop_500x200-300x120.jpg 300w\" sizes=\"auto, (max-width: 500px) 100vw, 500px\" \/><\/p>\n<p>Fimo weiss, mit Dervent Inktense Bl\u00f6cken vor dem Backen gef\u00e4rbt. Dervent Inktense sehen aus wie Pastelkreiden, k\u00f6nnen aber sehr gut mit Wasser vermalt werden, wenn sie\u00a0getrocknet sind, dann sind sie wasserfest. Anschlie\u00dfend\u00a0wurden die Perlen lackiert.<\/p>\n<p><img loading=\"lazy\" decoding=\"async\" class=\"alignnone size-full wp-image-588\" src=\"https:\/\/fofftein.fimotic.com\/wp-content\/uploads\/2016\/12\/IMG_20140909_161344_crop_500x200.jpg\" alt=\"\" width=\"500\" height=\"200\" srcset=\"https:\/\/fofftein.fimotic.com\/wp-content\/uploads\/2016\/12\/IMG_20140909_161344_crop_500x200.jpg 500w, https:\/\/fofftein.fimotic.com\/wp-content\/uploads\/2016\/12\/IMG_20140909_161344_crop_500x200-300x120.jpg 300w\" sizes=\"auto, (max-width: 500px) 100vw, 500px\" \/><\/p>\n<p><img loading=\"lazy\" decoding=\"async\" class=\"alignnone size-full wp-image-589\" src=\"https:\/\/fofftein.fimotic.com\/wp-content\/uploads\/2016\/12\/IMG_20140909_161008_crop_500x200.jpg\" alt=\"\" width=\"500\" height=\"200\" srcset=\"https:\/\/fofftein.fimotic.com\/wp-content\/uploads\/2016\/12\/IMG_20140909_161008_crop_500x200.jpg 500w, https:\/\/fofftein.fimotic.com\/wp-content\/uploads\/2016\/12\/IMG_20140909_161008_crop_500x200-300x120.jpg 300w\" sizes=\"auto, (max-width: 500px) 100vw, 500px\" \/><\/p>\n<p>Krakelierte Kreide. Eine Anleitung zum Krakelieren gibt es auch.\u00a0<a href=\"https:\/\/fofftein.fimotic.com\/?page_id=921\">Krakelieren<\/a><\/p>\n<p><img loading=\"lazy\" decoding=\"async\" class=\"alignnone size-full wp-image-942\" src=\"https:\/\/fofftein.fimotic.com\/wp-content\/uploads\/2017\/09\/Krakel19.jpg\" alt=\"\" width=\"500\" height=\"432\" srcset=\"https:\/\/fofftein.fimotic.com\/wp-content\/uploads\/2017\/09\/Krakel19.jpg 500w, https:\/\/fofftein.fimotic.com\/wp-content\/uploads\/2017\/09\/Krakel19-300x259.jpg 300w\" sizes=\"auto, (max-width: 500px) 100vw, 500px\" \/><\/p>\n<p>Ein Fimoteil mit Blattmetall, Kreide und\u00a0Alkoholinks\u00a0in Beton gegossen. Und hier steht wie es geht: <a href=\"https:\/\/fofftein.fimotic.com\/?page_id=647\">Fimo und Beton Anh\u00e4nger<\/a><\/p>\n<p><img loading=\"lazy\" decoding=\"async\" class=\"alignnone size-full wp-image-648\" src=\"https:\/\/fofftein.fimotic.com\/wp-content\/uploads\/2017\/01\/20170112_113804_crop_500x400.jpg\" alt=\"\" width=\"500\" height=\"400\" srcset=\"https:\/\/fofftein.fimotic.com\/wp-content\/uploads\/2017\/01\/20170112_113804_crop_500x400.jpg 500w, https:\/\/fofftein.fimotic.com\/wp-content\/uploads\/2017\/01\/20170112_113804_crop_500x400-300x240.jpg 300w\" sizes=\"auto, (max-width: 500px) 100vw, 500px\" \/><\/p>\n<p><strong>Mokume nendo<\/strong><\/p>\n<p>Diese Technik wird oft auch Mokume gane genannt. Allerdings ist Mokume Gane eine alte japanische Schmiedetechnik wobei Mokume f\u00fcr Holzmaserung und Gane f\u00fcr Metall steht. Insofern passt Mokume Nendo besserm da hierbei Nendo f\u00fcr Lehm steht und der internationale Oberbegriff f\u00fcr Fimo und andere ofenh\u00e4rtende Modelliermassen Polymer Clay ist. Clay wiederum bedeuted Lehm.<\/p>\n<p>Fimo transparent, Blattsilber, einzelne Platten mit Metallicfarben und Alkohol-Inks gef\u00e4rbt.<\/p>\n<p><img loading=\"lazy\" decoding=\"async\" class=\"alignnone size-full wp-image-574\" src=\"https:\/\/fofftein.fimotic.com\/wp-content\/uploads\/2016\/12\/IMG_20140911_115506_crop_500x300.jpg\" alt=\"\" width=\"500\" height=\"300\" srcset=\"https:\/\/fofftein.fimotic.com\/wp-content\/uploads\/2016\/12\/IMG_20140911_115506_crop_500x300.jpg 500w, https:\/\/fofftein.fimotic.com\/wp-content\/uploads\/2016\/12\/IMG_20140911_115506_crop_500x300-300x180.jpg 300w\" sizes=\"auto, (max-width: 500px) 100vw, 500px\" \/><\/p>\n<p>Fimo transparent, Fimo transparent rot, Blattsilber mit Alkohol-Inks gef\u00e4rbt<\/p>\n<p><img loading=\"lazy\" decoding=\"async\" class=\"alignnone size-full wp-image-575\" src=\"https:\/\/fofftein.fimotic.com\/wp-content\/uploads\/2016\/12\/IMG_20140911_115302_crop_500x400.jpg\" alt=\"\" width=\"500\" height=\"400\" srcset=\"https:\/\/fofftein.fimotic.com\/wp-content\/uploads\/2016\/12\/IMG_20140911_115302_crop_500x400.jpg 500w, https:\/\/fofftein.fimotic.com\/wp-content\/uploads\/2016\/12\/IMG_20140911_115302_crop_500x400-300x240.jpg 300w\" sizes=\"auto, (max-width: 500px) 100vw, 500px\" \/><\/p>\n<p>Fimo Gold, Kupfer, Metallicblau und weiss, passende Streifenperlen aus Scheiben vom Rand des Mokume Stapels<\/p>\n<p><img loading=\"lazy\" decoding=\"async\" class=\"alignnone size-full wp-image-576\" src=\"https:\/\/fofftein.fimotic.com\/wp-content\/uploads\/2016\/12\/IMG_20140911_114449_crop_500x400.jpg\" alt=\"\" width=\"500\" height=\"400\" srcset=\"https:\/\/fofftein.fimotic.com\/wp-content\/uploads\/2016\/12\/IMG_20140911_114449_crop_500x400.jpg 500w, https:\/\/fofftein.fimotic.com\/wp-content\/uploads\/2016\/12\/IMG_20140911_114449_crop_500x400-300x240.jpg 300w\" sizes=\"auto, (max-width: 500px) 100vw, 500px\" \/><\/p>\n<p>Fimo Gold, Gr\u00fcn, Weinrot, Weiss<\/p>\n<p><img loading=\"lazy\" decoding=\"async\" class=\"alignnone size-full wp-image-577\" src=\"https:\/\/fofftein.fimotic.com\/wp-content\/uploads\/2016\/12\/IMG_20140911_114128_crop_500x400.jpg\" alt=\"\" width=\"500\" height=\"400\" srcset=\"https:\/\/fofftein.fimotic.com\/wp-content\/uploads\/2016\/12\/IMG_20140911_114128_crop_500x400.jpg 500w, https:\/\/fofftein.fimotic.com\/wp-content\/uploads\/2016\/12\/IMG_20140911_114128_crop_500x400-300x240.jpg 300w\" sizes=\"auto, (max-width: 500px) 100vw, 500px\" \/><\/p>\n<p>Fimo gelb, t\u00fcrkis, schwarz, silber<\/p>\n<p><img loading=\"lazy\" decoding=\"async\" class=\"alignnone size-full wp-image-578\" src=\"https:\/\/fofftein.fimotic.com\/wp-content\/uploads\/2016\/12\/IMG_20140911_113413_crop_500x200.jpg\" alt=\"\" width=\"500\" height=\"200\" srcset=\"https:\/\/fofftein.fimotic.com\/wp-content\/uploads\/2016\/12\/IMG_20140911_113413_crop_500x200.jpg 500w, https:\/\/fofftein.fimotic.com\/wp-content\/uploads\/2016\/12\/IMG_20140911_113413_crop_500x200-300x120.jpg 300w\" sizes=\"auto, (max-width: 500px) 100vw, 500px\" \/><\/p>\n<p>&nbsp;<\/p>\n<p><strong>Imitationen<\/strong><\/p>\n<p>Abalone und Perle, beides Mokume gane mit Pearl Ex<\/p>\n<p><img loading=\"lazy\" decoding=\"async\" class=\"alignnone size-full wp-image-568\" src=\"https:\/\/fofftein.fimotic.com\/wp-content\/uploads\/2016\/12\/IMG_20140911_114710_crop_500x300.jpg\" alt=\"\" width=\"500\" height=\"300\" srcset=\"https:\/\/fofftein.fimotic.com\/wp-content\/uploads\/2016\/12\/IMG_20140911_114710_crop_500x300.jpg 500w, https:\/\/fofftein.fimotic.com\/wp-content\/uploads\/2016\/12\/IMG_20140911_114710_crop_500x300-300x180.jpg 300w\" sizes=\"auto, (max-width: 500px) 100vw, 500px\" \/><\/p>\n<p>Holz, Cane in Gold, Braun, Transparent<\/p>\n<p><img loading=\"lazy\" decoding=\"async\" class=\"alignnone size-full wp-image-569\" src=\"https:\/\/fofftein.fimotic.com\/wp-content\/uploads\/2016\/12\/IMG_20140909_160627_crop_500x200.jpg\" alt=\"\" width=\"500\" height=\"200\" srcset=\"https:\/\/fofftein.fimotic.com\/wp-content\/uploads\/2016\/12\/IMG_20140909_160627_crop_500x200.jpg 500w, https:\/\/fofftein.fimotic.com\/wp-content\/uploads\/2016\/12\/IMG_20140909_160627_crop_500x200-300x120.jpg 300w\" sizes=\"auto, (max-width: 500px) 100vw, 500px\" \/><\/p>\n<p>Jade, Fimo transparent gef\u00e4rbt mit Alkohol ink<\/p>\n<p><img loading=\"lazy\" decoding=\"async\" class=\"alignnone size-full wp-image-570\" src=\"https:\/\/fofftein.fimotic.com\/wp-content\/uploads\/2016\/12\/IMG_20140909_154954_crop_500x200.jpg\" alt=\"\" width=\"500\" height=\"200\" srcset=\"https:\/\/fofftein.fimotic.com\/wp-content\/uploads\/2016\/12\/IMG_20140909_154954_crop_500x200.jpg 500w, https:\/\/fofftein.fimotic.com\/wp-content\/uploads\/2016\/12\/IMG_20140909_154954_crop_500x200-300x120.jpg 300w\" sizes=\"auto, (max-width: 500px) 100vw, 500px\" \/><\/p>\n<p>Tigerbauch, Reste einer Tigercane<\/p>\n<p><img loading=\"lazy\" decoding=\"async\" class=\"alignnone size-full wp-image-571\" src=\"https:\/\/fofftein.fimotic.com\/wp-content\/uploads\/2016\/12\/IMG_20140909_154511_crop_500x200.jpg\" alt=\"\" width=\"500\" height=\"200\" srcset=\"https:\/\/fofftein.fimotic.com\/wp-content\/uploads\/2016\/12\/IMG_20140909_154511_crop_500x200.jpg 500w, https:\/\/fofftein.fimotic.com\/wp-content\/uploads\/2016\/12\/IMG_20140909_154511_crop_500x200-300x120.jpg 300w\" sizes=\"auto, (max-width: 500px) 100vw, 500px\" \/><\/p>\n<p>Bernstein, Reste einer Bernsteincane.<\/p>\n<p><img loading=\"lazy\" decoding=\"async\" class=\"alignnone size-full wp-image-572\" src=\"https:\/\/fofftein.fimotic.com\/wp-content\/uploads\/2016\/12\/IMG_20140807_212531_crop_500x400.jpg\" alt=\"\" width=\"500\" height=\"400\" srcset=\"https:\/\/fofftein.fimotic.com\/wp-content\/uploads\/2016\/12\/IMG_20140807_212531_crop_500x400.jpg 500w, https:\/\/fofftein.fimotic.com\/wp-content\/uploads\/2016\/12\/IMG_20140807_212531_crop_500x400-300x240.jpg 300w\" sizes=\"auto, (max-width: 500px) 100vw, 500px\" \/><\/p>\n<p>&nbsp;<\/p>\n<p><strong>Modellierte Perlen<\/strong><\/p>\n<p>K\u00fcrbisperlen, orangenes und gr\u00fcnes\u00a0Fimo, braune Acrylfarbe und Inka Gold. Hier entlang zur Kurzanleitung: <a href=\"https:\/\/fofftein.fimotic.com\/?page_id=11\">K\u00fcrbisperlen<\/a><\/p>\n<p><img loading=\"lazy\" decoding=\"async\" class=\"alignnone size-full wp-image-134\" src=\"https:\/\/fofftein.fimotic.com\/wp-content\/uploads\/2016\/11\/IMG_20140930_225338_1_crop_634x496-500x391.jpg\" alt=\"\" width=\"500\" height=\"391\" srcset=\"https:\/\/fofftein.fimotic.com\/wp-content\/uploads\/2016\/11\/IMG_20140930_225338_1_crop_634x496-500x391.jpg 500w, https:\/\/fofftein.fimotic.com\/wp-content\/uploads\/2016\/11\/IMG_20140930_225338_1_crop_634x496-500x391-300x235.jpg 300w\" sizes=\"auto, (max-width: 500px) 100vw, 500px\" \/><\/p>\n<p>Rostige Eicheln, braunes und schwarzes Fimo, Swellegant Farben, zur Kurzanleitung bitte hier entlang: <a href=\"https:\/\/fofftein.fimotic.com\/?page_id=98\">Rostige Eicheln<\/a><\/p>\n<p><img loading=\"lazy\" decoding=\"async\" class=\"alignnone size-full wp-image-141\" src=\"https:\/\/fofftein.fimotic.com\/wp-content\/uploads\/2016\/11\/IMG_20141009_100257_crop_636x758-500x595.jpg\" alt=\"\" width=\"500\" height=\"595\" srcset=\"https:\/\/fofftein.fimotic.com\/wp-content\/uploads\/2016\/11\/IMG_20141009_100257_crop_636x758-500x595.jpg 500w, https:\/\/fofftein.fimotic.com\/wp-content\/uploads\/2016\/11\/IMG_20141009_100257_crop_636x758-500x595-252x300.jpg 252w\" sizes=\"auto, (max-width: 500px) 100vw, 500px\" \/><\/p>\n<p>Popkornperlen, weisses Fimo mit Kreide<\/p>\n<p><img loading=\"lazy\" decoding=\"async\" class=\"alignnone size-full wp-image-561\" src=\"https:\/\/fofftein.fimotic.com\/wp-content\/uploads\/2016\/12\/IMG_20150222_201429_crop_500x400.jpg\" alt=\"\" width=\"500\" height=\"400\" srcset=\"https:\/\/fofftein.fimotic.com\/wp-content\/uploads\/2016\/12\/IMG_20150222_201429_crop_500x400.jpg 500w, https:\/\/fofftein.fimotic.com\/wp-content\/uploads\/2016\/12\/IMG_20150222_201429_crop_500x400-300x240.jpg 300w\" sizes=\"auto, (max-width: 500px) 100vw, 500px\" \/><\/p>\n<p>Gespenster, Nachtleuchtendes Fimo<\/p>\n<p><img loading=\"lazy\" decoding=\"async\" class=\"alignnone size-full wp-image-563\" src=\"https:\/\/fofftein.fimotic.com\/wp-content\/uploads\/2016\/12\/IMG_20141028_155743_crop_500x400.jpg\" alt=\"\" width=\"500\" height=\"400\" srcset=\"https:\/\/fofftein.fimotic.com\/wp-content\/uploads\/2016\/12\/IMG_20141028_155743_crop_500x400.jpg 500w, https:\/\/fofftein.fimotic.com\/wp-content\/uploads\/2016\/12\/IMG_20141028_155743_crop_500x400-300x240.jpg 300w\" sizes=\"auto, (max-width: 500px) 100vw, 500px\" \/><\/p>\n<p><img loading=\"lazy\" decoding=\"async\" class=\"alignnone size-full wp-image-562\" src=\"https:\/\/fofftein.fimotic.com\/wp-content\/uploads\/2016\/12\/IMG_20141028_195751_crop_500x400.jpg\" alt=\"\" width=\"500\" height=\"400\" srcset=\"https:\/\/fofftein.fimotic.com\/wp-content\/uploads\/2016\/12\/IMG_20141028_195751_crop_500x400.jpg 500w, https:\/\/fofftein.fimotic.com\/wp-content\/uploads\/2016\/12\/IMG_20141028_195751_crop_500x400-300x240.jpg 300w\" sizes=\"auto, (max-width: 500px) 100vw, 500px\" \/><\/p>\n<p>Fr\u00f6sche<\/p>\n<p><img loading=\"lazy\" decoding=\"async\" class=\"alignnone size-full wp-image-564\" src=\"https:\/\/fofftein.fimotic.com\/wp-content\/uploads\/2016\/12\/IMG_20140911_113818_crop_500x300.jpg\" alt=\"\" width=\"500\" height=\"300\" srcset=\"https:\/\/fofftein.fimotic.com\/wp-content\/uploads\/2016\/12\/IMG_20140911_113818_crop_500x300.jpg 500w, https:\/\/fofftein.fimotic.com\/wp-content\/uploads\/2016\/12\/IMG_20140911_113818_crop_500x300-300x180.jpg 300w\" sizes=\"auto, (max-width: 500px) 100vw, 500px\" \/><\/p>\n<p>Moos und Pilze<\/p>\n<p><img loading=\"lazy\" decoding=\"async\" class=\"alignnone size-full wp-image-565\" src=\"https:\/\/fofftein.fimotic.com\/wp-content\/uploads\/2016\/12\/IMG_20140909_153118_crop_500x300.jpg\" alt=\"\" width=\"500\" height=\"300\" srcset=\"https:\/\/fofftein.fimotic.com\/wp-content\/uploads\/2016\/12\/IMG_20140909_153118_crop_500x300.jpg 500w, https:\/\/fofftein.fimotic.com\/wp-content\/uploads\/2016\/12\/IMG_20140909_153118_crop_500x300-300x180.jpg 300w\" sizes=\"auto, (max-width: 500px) 100vw, 500px\" \/><\/p>\n<p>Tentakel<\/p>\n<p><img loading=\"lazy\" decoding=\"async\" class=\"alignnone size-full wp-image-566\" src=\"https:\/\/fofftein.fimotic.com\/wp-content\/uploads\/2016\/12\/IMG_20140909_153035_crop_500x300.jpg\" alt=\"\" width=\"500\" height=\"300\" srcset=\"https:\/\/fofftein.fimotic.com\/wp-content\/uploads\/2016\/12\/IMG_20140909_153035_crop_500x300.jpg 500w, https:\/\/fofftein.fimotic.com\/wp-content\/uploads\/2016\/12\/IMG_20140909_153035_crop_500x300-300x180.jpg 300w\" sizes=\"auto, (max-width: 500px) 100vw, 500px\" \/><\/p>\n<p><strong>Herzen<\/strong><\/p>\n<p>Ein Herz mit einer beweglichen Perle. Die Anleitung ist hier:\u00a0<a href=\"https:\/\/fofftein.fimotic.com\/?page_id=859\">Perlenherz<\/a><\/p>\n<p><img loading=\"lazy\" decoding=\"async\" class=\"alignnone size-full wp-image-868\" src=\"https:\/\/fofftein.fimotic.com\/wp-content\/uploads\/2017\/03\/20170315_112851_crop_500x900.jpg\" alt=\"\" width=\"500\" height=\"900\" srcset=\"https:\/\/fofftein.fimotic.com\/wp-content\/uploads\/2017\/03\/20170315_112851_crop_500x900.jpg 500w, https:\/\/fofftein.fimotic.com\/wp-content\/uploads\/2017\/03\/20170315_112851_crop_500x900-167x300.jpg 167w\" sizes=\"auto, (max-width: 500px) 100vw, 500px\" \/><\/p>\n","protected":false},"excerpt":{"rendered":"<p>In der Galerie findet Ihr nicht nur Perlen, sondern auch andere Schmuckst\u00fccke. Zu manchen gibt es ausf\u00fchrliche Tutorials, bei manchen erz\u00e4hle ich Euch wie sie gemacht wurden. Kreideperlen Fimo weiss, vor dem Backen mit Kreide gef\u00e4rbt, Strukturen mit allen m\u00f6glichen &hellip; <a href=\"https:\/\/fofftein.fimotic.com\/?page_id=313\">Weiterlesen <span class=\"meta-nav\">&rarr;<\/span><\/a><\/p>\n","protected":false},"author":3,"featured_media":0,"parent":299,"menu_order":0,"comment_status":"open","ping_status":"closed","template":"","meta":{"footnotes":""},"class_list":["post-313","page","type-page","status-publish","hentry"],"_links":{"self":[{"href":"https:\/\/fofftein.fimotic.com\/index.php?rest_route=\/wp\/v2\/pages\/313","targetHints":{"allow":["GET"]}}],"collection":[{"href":"https:\/\/fofftein.fimotic.com\/index.php?rest_route=\/wp\/v2\/pages"}],"about":[{"href":"https:\/\/fofftein.fimotic.com\/index.php?rest_route=\/wp\/v2\/types\/page"}],"author":[{"embeddable":true,"href":"https:\/\/fofftein.fimotic.com\/index.php?rest_route=\/wp\/v2\/users\/3"}],"replies":[{"embeddable":true,"href":"https:\/\/fofftein.fimotic.com\/index.php?rest_route=%2Fwp%2Fv2%2Fcomments&post=313"}],"version-history":[{"count":29,"href":"https:\/\/fofftein.fimotic.com\/index.php?rest_route=\/wp\/v2\/pages\/313\/revisions"}],"predecessor-version":[{"id":464,"href":"https:\/\/fofftein.fimotic.com\/index.php?rest_route=\/wp\/v2\/pages\/313\/revisions\/464"}],"up":[{"embeddable":true,"href":"https:\/\/fofftein.fimotic.com\/index.php?rest_route=\/wp\/v2\/pages\/299"}],"wp:attachment":[{"href":"https:\/\/fofftein.fimotic.com\/index.php?rest_route=%2Fwp%2Fv2%2Fmedia&parent=313"}],"curies":[{"name":"wp","href":"https:\/\/api.w.org\/{rel}","templated":true}]}}