{"id":299,"date":"2016-12-10T23:07:47","date_gmt":"2016-12-10T22:07:47","guid":{"rendered":"http:\/\/fofftein.fimotic.com\/?page_id=299"},"modified":"2018-02-16T07:20:11","modified_gmt":"2018-02-16T06:20:11","slug":"perlen","status":"publish","type":"page","link":"https:\/\/fofftein.fimotic.com\/?page_id=299","title":{"rendered":"Perlen"},"content":{"rendered":"<p>Viele meiner Fimoperlen sind sog. Systemperlen oder Gro\u00dflochperlen. Systemperlen, weil es daf\u00fcr verschiedene Sammelsysteme, also Armb\u00e4nder, gibt. Bei den meisten Systemen ist das Loch ein kleines bischen kleiner als 5mm, also liegt man mit einem 5mm Loch immer ganz gut. Meine Systemperlenleidenschaft hat nat\u00fcrlich mit einem derartigen Sammelarmband begonnen. Irgendwann habe ich mir gedacht, dass ich die doch auch selber machen kann. Es hat etwas gebraucht den Namen zu finden unter dem ich die kleinen Metallteile finden konnte. Am ehesten wird man \u00fcber Systemperlen\u00f6sen oder Systemperlenkerne f\u00fcndig. Inzwischen ist es so, dass ich Systemperlen mit den verschiedensten Fimotechniken gemacht habe, einfach weil ich es sehr spannend finde auf so kleinem Raum zu arbeiten. Inzwischen haben nicht mehr alle meine Perlen einen Metallkern, aber meistens doch ein Loch von 3-5 mm, da ich die Perlen nicht mehr nur auf Sammelarmb\u00e4nder ziehe, sondern auf verschiedenste B\u00e4nder und Kordeln. Deswegen nenne ich sie inzwischen eher Gro\u00dflochperlen, klingt zwar etwas sperrig, aber solange mir nichts anderes einf\u00e4llt muss ich damit leben.<\/p>\n<p>Neben den Systemperlen gibt es hier noch ganz normale Perlen und die verschiedensten Anh\u00e4nger und Herzen.<\/p>\n<p><img loading=\"lazy\" decoding=\"async\" class=\"alignnone size-full wp-image-549\" src=\"https:\/\/fofftein.fimotic.com\/wp-content\/uploads\/2016\/12\/20170104_171211_crop_500x500.jpg\" alt=\"\" width=\"500\" height=\"500\" srcset=\"https:\/\/fofftein.fimotic.com\/wp-content\/uploads\/2016\/12\/20170104_171211_crop_500x500.jpg 500w, https:\/\/fofftein.fimotic.com\/wp-content\/uploads\/2016\/12\/20170104_171211_crop_500x500-150x150.jpg 150w, https:\/\/fofftein.fimotic.com\/wp-content\/uploads\/2016\/12\/20170104_171211_crop_500x500-300x300.jpg 300w\" sizes=\"auto, (max-width: 500px) 100vw, 500px\" \/><\/p>\n<p>&nbsp;<\/p>\n","protected":false},"excerpt":{"rendered":"<p>Viele meiner Fimoperlen sind sog. Systemperlen oder Gro\u00dflochperlen. Systemperlen, weil es daf\u00fcr verschiedene Sammelsysteme, also Armb\u00e4nder, gibt. Bei den meisten Systemen ist das Loch ein kleines bischen kleiner als 5mm, also liegt man mit einem 5mm Loch immer ganz gut. &hellip; <a href=\"https:\/\/fofftein.fimotic.com\/?page_id=299\">Weiterlesen <span class=\"meta-nav\">&rarr;<\/span><\/a><\/p>\n","protected":false},"author":3,"featured_media":0,"parent":0,"menu_order":0,"comment_status":"closed","ping_status":"closed","template":"","meta":{"footnotes":""},"class_list":["post-299","page","type-page","status-publish","hentry"],"_links":{"self":[{"href":"https:\/\/fofftein.fimotic.com\/index.php?rest_route=\/wp\/v2\/pages\/299","targetHints":{"allow":["GET"]}}],"collection":[{"href":"https:\/\/fofftein.fimotic.com\/index.php?rest_route=\/wp\/v2\/pages"}],"about":[{"href":"https:\/\/fofftein.fimotic.com\/index.php?rest_route=\/wp\/v2\/types\/page"}],"author":[{"embeddable":true,"href":"https:\/\/fofftein.fimotic.com\/index.php?rest_route=\/wp\/v2\/users\/3"}],"replies":[{"embeddable":true,"href":"https:\/\/fofftein.fimotic.com\/index.php?rest_route=%2Fwp%2Fv2%2Fcomments&post=299"}],"version-history":[{"count":9,"href":"https:\/\/fofftein.fimotic.com\/index.php?rest_route=\/wp\/v2\/pages\/299\/revisions"}],"predecessor-version":[{"id":951,"href":"https:\/\/fofftein.fimotic.com\/index.php?rest_route=\/wp\/v2\/pages\/299\/revisions\/951"}],"wp:attachment":[{"href":"https:\/\/fofftein.fimotic.com\/index.php?rest_route=%2Fwp%2Fv2%2Fmedia&parent=299"}],"curies":[{"name":"wp","href":"https:\/\/api.w.org\/{rel}","templated":true}]}}