{"id":234,"date":"2016-11-29T16:36:43","date_gmt":"2016-11-29T15:36:43","guid":{"rendered":"http:\/\/fofftein.fimotic.com\/?page_id=234"},"modified":"2017-01-15T13:20:37","modified_gmt":"2017-01-15T12:20:37","slug":"anmerkungen-anleitungen","status":"publish","type":"page","link":"https:\/\/fofftein.fimotic.com\/?page_id=234","title":{"rendered":"Anmerkungen zu den Anleitungen"},"content":{"rendered":"<p>Neben den Anleitungen sind auch immer die Angaben auf der Fimo Verpackung zu beachten. Ausserdem ist die \u00fcbliche Sorge im Umgang mit scharfen Ger\u00e4ten (Messer, Fimo Klinge, etc.) und Backofen zu beachten. Insgesamt sollte der gesunde Menschenverstand eingeschaltet bleiben. Fimo ist laut Hersteller nicht giftig, sollte aber trotzdem nicht gegessen werden. Und alles was zum bearbeiten vom Fimo aus der K\u00fcche verschleppt wurde, bleibt beim Fimo und geht nicht in die K\u00fcche zur\u00fcck.<\/p>\n<p>Es kursieren im Netz die dollsten Ger\u00fcchte zum Thema Fimo backen. Dabei steht es deutlich auf der Verpackung drauf, bei welcher Temperatur und wie lange gebacken werden soll. Das wichtigste Utensil beim backen ist das Thermometer. Es gibt ein Backofenthermometer von Staedtler, ein bis zwei davon m\u00fcssen beim Backvorgang im Ofen stehen und beobachtet werden. Mir ist bisher noch kein Backofen begegnet, bei dem die Temperatur auf dem W\u00e4hler mit der tats\u00e4chlichen Temperatur \u00fcbereinstimmt. Ich pers\u00f6nlich arbeite mit einem Minibackofen im Keller, bei dem h\u00e4ngt die Temperatur im Innenraum von der Aussentemperatur ab. Wenn also Empfehlungen gegeben werden, man\u00a0solle Fimo\u00a0bei niedriger Temperatur backen da es sonst verbrennt, dann liegt es wahrscheinlich daran, dass der genutzte Backofen immer etwas h\u00f6here Temperaturen hat als eingestellt ist. Wenn Fimo zu kurz und bei zu niedriger Temperatur gebacken wird, dann erreicht es nicht seine m\u00f6gliche Stabilit\u00e4t. Die Teile sind br\u00fcchig.<\/p>\n","protected":false},"excerpt":{"rendered":"<p>Neben den Anleitungen sind auch immer die Angaben auf der Fimo Verpackung zu beachten. Ausserdem ist die \u00fcbliche Sorge im Umgang mit scharfen Ger\u00e4ten (Messer, Fimo Klinge, etc.) und Backofen zu beachten. Insgesamt sollte der gesunde Menschenverstand eingeschaltet bleiben. Fimo &hellip; <a href=\"https:\/\/fofftein.fimotic.com\/?page_id=234\">Weiterlesen <span class=\"meta-nav\">&rarr;<\/span><\/a><\/p>\n","protected":false},"author":3,"featured_media":0,"parent":0,"menu_order":0,"comment_status":"open","ping_status":"closed","template":"","meta":{"footnotes":""},"class_list":["post-234","page","type-page","status-publish","hentry"],"_links":{"self":[{"href":"https:\/\/fofftein.fimotic.com\/index.php?rest_route=\/wp\/v2\/pages\/234","targetHints":{"allow":["GET"]}}],"collection":[{"href":"https:\/\/fofftein.fimotic.com\/index.php?rest_route=\/wp\/v2\/pages"}],"about":[{"href":"https:\/\/fofftein.fimotic.com\/index.php?rest_route=\/wp\/v2\/types\/page"}],"author":[{"embeddable":true,"href":"https:\/\/fofftein.fimotic.com\/index.php?rest_route=\/wp\/v2\/users\/3"}],"replies":[{"embeddable":true,"href":"https:\/\/fofftein.fimotic.com\/index.php?rest_route=%2Fwp%2Fv2%2Fcomments&post=234"}],"version-history":[{"count":4,"href":"https:\/\/fofftein.fimotic.com\/index.php?rest_route=\/wp\/v2\/pages\/234\/revisions"}],"predecessor-version":[{"id":702,"href":"https:\/\/fofftein.fimotic.com\/index.php?rest_route=\/wp\/v2\/pages\/234\/revisions\/702"}],"wp:attachment":[{"href":"https:\/\/fofftein.fimotic.com\/index.php?rest_route=%2Fwp%2Fv2%2Fmedia&parent=234"}],"curies":[{"name":"wp","href":"https:\/\/api.w.org\/{rel}","templated":true}]}}