{"id":187,"date":"2016-11-24T23:07:05","date_gmt":"2016-11-24T22:07:05","guid":{"rendered":"http:\/\/fofftein.fimotic.com\/?page_id=187"},"modified":"2017-01-07T21:36:10","modified_gmt":"2017-01-07T20:36:10","slug":"unklar","status":"publish","type":"page","link":"https:\/\/fofftein.fimotic.com\/?page_id=187","title":{"rendered":"Unklar"},"content":{"rendered":"<p>Der Plan: Die Oberfl\u00e4che sollte matt-schwarz sein. In der Oberfl\u00e4che L\u00f6cher, durch die ein roter Hintergrund sichtbar ist.<\/p>\n<p>Das Ergebnis: Hat auch grunds\u00e4tzlich funktioniert, bis ich dann nach dem Backen das Rot gl\u00e4nzend haben wollte, quasi als Kontrast zur matten Oberfl\u00e4che. Also habe ich in die L\u00f6cher Fimolack getropft. Aus irgend einem Grund ist der aber leider weiss geworden. Tumana sagt, auch in Vertiefungen wird der Fimolack irgendwann klar. Hier nicht.<\/p>\n<p><img loading=\"lazy\" decoding=\"async\" class=\"alignnone size-full wp-image-188\" src=\"https:\/\/fofftein.fimotic.com\/wp-content\/uploads\/2016\/11\/20161124_213006_crop_500x500.jpg\" alt=\"20161124_213006_crop_500x500\" width=\"500\" height=\"500\" srcset=\"https:\/\/fofftein.fimotic.com\/wp-content\/uploads\/2016\/11\/20161124_213006_crop_500x500.jpg 500w, https:\/\/fofftein.fimotic.com\/wp-content\/uploads\/2016\/11\/20161124_213006_crop_500x500-150x150.jpg 150w, https:\/\/fofftein.fimotic.com\/wp-content\/uploads\/2016\/11\/20161124_213006_crop_500x500-300x300.jpg 300w\" sizes=\"auto, (max-width: 500px) 100vw, 500px\" \/><\/p>\n","protected":false},"excerpt":{"rendered":"<p>Der Plan: Die Oberfl\u00e4che sollte matt-schwarz sein. In der Oberfl\u00e4che L\u00f6cher, durch die ein roter Hintergrund sichtbar ist. Das Ergebnis: Hat auch grunds\u00e4tzlich funktioniert, bis ich dann nach dem Backen das Rot gl\u00e4nzend haben wollte, quasi als Kontrast zur matten &hellip; <a href=\"https:\/\/fofftein.fimotic.com\/?page_id=187\">Weiterlesen <span class=\"meta-nav\">&rarr;<\/span><\/a><\/p>\n","protected":false},"author":3,"featured_media":0,"parent":13,"menu_order":0,"comment_status":"open","ping_status":"closed","template":"","meta":{"footnotes":""},"class_list":["post-187","page","type-page","status-publish","hentry"],"_links":{"self":[{"href":"https:\/\/fofftein.fimotic.com\/index.php?rest_route=\/wp\/v2\/pages\/187","targetHints":{"allow":["GET"]}}],"collection":[{"href":"https:\/\/fofftein.fimotic.com\/index.php?rest_route=\/wp\/v2\/pages"}],"about":[{"href":"https:\/\/fofftein.fimotic.com\/index.php?rest_route=\/wp\/v2\/types\/page"}],"author":[{"embeddable":true,"href":"https:\/\/fofftein.fimotic.com\/index.php?rest_route=\/wp\/v2\/users\/3"}],"replies":[{"embeddable":true,"href":"https:\/\/fofftein.fimotic.com\/index.php?rest_route=%2Fwp%2Fv2%2Fcomments&post=187"}],"version-history":[{"count":2,"href":"https:\/\/fofftein.fimotic.com\/index.php?rest_route=\/wp\/v2\/pages\/187\/revisions"}],"predecessor-version":[{"id":199,"href":"https:\/\/fofftein.fimotic.com\/index.php?rest_route=\/wp\/v2\/pages\/187\/revisions\/199"}],"up":[{"embeddable":true,"href":"https:\/\/fofftein.fimotic.com\/index.php?rest_route=\/wp\/v2\/pages\/13"}],"wp:attachment":[{"href":"https:\/\/fofftein.fimotic.com\/index.php?rest_route=%2Fwp%2Fv2%2Fmedia&parent=187"}],"curies":[{"name":"wp","href":"https:\/\/api.w.org\/{rel}","templated":true}]}}