{"id":182,"date":"2016-11-24T22:46:34","date_gmt":"2016-11-24T21:46:34","guid":{"rendered":"http:\/\/fofftein.fimotic.com\/?page_id=182"},"modified":"2017-01-07T21:35:57","modified_gmt":"2017-01-07T20:35:57","slug":"der-muehlstein","status":"publish","type":"page","link":"https:\/\/fofftein.fimotic.com\/?page_id=182","title":{"rendered":"Der M\u00fchlstein"},"content":{"rendered":"<p>Der M\u00fchlstein ist zwar ganz h\u00fcbsch, aber er ist definitiv zu schwer. Der Anh\u00e4nger ist massiv und relativ gross, damit bringt er \u00fcber 30 Gramm auf die Waage. Ich kann mir den nicht um den Hals h\u00e4ngen.<\/p>\n<p><img loading=\"lazy\" decoding=\"async\" class=\"alignnone size-full wp-image-183\" src=\"https:\/\/fofftein.fimotic.com\/wp-content\/uploads\/2016\/11\/20161124_213030_crop_500x500.jpg\" alt=\"20161124_213030_crop_500x500\" width=\"500\" height=\"500\" srcset=\"https:\/\/fofftein.fimotic.com\/wp-content\/uploads\/2016\/11\/20161124_213030_crop_500x500.jpg 500w, https:\/\/fofftein.fimotic.com\/wp-content\/uploads\/2016\/11\/20161124_213030_crop_500x500-150x150.jpg 150w, https:\/\/fofftein.fimotic.com\/wp-content\/uploads\/2016\/11\/20161124_213030_crop_500x500-300x300.jpg 300w\" sizes=\"auto, (max-width: 500px) 100vw, 500px\" \/><\/p>\n<p>Es empfiehlt sich wirklich sich je nach Verwendungszweck Gedanken \u00fcber das Gewicht zu machen. Solch einen Anh\u00e4nger kann man gut hohl machen, oder einfach als gew\u00f6lbte Scheibe.<\/p>\n","protected":false},"excerpt":{"rendered":"<p>Der M\u00fchlstein ist zwar ganz h\u00fcbsch, aber er ist definitiv zu schwer. Der Anh\u00e4nger ist massiv und relativ gross, damit bringt er \u00fcber 30 Gramm auf die Waage. Ich kann mir den nicht um den Hals h\u00e4ngen. Es empfiehlt sich &hellip; <a href=\"https:\/\/fofftein.fimotic.com\/?page_id=182\">Weiterlesen <span class=\"meta-nav\">&rarr;<\/span><\/a><\/p>\n","protected":false},"author":3,"featured_media":0,"parent":13,"menu_order":0,"comment_status":"open","ping_status":"closed","template":"","meta":{"footnotes":""},"class_list":["post-182","page","type-page","status-publish","hentry"],"_links":{"self":[{"href":"https:\/\/fofftein.fimotic.com\/index.php?rest_route=\/wp\/v2\/pages\/182","targetHints":{"allow":["GET"]}}],"collection":[{"href":"https:\/\/fofftein.fimotic.com\/index.php?rest_route=\/wp\/v2\/pages"}],"about":[{"href":"https:\/\/fofftein.fimotic.com\/index.php?rest_route=\/wp\/v2\/types\/page"}],"author":[{"embeddable":true,"href":"https:\/\/fofftein.fimotic.com\/index.php?rest_route=\/wp\/v2\/users\/3"}],"replies":[{"embeddable":true,"href":"https:\/\/fofftein.fimotic.com\/index.php?rest_route=%2Fwp%2Fv2%2Fcomments&post=182"}],"version-history":[{"count":3,"href":"https:\/\/fofftein.fimotic.com\/index.php?rest_route=\/wp\/v2\/pages\/182\/revisions"}],"predecessor-version":[{"id":227,"href":"https:\/\/fofftein.fimotic.com\/index.php?rest_route=\/wp\/v2\/pages\/182\/revisions\/227"}],"up":[{"embeddable":true,"href":"https:\/\/fofftein.fimotic.com\/index.php?rest_route=\/wp\/v2\/pages\/13"}],"wp:attachment":[{"href":"https:\/\/fofftein.fimotic.com\/index.php?rest_route=%2Fwp%2Fv2%2Fmedia&parent=182"}],"curies":[{"name":"wp","href":"https:\/\/api.w.org\/{rel}","templated":true}]}}