{"id":15,"date":"2016-11-09T21:18:01","date_gmt":"2016-11-09T20:18:01","guid":{"rendered":"http:\/\/fofftein.fimotic.com\/?page_id=15"},"modified":"2017-01-14T22:49:48","modified_gmt":"2017-01-14T21:49:48","slug":"poop-perlen","status":"publish","type":"page","link":"https:\/\/fofftein.fimotic.com\/?page_id=15","title":{"rendered":"Poop-Perlen"},"content":{"rendered":"<p>&#8230; oder auch das M\u00e4rchen von der Backofenfee.<\/p>\n<p>Diese Perlen sind schon etwas \u00e4lter. Damals habe ich noch fest an die Backofenfee geglaubt. Ihr kennt die Backofenfee?<\/p>\n<p><img loading=\"lazy\" decoding=\"async\" class=\"wp-image-124 size-full alignnone\" src=\"https:\/\/fofftein.fimotic.com\/wp-content\/uploads\/2016\/11\/20161114_155857_crop_581x311-500x267.jpg\" alt=\"20161114_155857_crop_581x311-500x267\" width=\"500\" height=\"267\" srcset=\"https:\/\/fofftein.fimotic.com\/wp-content\/uploads\/2016\/11\/20161114_155857_crop_581x311-500x267.jpg 500w, https:\/\/fofftein.fimotic.com\/wp-content\/uploads\/2016\/11\/20161114_155857_crop_581x311-500x267-300x160.jpg 300w\" sizes=\"auto, (max-width: 500px) 100vw, 500px\" \/><\/p>\n<p>Als Fimoanf\u00e4nger (manchmal jetzt noch) glaubte ich, dass das Fimo im Backofen irgendeine Art der Metamorphose durchmacht und sch\u00f6ner rauskommt als ich es reingeschoben habe. Bei Keramik kennt man das, die Glasur sieht vor dem Brand nach nichts aus, nach dem Brand ist sie wundersch\u00f6n. Oder ein Raku Brand, bei dem man nicht weiss ob es klappt, aber wenn es was geworden ist, dann ist es etwas ganz besonders sch\u00f6nes.<\/p>\n<p>Also sitzt im Fimo-Backofen eine kleine Fee und macht was mit dem Fimo, damit das was man rausholt sch\u00f6n ist. Schade, meiner Fee ist es bei mir im Keller wohl zu kalt.<\/p>\n<p>Ich hatte so sch\u00f6ne schwarze Perlen mit silbernem Blattmetall gesehen, die wollte ich nachmachen. Leider hatte ich nur braunes Fimo und goldenes Blattmetall. Also eine braune Fimoplatte gekurbelt und das Blattmetall drauf, nochmal durch die Nudelmaschine gerollt und Perlen draus gemacht. Irgendwie sah es da schon so aus, als wenn mein Hund Goldpapier gefressen h\u00e4tte. Naja, nach dem Backen wird es bestimmt besser aussehen.<\/p>\n<p>N\u00f6. Nach dem Backen, immer noch Hundepoop mit Goldflitter. Also habe ich mir Alkohol-Inks geholt, denn Blattmetall und Alkohol-Inks sehen immer gut aus, habe ich irgendwo gelesen.<br \/>\nSah nicht wirklich besser aus, Hundepoop mit gr\u00fcnem Glitzer.<br \/>\nVielleicht wird es ja besser, wenn es lackiert ist, weil es dann so sch\u00f6n gl\u00e4nzt.<\/p>\n<p>Neeeiin, es sieht jetzt nur noch echter aus.<\/p>\n<p>Diese Perlen sind eine Opfergabe an die Ofenfee, vielleicht kommt sie ja eines Tages doch zu mir.<\/p>\n<p>Sp\u00e4ter habe ich es nochmal mit schwarz und Blattsilber versucht.<\/p>\n<p><img loading=\"lazy\" decoding=\"async\" class=\"alignnone size-full wp-image-131\" src=\"https:\/\/fofftein.fimotic.com\/wp-content\/uploads\/2016\/11\/IMG_20140909_160112_crop_580x253-500x218.jpg\" alt=\"img_20140909_160112_crop_580x253-500x218\" width=\"500\" height=\"218\" srcset=\"https:\/\/fofftein.fimotic.com\/wp-content\/uploads\/2016\/11\/IMG_20140909_160112_crop_580x253-500x218.jpg 500w, https:\/\/fofftein.fimotic.com\/wp-content\/uploads\/2016\/11\/IMG_20140909_160112_crop_580x253-500x218-300x131.jpg 300w\" sizes=\"auto, (max-width: 500px) 100vw, 500px\" \/><\/p>\n<p>Geht doch!<\/p>\n","protected":false},"excerpt":{"rendered":"<p>&#8230; oder auch das M\u00e4rchen von der Backofenfee. Diese Perlen sind schon etwas \u00e4lter. Damals habe ich noch fest an die Backofenfee geglaubt. Ihr kennt die Backofenfee? Als Fimoanf\u00e4nger (manchmal jetzt noch) glaubte ich, dass das Fimo im Backofen irgendeine &hellip; <a href=\"https:\/\/fofftein.fimotic.com\/?page_id=15\">Weiterlesen <span class=\"meta-nav\">&rarr;<\/span><\/a><\/p>\n","protected":false},"author":3,"featured_media":0,"parent":13,"menu_order":0,"comment_status":"open","ping_status":"closed","template":"","meta":{"footnotes":""},"class_list":["post-15","page","type-page","status-publish","hentry"],"_links":{"self":[{"href":"https:\/\/fofftein.fimotic.com\/index.php?rest_route=\/wp\/v2\/pages\/15","targetHints":{"allow":["GET"]}}],"collection":[{"href":"https:\/\/fofftein.fimotic.com\/index.php?rest_route=\/wp\/v2\/pages"}],"about":[{"href":"https:\/\/fofftein.fimotic.com\/index.php?rest_route=\/wp\/v2\/types\/page"}],"author":[{"embeddable":true,"href":"https:\/\/fofftein.fimotic.com\/index.php?rest_route=\/wp\/v2\/users\/3"}],"replies":[{"embeddable":true,"href":"https:\/\/fofftein.fimotic.com\/index.php?rest_route=%2Fwp%2Fv2%2Fcomments&post=15"}],"version-history":[{"count":17,"href":"https:\/\/fofftein.fimotic.com\/index.php?rest_route=\/wp\/v2\/pages\/15\/revisions"}],"predecessor-version":[{"id":132,"href":"https:\/\/fofftein.fimotic.com\/index.php?rest_route=\/wp\/v2\/pages\/15\/revisions\/132"}],"up":[{"embeddable":true,"href":"https:\/\/fofftein.fimotic.com\/index.php?rest_route=\/wp\/v2\/pages\/13"}],"wp:attachment":[{"href":"https:\/\/fofftein.fimotic.com\/index.php?rest_route=%2Fwp%2Fv2%2Fmedia&parent=15"}],"curies":[{"name":"wp","href":"https:\/\/api.w.org\/{rel}","templated":true}]}}