{"id":11,"date":"2016-11-09T21:17:14","date_gmt":"2016-11-09T20:17:14","guid":{"rendered":"http:\/\/fofftein.fimotic.com\/?page_id=11"},"modified":"2017-06-29T22:16:56","modified_gmt":"2017-06-29T21:16:56","slug":"kuerbisperlen","status":"publish","type":"page","link":"https:\/\/fofftein.fimotic.com\/?page_id=11","title":{"rendered":"K\u00fcrbisperlen"},"content":{"rendered":"<p>Meine K\u00fcrbisperlen sind schon etwas \u00e4lter, daher gibt es keine Bildanleitung, aber ich erkl\u00e4re mal, wie ich sie gemacht habe.<\/p>\n<div id=\"attachment_134\" style=\"width: 510px\" class=\"wp-caption alignnone\"><img loading=\"lazy\" decoding=\"async\" aria-describedby=\"caption-attachment-134\" class=\"wp-image-134 size-full\" src=\"https:\/\/fofftein.fimotic.com\/wp-content\/uploads\/2016\/11\/IMG_20140930_225338_1_crop_634x496-500x391.jpg\" alt=\"img_20140930_225338_1_crop_634x496-500x391\" width=\"500\" height=\"391\" srcset=\"https:\/\/fofftein.fimotic.com\/wp-content\/uploads\/2016\/11\/IMG_20140930_225338_1_crop_634x496-500x391.jpg 500w, https:\/\/fofftein.fimotic.com\/wp-content\/uploads\/2016\/11\/IMG_20140930_225338_1_crop_634x496-500x391-300x235.jpg 300w\" sizes=\"auto, (max-width: 500px) 100vw, 500px\" \/><p id=\"caption-attachment-134\" class=\"wp-caption-text\">K\u00fcrbisperlen<\/p><\/div>\n<p>Eine Perle aus orangenem Fimo formen, als Grosslochperle oder auch ganz normale Perle, ganz wie gew\u00fcnscht. Dann rundherum mit einer alten Kundenkarte oder etwas \u00e4hnlichem einkerben. Dann werden aus gr\u00fcnem Fimo kleine Bl\u00e4tter geformt und auf die Perle gesetzt. F\u00fcr die Ranken wird eine d\u00fcnne Schlange aus Fimo gerollt, die dann spiralig um einen Zahnstocher gewickelt wird. Diese Spirale abziehen und mit der Mitte ebenfalls auf die Perle pappen, so dass die beiden Enden herunterh\u00e4ngen. Die Spiralen habe ich dann an die Perle angedr\u00fcckt, da sie sonst leicht brechen k\u00f6nnen. Das k\u00f6nnt Ihr hier ganz gut erkennen.<\/p>\n<p><img loading=\"lazy\" decoding=\"async\" class=\"alignnone size-full wp-image-137\" src=\"https:\/\/fofftein.fimotic.com\/wp-content\/uploads\/2016\/11\/IMG_20140930_225517_1_crop_492x268-500x272.jpg\" alt=\"img_20140930_225517_1_crop_492x268-500x272\" width=\"500\" height=\"272\" srcset=\"https:\/\/fofftein.fimotic.com\/wp-content\/uploads\/2016\/11\/IMG_20140930_225517_1_crop_492x268-500x272.jpg 500w, https:\/\/fofftein.fimotic.com\/wp-content\/uploads\/2016\/11\/IMG_20140930_225517_1_crop_492x268-500x272-300x163.jpg 300w\" sizes=\"auto, (max-width: 500px) 100vw, 500px\" \/><\/p>\n<p>Und ab in den Backofen damit. Zeit und Temperatur nach Packungsbeilage. Wenn sie abgek\u00fchlt sind komplett mit einer Mischung aus schwarzer und dunkelbrauner Acrylfarbe bemalen. Und alles gleich wieder abwischen. In den Vertiefungen bleibt die Farbe stehen und auch das Orange wird dunkler. Dann nehme ich mir gern noch das Viva Decor Inka Gold und wische ganz zart mit dem Finger einen Hauch von Gold auf die R\u00e4nder der Bl\u00e4tter und die Ranken. Trocknen lassen und mit dem Fimo Lack versiegeln.<\/p>\n","protected":false},"excerpt":{"rendered":"<p>Meine K\u00fcrbisperlen sind schon etwas \u00e4lter, daher gibt es keine Bildanleitung, aber ich erkl\u00e4re mal, wie ich sie gemacht habe. Eine Perle aus orangenem Fimo formen, als Grosslochperle oder auch ganz normale Perle, ganz wie gew\u00fcnscht. Dann rundherum mit einer &hellip; <a href=\"https:\/\/fofftein.fimotic.com\/?page_id=11\">Weiterlesen <span class=\"meta-nav\">&rarr;<\/span><\/a><\/p>\n","protected":false},"author":3,"featured_media":0,"parent":299,"menu_order":0,"comment_status":"open","ping_status":"closed","template":"","meta":{"footnotes":""},"class_list":["post-11","page","type-page","status-publish","hentry"],"_links":{"self":[{"href":"https:\/\/fofftein.fimotic.com\/index.php?rest_route=\/wp\/v2\/pages\/11","targetHints":{"allow":["GET"]}}],"collection":[{"href":"https:\/\/fofftein.fimotic.com\/index.php?rest_route=\/wp\/v2\/pages"}],"about":[{"href":"https:\/\/fofftein.fimotic.com\/index.php?rest_route=\/wp\/v2\/types\/page"}],"author":[{"embeddable":true,"href":"https:\/\/fofftein.fimotic.com\/index.php?rest_route=\/wp\/v2\/users\/3"}],"replies":[{"embeddable":true,"href":"https:\/\/fofftein.fimotic.com\/index.php?rest_route=%2Fwp%2Fv2%2Fcomments&post=11"}],"version-history":[{"count":18,"href":"https:\/\/fofftein.fimotic.com\/index.php?rest_route=\/wp\/v2\/pages\/11\/revisions"}],"predecessor-version":[{"id":882,"href":"https:\/\/fofftein.fimotic.com\/index.php?rest_route=\/wp\/v2\/pages\/11\/revisions\/882"}],"up":[{"embeddable":true,"href":"https:\/\/fofftein.fimotic.com\/index.php?rest_route=\/wp\/v2\/pages\/299"}],"wp:attachment":[{"href":"https:\/\/fofftein.fimotic.com\/index.php?rest_route=%2Fwp%2Fv2%2Fmedia&parent=11"}],"curies":[{"name":"wp","href":"https:\/\/api.w.org\/{rel}","templated":true}]}}