{"id":1048,"date":"2017-11-16T14:08:08","date_gmt":"2017-11-16T13:08:08","guid":{"rendered":"http:\/\/fofftein.fimotic.com\/?page_id=1048"},"modified":"2017-11-16T14:08:08","modified_gmt":"2017-11-16T13:08:08","slug":"kawaii-augen","status":"publish","type":"page","link":"https:\/\/fofftein.fimotic.com\/?page_id=1048","title":{"rendered":"Kawaii-Augen"},"content":{"rendered":"<p>Meine zwei kleinen Schei\u00dferchen haben Augen. Diese Augen machen sie erst zu dem, was als Kawaii, also niedlich, bezeichnet wird. Um diese niedlichen, kleinen Augen auf die H\u00e4ufchen zu bekommen gibt es jetzt ein wenig Hilfe.<\/p>\n<p><img loading=\"lazy\" decoding=\"async\" class=\"alignnone size-full wp-image-1045\" src=\"https:\/\/fofftein.fimotic.com\/wp-content\/uploads\/2017\/11\/20171115_172645.jpg\" alt=\"\" width=\"500\" height=\"285\" srcset=\"https:\/\/fofftein.fimotic.com\/wp-content\/uploads\/2017\/11\/20171115_172645.jpg 500w, https:\/\/fofftein.fimotic.com\/wp-content\/uploads\/2017\/11\/20171115_172645-300x171.jpg 300w\" sizes=\"auto, (max-width: 500px) 100vw, 500px\" \/><\/p>\n<p>Man nehme: Ein H\u00e4ufchen ungebackenes Fimo (oder irgendeine niedliche Figur ohne Augen) und etwas schwarzes und wei\u00dfes Fimo.\u00a0<img loading=\"lazy\" decoding=\"async\" class=\"alignnone size-full wp-image-1049\" src=\"https:\/\/fofftein.fimotic.com\/wp-content\/uploads\/2017\/11\/20171115_121436.jpg\" alt=\"\" width=\"500\" height=\"455\" srcset=\"https:\/\/fofftein.fimotic.com\/wp-content\/uploads\/2017\/11\/20171115_121436.jpg 500w, https:\/\/fofftein.fimotic.com\/wp-content\/uploads\/2017\/11\/20171115_121436-300x273.jpg 300w\" sizes=\"auto, (max-width: 500px) 100vw, 500px\" \/><\/p>\n<p>Zum Ausstechen der Augen (\u00f6rgs, das klingt aber fies) werden noch zwei unterschiedliche kreisf\u00f6rmige Utensilien ben\u00f6tigt. Ich nehme daf\u00fcr Aderendh\u00fclsen, gibt es f\u00fcr kleines Geld, einfach mal in die Suchmaschine eingeben oder einen Elektriker fragen. Alternativ m\u00fcssten auch zwei verschieden gro\u00dfe Strohhalme gehen. Oder mal nen Kugelschreiber auseinander bauen, da sind auch Kreisausstecher drin verbaut.<img loading=\"lazy\" decoding=\"async\" class=\"alignnone size-full wp-image-1050\" src=\"https:\/\/fofftein.fimotic.com\/wp-content\/uploads\/2017\/11\/20171115_121508.jpg\" alt=\"\" width=\"500\" height=\"379\" srcset=\"https:\/\/fofftein.fimotic.com\/wp-content\/uploads\/2017\/11\/20171115_121508.jpg 500w, https:\/\/fofftein.fimotic.com\/wp-content\/uploads\/2017\/11\/20171115_121508-300x227.jpg 300w\" sizes=\"auto, (max-width: 500px) 100vw, 500px\" \/><\/p>\n<p>Zuerst wird das Schwarz unter einem St\u00fcck Frischhaltefolie ganz flach gerollt. Ich habe daf\u00fcr ein kleines Glasr\u00f6hrchen genommen, es geht aber auch eine dicke Stricknadel oder \u00e4hnliches. Ich arbeite hier auf einer Silikon-Backmatte, da klebt das Fimo nicht drauf fest.<br \/>\n<img loading=\"lazy\" decoding=\"async\" class=\"alignnone size-full wp-image-1051\" src=\"https:\/\/fofftein.fimotic.com\/wp-content\/uploads\/2017\/11\/20171115_121539.jpg\" alt=\"\" width=\"500\" height=\"277\" srcset=\"https:\/\/fofftein.fimotic.com\/wp-content\/uploads\/2017\/11\/20171115_121539.jpg 500w, https:\/\/fofftein.fimotic.com\/wp-content\/uploads\/2017\/11\/20171115_121539-300x166.jpg 300w\" sizes=\"auto, (max-width: 500px) 100vw, 500px\" \/><\/p>\n<p>Wenn es so richtig platt ist, dann steche ich mit dem kleineren Ausstecher durch die Folie zwei Kreise aus.<br \/>\n<img loading=\"lazy\" decoding=\"async\" class=\"alignnone size-full wp-image-1052\" src=\"https:\/\/fofftein.fimotic.com\/wp-content\/uploads\/2017\/11\/20171115_121601.jpg\" alt=\"\" width=\"500\" height=\"326\" srcset=\"https:\/\/fofftein.fimotic.com\/wp-content\/uploads\/2017\/11\/20171115_121601.jpg 500w, https:\/\/fofftein.fimotic.com\/wp-content\/uploads\/2017\/11\/20171115_121601-300x196.jpg 300w\" sizes=\"auto, (max-width: 500px) 100vw, 500px\" \/><\/p>\n<p>Die Kreise kommen gleich in den Abstand, den nachher die Augen auf der Figur haben sollen.<br \/>\n<img loading=\"lazy\" decoding=\"async\" class=\"alignnone size-full wp-image-1053\" src=\"https:\/\/fofftein.fimotic.com\/wp-content\/uploads\/2017\/11\/20171115_121647.jpg\" alt=\"\" width=\"500\" height=\"294\" srcset=\"https:\/\/fofftein.fimotic.com\/wp-content\/uploads\/2017\/11\/20171115_121647.jpg 500w, https:\/\/fofftein.fimotic.com\/wp-content\/uploads\/2017\/11\/20171115_121647-300x176.jpg 300w\" sizes=\"auto, (max-width: 500px) 100vw, 500px\" \/><\/p>\n<p>Die Folie mit den Augen umdrehen und das \u00fcberfl\u00fcssige Fimo entfernen, die Augen bleiben auf der Folie. Wer ordentlich ist, nimmt ein kleines\u00a0 Tuch und macht den schwarzen Schmodder, der hier noch auf der Folie ist noch schnell weg.\u00a0\u00a0<img loading=\"lazy\" decoding=\"async\" class=\"alignnone size-full wp-image-1054\" src=\"https:\/\/fofftein.fimotic.com\/wp-content\/uploads\/2017\/11\/20171115_121707.jpg\" alt=\"\" width=\"500\" height=\"495\" srcset=\"https:\/\/fofftein.fimotic.com\/wp-content\/uploads\/2017\/11\/20171115_121707.jpg 500w, https:\/\/fofftein.fimotic.com\/wp-content\/uploads\/2017\/11\/20171115_121707-150x150.jpg 150w, https:\/\/fofftein.fimotic.com\/wp-content\/uploads\/2017\/11\/20171115_121707-300x297.jpg 300w\" sizes=\"auto, (max-width: 500px) 100vw, 500px\" \/><\/p>\n<p>Mit einem zweiten St\u00fcck Folie wird das wei\u00df ausgerollt. Man k\u00f6nnte jetzt kurz einmal die Finger mit einem Tuch reinigen, dann bleibt das wei\u00df auch wei\u00df und wird nicht grau, so wie bei mir. Seufz.<br \/>\n<img loading=\"lazy\" decoding=\"async\" class=\"alignnone size-full wp-image-1055\" src=\"https:\/\/fofftein.fimotic.com\/wp-content\/uploads\/2017\/11\/20171115_121752.jpg\" alt=\"\" width=\"500\" height=\"279\" srcset=\"https:\/\/fofftein.fimotic.com\/wp-content\/uploads\/2017\/11\/20171115_121752.jpg 500w, https:\/\/fofftein.fimotic.com\/wp-content\/uploads\/2017\/11\/20171115_121752-300x167.jpg 300w\" sizes=\"auto, (max-width: 500px) 100vw, 500px\" \/><\/p>\n<p>Wieder gaaaaaanz d\u00fcnn rollen.<img loading=\"lazy\" decoding=\"async\" class=\"alignnone size-full wp-image-1056\" src=\"https:\/\/fofftein.fimotic.com\/wp-content\/uploads\/2017\/11\/20171115_121803.jpg\" alt=\"\" width=\"500\" height=\"280\" srcset=\"https:\/\/fofftein.fimotic.com\/wp-content\/uploads\/2017\/11\/20171115_121803.jpg 500w, https:\/\/fofftein.fimotic.com\/wp-content\/uploads\/2017\/11\/20171115_121803-300x168.jpg 300w\" sizes=\"auto, (max-width: 500px) 100vw, 500px\" \/><\/p>\n<p>Folie abziehen und wei\u00dfes (oder auch graues) Fimo hinlegen.<img loading=\"lazy\" decoding=\"async\" class=\"alignnone size-full wp-image-1057\" src=\"https:\/\/fofftein.fimotic.com\/wp-content\/uploads\/2017\/11\/20171115_121832.jpg\" alt=\"\" width=\"500\" height=\"364\" srcset=\"https:\/\/fofftein.fimotic.com\/wp-content\/uploads\/2017\/11\/20171115_121832.jpg 500w, https:\/\/fofftein.fimotic.com\/wp-content\/uploads\/2017\/11\/20171115_121832-300x218.jpg 300w\" sizes=\"auto, (max-width: 500px) 100vw, 500px\" \/><\/p>\n<p>Und die Schwarzen Augen mit der Folie auf dem wei\u00dfen (jaja, grauen)\u00a0 Fimo platzieren. Den schwarzen Schmodder habt Ihr ja sicherlich vorher von der Folie entfernt.\u00a0<img loading=\"lazy\" decoding=\"async\" class=\"alignnone size-full wp-image-1058\" src=\"https:\/\/fofftein.fimotic.com\/wp-content\/uploads\/2017\/11\/20171115_121847.jpg\" alt=\"\" width=\"500\" height=\"332\" srcset=\"https:\/\/fofftein.fimotic.com\/wp-content\/uploads\/2017\/11\/20171115_121847.jpg 500w, https:\/\/fofftein.fimotic.com\/wp-content\/uploads\/2017\/11\/20171115_121847-300x199.jpg 300w\" sizes=\"auto, (max-width: 500px) 100vw, 500px\" \/><\/p>\n<p>Und jetzt werden wieder durch die Folie hindurch die Augen ausgestochen.<img loading=\"lazy\" decoding=\"async\" class=\"alignnone size-full wp-image-1059\" src=\"https:\/\/fofftein.fimotic.com\/wp-content\/uploads\/2017\/11\/20171115_121852.jpg\" alt=\"\" width=\"500\" height=\"407\" srcset=\"https:\/\/fofftein.fimotic.com\/wp-content\/uploads\/2017\/11\/20171115_121852.jpg 500w, https:\/\/fofftein.fimotic.com\/wp-content\/uploads\/2017\/11\/20171115_121852-300x244.jpg 300w\" sizes=\"auto, (max-width: 500px) 100vw, 500px\" \/><\/p>\n<p>Das \u00fcbersch\u00fcssige Wei\u00df entfernen und schon kleben zwei Augen im perfekten Abstand auf der Folie.<br \/>\n<img loading=\"lazy\" decoding=\"async\" class=\"alignnone size-full wp-image-1060\" src=\"https:\/\/fofftein.fimotic.com\/wp-content\/uploads\/2017\/11\/20171115_121933.jpg\" alt=\"\" width=\"500\" height=\"348\" srcset=\"https:\/\/fofftein.fimotic.com\/wp-content\/uploads\/2017\/11\/20171115_121933.jpg 500w, https:\/\/fofftein.fimotic.com\/wp-content\/uploads\/2017\/11\/20171115_121933-300x209.jpg 300w\" sizes=\"auto, (max-width: 500px) 100vw, 500px\" \/><\/p>\n<p>Mit der Folie werden die Augen auf der Figur platziert. (Wo kommt denn jetzt der rote Kr\u00fcmmel her?)<br \/>\n<img loading=\"lazy\" decoding=\"async\" class=\"alignnone size-full wp-image-1061\" src=\"https:\/\/fofftein.fimotic.com\/wp-content\/uploads\/2017\/11\/20171115_122002.jpg\" alt=\"\" width=\"500\" height=\"429\" srcset=\"https:\/\/fofftein.fimotic.com\/wp-content\/uploads\/2017\/11\/20171115_122002.jpg 500w, https:\/\/fofftein.fimotic.com\/wp-content\/uploads\/2017\/11\/20171115_122002-300x257.jpg 300w\" sizes=\"auto, (max-width: 500px) 100vw, 500px\" \/><\/p>\n<p>Vorsichtig festdr\u00fccken.<img loading=\"lazy\" decoding=\"async\" class=\"alignnone size-full wp-image-1062\" src=\"https:\/\/fofftein.fimotic.com\/wp-content\/uploads\/2017\/11\/20171115_122135.jpg\" alt=\"\" width=\"500\" height=\"456\" srcset=\"https:\/\/fofftein.fimotic.com\/wp-content\/uploads\/2017\/11\/20171115_122135.jpg 500w, https:\/\/fofftein.fimotic.com\/wp-content\/uploads\/2017\/11\/20171115_122135-300x274.jpg 300w\" sizes=\"auto, (max-width: 500px) 100vw, 500px\" \/><\/p>\n<p>Die Kawaii-Augen haben immer auch Lichtreflexe. Daf\u00fcr ein wenig Wei\u00df zu einer d\u00fcnnen Rolle rollen. Und ein winziges Mini-St\u00fcck vom Ende abschneiden.\u00a0<img loading=\"lazy\" decoding=\"async\" class=\"alignnone size-full wp-image-1063\" src=\"https:\/\/fofftein.fimotic.com\/wp-content\/uploads\/2017\/11\/20171115_122210.jpg\" alt=\"\" width=\"500\" height=\"335\" srcset=\"https:\/\/fofftein.fimotic.com\/wp-content\/uploads\/2017\/11\/20171115_122210.jpg 500w, https:\/\/fofftein.fimotic.com\/wp-content\/uploads\/2017\/11\/20171115_122210-300x201.jpg 300w\" sizes=\"auto, (max-width: 500px) 100vw, 500px\" \/><\/p>\n<p>Ich nehme das Ende, weil das eine kleine Spitze bildet.<img loading=\"lazy\" decoding=\"async\" class=\"alignnone size-full wp-image-1064\" src=\"https:\/\/fofftein.fimotic.com\/wp-content\/uploads\/2017\/11\/20171115_122236.jpg\" alt=\"\" width=\"500\" height=\"370\" srcset=\"https:\/\/fofftein.fimotic.com\/wp-content\/uploads\/2017\/11\/20171115_122236.jpg 500w, https:\/\/fofftein.fimotic.com\/wp-content\/uploads\/2017\/11\/20171115_122236-300x222.jpg 300w\" sizes=\"auto, (max-width: 500px) 100vw, 500px\" \/><\/p>\n<p>Diese Spitze wird dann schr\u00e4g von oben kommen ins Auge gesetzt.<img loading=\"lazy\" decoding=\"async\" class=\"alignnone size-full wp-image-1065\" src=\"https:\/\/fofftein.fimotic.com\/wp-content\/uploads\/2017\/11\/20171115_122256.jpg\" alt=\"\" width=\"500\" height=\"358\" srcset=\"https:\/\/fofftein.fimotic.com\/wp-content\/uploads\/2017\/11\/20171115_122256.jpg 500w, https:\/\/fofftein.fimotic.com\/wp-content\/uploads\/2017\/11\/20171115_122256-300x215.jpg 300w\" sizes=\"auto, (max-width: 500px) 100vw, 500px\" \/><\/p>\n<p>Die andere Spitze kommt aufs andere Auge, m\u00f6glichst im gleichen Winkel.<img loading=\"lazy\" decoding=\"async\" class=\"alignnone size-full wp-image-1066\" src=\"https:\/\/fofftein.fimotic.com\/wp-content\/uploads\/2017\/11\/20171115_122402.jpg\" alt=\"\" width=\"500\" height=\"351\" srcset=\"https:\/\/fofftein.fimotic.com\/wp-content\/uploads\/2017\/11\/20171115_122402.jpg 500w, https:\/\/fofftein.fimotic.com\/wp-content\/uploads\/2017\/11\/20171115_122402-300x211.jpg 300w\" sizes=\"auto, (max-width: 500px) 100vw, 500px\" \/><\/p>\n<p>Und ab damit in den Backofen.<\/p>\n<p>Meine zwei Kleinen habe ich komplett lackiert, muss man nicht unbedingt, sieht hier aber authentischer aus. Wenn ich Figuren nicht lackiere, dann w\u00fcrde ich auf die Augen aber trotzdem einen Glanzlack auftragen, sieht dann einfach noch ein wenig netter aus.<img loading=\"lazy\" decoding=\"async\" class=\"alignnone size-full wp-image-1045\" src=\"https:\/\/fofftein.fimotic.com\/wp-content\/uploads\/2017\/11\/20171115_172645.jpg\" alt=\"\" width=\"500\" height=\"285\" srcset=\"https:\/\/fofftein.fimotic.com\/wp-content\/uploads\/2017\/11\/20171115_172645.jpg 500w, https:\/\/fofftein.fimotic.com\/wp-content\/uploads\/2017\/11\/20171115_172645-300x171.jpg 300w\" sizes=\"auto, (max-width: 500px) 100vw, 500px\" \/><\/p>\n","protected":false},"excerpt":{"rendered":"<p>Meine zwei kleinen Schei\u00dferchen haben Augen. Diese Augen machen sie erst zu dem, was als Kawaii, also niedlich, bezeichnet wird. Um diese niedlichen, kleinen Augen auf die H\u00e4ufchen zu bekommen gibt es jetzt ein wenig Hilfe. Man nehme: Ein H\u00e4ufchen &hellip; <a href=\"https:\/\/fofftein.fimotic.com\/?page_id=1048\">Weiterlesen <span class=\"meta-nav\">&rarr;<\/span><\/a><\/p>\n","protected":false},"author":3,"featured_media":0,"parent":46,"menu_order":0,"comment_status":"closed","ping_status":"closed","template":"","meta":{"footnotes":""},"class_list":["post-1048","page","type-page","status-publish","hentry"],"_links":{"self":[{"href":"https:\/\/fofftein.fimotic.com\/index.php?rest_route=\/wp\/v2\/pages\/1048","targetHints":{"allow":["GET"]}}],"collection":[{"href":"https:\/\/fofftein.fimotic.com\/index.php?rest_route=\/wp\/v2\/pages"}],"about":[{"href":"https:\/\/fofftein.fimotic.com\/index.php?rest_route=\/wp\/v2\/types\/page"}],"author":[{"embeddable":true,"href":"https:\/\/fofftein.fimotic.com\/index.php?rest_route=\/wp\/v2\/users\/3"}],"replies":[{"embeddable":true,"href":"https:\/\/fofftein.fimotic.com\/index.php?rest_route=%2Fwp%2Fv2%2Fcomments&post=1048"}],"version-history":[{"count":1,"href":"https:\/\/fofftein.fimotic.com\/index.php?rest_route=\/wp\/v2\/pages\/1048\/revisions"}],"predecessor-version":[{"id":1067,"href":"https:\/\/fofftein.fimotic.com\/index.php?rest_route=\/wp\/v2\/pages\/1048\/revisions\/1067"}],"up":[{"embeddable":true,"href":"https:\/\/fofftein.fimotic.com\/index.php?rest_route=\/wp\/v2\/pages\/46"}],"wp:attachment":[{"href":"https:\/\/fofftein.fimotic.com\/index.php?rest_route=%2Fwp%2Fv2%2Fmedia&parent=1048"}],"curies":[{"name":"wp","href":"https:\/\/api.w.org\/{rel}","templated":true}]}}