{"id":1013,"date":"2017-10-14T23:32:38","date_gmt":"2017-10-14T22:32:38","guid":{"rendered":"http:\/\/fofftein.fimotic.com\/?page_id=1013"},"modified":"2017-10-14T23:32:38","modified_gmt":"2017-10-14T22:32:38","slug":"sinkende-weichmacher","status":"publish","type":"page","link":"https:\/\/fofftein.fimotic.com\/?page_id=1013","title":{"rendered":"Sinkende Weichmacher"},"content":{"rendered":"<p>Als Begr\u00fcndung daf\u00fcr, da\u00df Fimo nach l\u00e4ngerer Lagerung fester wird und anf\u00e4nglich schwerer zu konditionieren ist, werden immer gern die nach unten sinkenden Weichmacher genannt. W\u00e4re es tats\u00e4chlich so, dann w\u00e4re es wichtig, da\u00df die Fimo P\u00e4ckchen im Laden regelm\u00e4\u00dfig gedreht werden. Die P\u00e4ckchen stehen aber immer richtig herum. Au\u00dferdem w\u00e4ren auch die Fimo Verkaufsregale v\u00f6llig falsch gebaut, denn die P\u00e4ckchen stehen ja darin, bei sinkenden Bestandteilen w\u00e4re eine liegende Lagerung wesentlich sinnvoller. Um einfach sicher zu gehen, da\u00df nicht doch irgendwelche Komponenten im Fimo ihre Position wechseln habe ich ein Paket Fimo genommen, welches schon Ewigkeiten, genauer gesagt mehrere Jahre unber\u00fchrt herum liegt. Es wurde definitiv nicht gedreht.<\/p>\n<p><img loading=\"lazy\" decoding=\"async\" class=\"alignnone size-full wp-image-1014\" src=\"https:\/\/fofftein.fimotic.com\/wp-content\/uploads\/2017\/10\/20171014_235150-500x479.jpg\" alt=\"\" width=\"500\" height=\"479\" srcset=\"https:\/\/fofftein.fimotic.com\/wp-content\/uploads\/2017\/10\/20171014_235150-500x479.jpg 500w, https:\/\/fofftein.fimotic.com\/wp-content\/uploads\/2017\/10\/20171014_235150-500x479-300x287.jpg 300w\" sizes=\"auto, (max-width: 500px) 100vw, 500px\" \/><\/p>\n<p>Das ist noch Fimo classic, also wirklich nicht mehr ganz frisch. Davon habe ich dann zwei Scheiben abgeschnitten. Jeweils durch den ganzen Block hindurch. In der Annahme, da\u00df sich das untere Segment, wegen der vielen Weichmacher, ganz anders als das obere verhalten m\u00fcsste.<\/p>\n<p><img loading=\"lazy\" decoding=\"async\" class=\"alignnone size-full wp-image-1015\" src=\"https:\/\/fofftein.fimotic.com\/wp-content\/uploads\/2017\/10\/20171014_235207-500x273.jpg\" alt=\"\" width=\"500\" height=\"273\" srcset=\"https:\/\/fofftein.fimotic.com\/wp-content\/uploads\/2017\/10\/20171014_235207-500x273.jpg 500w, https:\/\/fofftein.fimotic.com\/wp-content\/uploads\/2017\/10\/20171014_235207-500x273-300x164.jpg 300w\" sizes=\"auto, (max-width: 500px) 100vw, 500px\" \/><\/p>\n<p>Die Segmente habe ich getrennt und jeweils ein oberes und ein unteres konditioniert. Ich habe beide Scheibchen immer gleichzeitig durch die Nudelmaschine geschickt, damit auch wirklich beide gleich konditioniert sind. Schon beim konditionieren war kein Unterschied feststellbar.<\/p>\n<p><img loading=\"lazy\" decoding=\"async\" class=\"alignnone size-full wp-image-1016\" src=\"https:\/\/fofftein.fimotic.com\/wp-content\/uploads\/2017\/10\/20171014_235223-500x634.jpg\" alt=\"\" width=\"500\" height=\"634\" srcset=\"https:\/\/fofftein.fimotic.com\/wp-content\/uploads\/2017\/10\/20171014_235223-500x634.jpg 500w, https:\/\/fofftein.fimotic.com\/wp-content\/uploads\/2017\/10\/20171014_235223-500x634-237x300.jpg 237w\" sizes=\"auto, (max-width: 500px) 100vw, 500px\" \/><\/p>\n<p>Zwei Scheibchen blieben unkonditioniert. Alle vier gingen gemeinsam in den Backofen und wurden 1 Stunde bei 130 Grad gebacken.<\/p>\n<p><img loading=\"lazy\" decoding=\"async\" class=\"alignnone size-full wp-image-1017\" src=\"https:\/\/fofftein.fimotic.com\/wp-content\/uploads\/2017\/10\/20171014_235239-500x482.jpg\" alt=\"\" width=\"500\" height=\"482\" srcset=\"https:\/\/fofftein.fimotic.com\/wp-content\/uploads\/2017\/10\/20171014_235239-500x482.jpg 500w, https:\/\/fofftein.fimotic.com\/wp-content\/uploads\/2017\/10\/20171014_235239-500x482-300x289.jpg 300w\" sizes=\"auto, (max-width: 500px) 100vw, 500px\" \/><\/p>\n<p>Und dann habe ich sie gebogen. Erwartunsgem\u00e4\u00df sind die unkonditionierten Scheibchen an der Knickstelle gerissen, aber beide gleich.<\/p>\n<p><img loading=\"lazy\" decoding=\"async\" class=\"alignnone size-full wp-image-1018\" src=\"https:\/\/fofftein.fimotic.com\/wp-content\/uploads\/2017\/10\/20171014_235259-500x644.jpg\" alt=\"\" width=\"500\" height=\"644\" srcset=\"https:\/\/fofftein.fimotic.com\/wp-content\/uploads\/2017\/10\/20171014_235259-500x644.jpg 500w, https:\/\/fofftein.fimotic.com\/wp-content\/uploads\/2017\/10\/20171014_235259-500x644-233x300.jpg 233w\" sizes=\"auto, (max-width: 500px) 100vw, 500px\" \/><\/p>\n<p>Die konditionierten Teile sind beide nicht gerissen.<\/p>\n<p>Einmal das obere Scheibchen.<\/p>\n<p><img loading=\"lazy\" decoding=\"async\" class=\"alignnone size-full wp-image-1019\" src=\"https:\/\/fofftein.fimotic.com\/wp-content\/uploads\/2017\/10\/20171014_235404-500x385.jpg\" alt=\"\" width=\"500\" height=\"385\" srcset=\"https:\/\/fofftein.fimotic.com\/wp-content\/uploads\/2017\/10\/20171014_235404-500x385.jpg 500w, https:\/\/fofftein.fimotic.com\/wp-content\/uploads\/2017\/10\/20171014_235404-500x385-300x231.jpg 300w\" sizes=\"auto, (max-width: 500px) 100vw, 500px\" \/><\/p>\n<p>Und das untere.<\/p>\n<p><img loading=\"lazy\" decoding=\"async\" class=\"alignnone size-full wp-image-1020\" src=\"https:\/\/fofftein.fimotic.com\/wp-content\/uploads\/2017\/10\/20171014_235419-500x301.jpg\" alt=\"\" width=\"500\" height=\"301\" srcset=\"https:\/\/fofftein.fimotic.com\/wp-content\/uploads\/2017\/10\/20171014_235419-500x301.jpg 500w, https:\/\/fofftein.fimotic.com\/wp-content\/uploads\/2017\/10\/20171014_235419-500x301-300x181.jpg 300w\" sizes=\"auto, (max-width: 500px) 100vw, 500px\" \/><\/p>\n<p>Beide Scheibchen sind auch im Langzeittest gleich belastbar.<\/p>\n<p><img loading=\"lazy\" decoding=\"async\" class=\"alignnone size-full wp-image-1022\" src=\"https:\/\/fofftein.fimotic.com\/wp-content\/uploads\/2017\/10\/20171015_002145-500x574.jpg\" alt=\"\" width=\"500\" height=\"574\" srcset=\"https:\/\/fofftein.fimotic.com\/wp-content\/uploads\/2017\/10\/20171015_002145-500x574.jpg 500w, https:\/\/fofftein.fimotic.com\/wp-content\/uploads\/2017\/10\/20171015_002145-500x574-261x300.jpg 261w\" sizes=\"auto, (max-width: 500px) 100vw, 500px\" \/><\/p>\n<p>Fimo ist thixotrop. Die Thixotropie kennt man vom Ketchup, der fest in der Flasche sitzt, bis man ihn kr\u00e4ftig sch\u00fcttelt, erst dann kommt er aus der Flasche raus. Es m\u00fcssen also die Bestandteile des Fimos bewegt werden, dadurch wird es weich.<\/p>\n","protected":false},"excerpt":{"rendered":"<p>Als Begr\u00fcndung daf\u00fcr, da\u00df Fimo nach l\u00e4ngerer Lagerung fester wird und anf\u00e4nglich schwerer zu konditionieren ist, werden immer gern die nach unten sinkenden Weichmacher genannt. W\u00e4re es tats\u00e4chlich so, dann w\u00e4re es wichtig, da\u00df die Fimo P\u00e4ckchen im Laden regelm\u00e4\u00dfig &hellip; <a href=\"https:\/\/fofftein.fimotic.com\/?page_id=1013\">Weiterlesen <span class=\"meta-nav\">&rarr;<\/span><\/a><\/p>\n","protected":false},"author":3,"featured_media":0,"parent":0,"menu_order":0,"comment_status":"closed","ping_status":"closed","template":"","meta":{"footnotes":""},"class_list":["post-1013","page","type-page","status-publish","hentry"],"_links":{"self":[{"href":"https:\/\/fofftein.fimotic.com\/index.php?rest_route=\/wp\/v2\/pages\/1013","targetHints":{"allow":["GET"]}}],"collection":[{"href":"https:\/\/fofftein.fimotic.com\/index.php?rest_route=\/wp\/v2\/pages"}],"about":[{"href":"https:\/\/fofftein.fimotic.com\/index.php?rest_route=\/wp\/v2\/types\/page"}],"author":[{"embeddable":true,"href":"https:\/\/fofftein.fimotic.com\/index.php?rest_route=\/wp\/v2\/users\/3"}],"replies":[{"embeddable":true,"href":"https:\/\/fofftein.fimotic.com\/index.php?rest_route=%2Fwp%2Fv2%2Fcomments&post=1013"}],"version-history":[{"count":3,"href":"https:\/\/fofftein.fimotic.com\/index.php?rest_route=\/wp\/v2\/pages\/1013\/revisions"}],"predecessor-version":[{"id":1024,"href":"https:\/\/fofftein.fimotic.com\/index.php?rest_route=\/wp\/v2\/pages\/1013\/revisions\/1024"}],"wp:attachment":[{"href":"https:\/\/fofftein.fimotic.com\/index.php?rest_route=%2Fwp%2Fv2%2Fmedia&parent=1013"}],"curies":[{"name":"wp","href":"https:\/\/api.w.org\/{rel}","templated":true}]}}